{"id":9144,"date":"2023-06-29T10:16:59","date_gmt":"2023-06-29T08:16:59","guid":{"rendered":"https:\/\/perlacarcosmetics.com\/?post_type=product&#038;p=9144"},"modified":"2026-05-14T20:35:20","modified_gmt":"2026-05-14T18:35:20","slug":"leather-c","status":"publish","type":"product","link":"https:\/\/perlacarcosmetics.com\/hr\/shop\/leather-c\/","title":{"rendered":"Leather Cleaner"},"content":{"rendered":"<p>LEATHER CLEANER \u2013 PERLA Autokozmetika<\/p>\n<p>Po\u0161tujte ko\u017eu u svom automobilu sredstvom za \u010di\u0161\u0107enje ko\u017ee iz linije PERLA autokozmetike.<\/p>\n<p>Ko\u017ene povr\u0161ine \u010desto su podlo\u017ene prljav\u0161tini i mrljama, koje mogu nastati od jela u automobilu, prljavih ruku ili odje\u0107e, kao i od redovite uporabe i znojenja. Unato\u010d prividnoj \u010disto\u0107i, s na\u0161im proizvodom Leather Cleaner mo\u017eete o\u010distiti ko\u017ene dijelove u svom automobilu do dublje, beskrajne \u010disto\u0107e. Pozivamo vas da isprobate razliku - dio povr\u0161ine podijelite na dva dijela, jedan dio o\u010distite na\u0161im sredstvom za \u010di\u0161\u0107enje, a drugi dio ostavite nepromijenjen. Razlika u \u010disto\u0107i bit \u0107e neo\u010dekivano iznena\u0111uju\u0107a!<\/p>\n<p>Jednostavan je za kori\u0161tenje - raspr\u0161ite sredstvo za \u010di\u0161\u0107enje ko\u017ee izravno na mrlju ili dio povr\u0161ine ko\u017ee i trljajte krpom kru\u017enim pokretima. Za bolji u\u010dinak mo\u017eete ponoviti postupak. U\u017eivajte u obnovljenoj svje\u017eini i \u010disto\u0107i ko\u017ee u va\u0161em vozilu!<\/p>\n<p><strong>Va\u017eno upozorenje: Nikada nemojte koristiti proizvod na vru\u0107oj povr\u0161ini ili na izravnoj sun\u010devoj svjetlosti.<\/strong><\/p>\n<p>LEATHER CLEANER \u2013 PERLA Autokozmetika. Za istinsku \u010disto\u0107u i o\u010duvanje ljepote ko\u017enih povr\u0161ina u va\u0161em automobilu.<\/p>\n<p>Kliknite za poveznicu na sigurnosno-tehni\u010dki list za ovaj proizvod <a href=\"https:\/\/my.chemius.net\/p\/O8znIy\/sl\/gh\/sl\">OVDJE<\/a>.<\/p>\n<p>&nbsp;<\/p>\n\t\n \n<!-- 3D Model html -->\n<div class=\"bp_grand wrapper_9669\">   \n<div class=\"bp_model_parent\">\n<model-viewer class=\"model\" id=\"bp_model_id_9669\" src=\"https:\/\/perlacarcosmetics.com\/wp-content\/uploads\/2023\/07\/3D-Leather-Cleaner.glb\" alt=\"3D-Leather-Cleaner\" camera-controls disable-zoom loading=\"auto\" auto-rotate>\n<\/model-viewer>\n\n    <!-- Button -->\n    <svg id=\"openBtn\" width=\"24px\" height=\"24px\" viewbox=\"0 0 16 16\" xmlns=\"http:\/\/www.w3.org\/2000\/svg\" fill=\"#f2f2f2\" class=\"bi bi-arrows-fullscreen model-icon\">\n        <path fill-rule=\"evenodd\" d=\"M5.828 10.172a.5.5 0 0 0-.707 0l-4.096 4.096V11.5a.5.5 0 0 0-1 0v3.975a.5.5 0 0 0 .5.5H4.5a.5.5 0 0 0 0-1H1.732l4.096-4.096a.5.5 0 0 0 0-.707zm4.344 0a.5.5 0 0 1 .707 0l4.096 4.096V11.5a.5.5 0 1 1 1 0v3.975a.5.5 0 0 1-.5.5H11.5a.5.5 0 0 1 0-1h2.768l-4.096-4.096a.5.5 0 0 1 0-.707zm0-4.344a.5.5 0 0 0 .707 0l4.096-4.096V4.5a.5.5 0 1 0 1 0V.525a.5.5 0 0 0-.5-.5H11.5a.5.5 0 0 0 0 1h2.768l-4.096 4.096a.5.5 0 0 0 0 .707zm-4.344 0a.5.5 0 0 1-.707 0L1.025 1.732V4.5a.5.5 0 0 1-1 0V.525a.5.5 0 0 1 .5-.5H4.5a.5.5 0 0 1 0 1H1.732l4.096 4.096a.5.5 0 0 1 0 .707z\"\/>\n    <\/svg>\n\n    <svg id=\"closeBtn\" class=\"model-icon\" width=\"34px\" height=\"34px\" viewbox=\"0 0 24 24\" xmlns=\"http:\/\/www.w3.org\/2000\/svg\">\n    <path fill=\"none\" stroke=\"#f2f2f2\" stroke-width=\"2\" d=\"M7,7 L17,17 M7,17 L17,7\"\/>\n    <\/svg>\n    <!-- .\/Button -->\n\n<\/div>\n<\/div> \n<!-- Model Viewer Style -->\n<style>\n\n.wrapper_9669 .bp_model_parent, #bp_model_id_9669 {\n    width: 100%;\n    max-width: 100%;\n        margin: auto}\n#bp_model_id_9669 {\n    height:680px;\n    background-color: rgba(0,0,0,0);\n}\n.fullscreen #bp_model_id_9669{\n  height: 100%;\n  width: 100%;\n}\n.wrapper_9669 .bp_model_parent{\n    justify-content: center}\nmodel-viewer.model {\n    --poster-color: transparent;\n}\n<\/style>","protected":false},"excerpt":{"rendered":"<p>Sredstvo za \u010di\u0161\u0107enje ko\u017enih povr\u0161ina<\/p>","protected":false},"featured_media":9764,"template":"","meta":{"iawp_total_views":541},"product_brand":[],"product_cat":[56],"product_tag":[],"class_list":{"0":"post-9144","1":"product","2":"type-product","3":"status-publish","4":"has-post-thumbnail","6":"product_cat-notranjost","8":"first","9":"instock","10":"sale","11":"taxable","12":"shipping-taxable","13":"purchasable","14":"product-type-simple"},"yoast_head":"<!-- This site is optimized with the Yoast SEO Premium plugin v20.5 (Yoast SEO v20.5) - https:\/\/yoast.com\/wordpress\/plugins\/seo\/ -->\n<title>\u010cistilo za usnje - Leather Cleaner - PERLA Car Cosmetics<\/title>\n<meta name=\"description\" content=\"Spo\u0161tujte usnje v va\u0161em avtomobilu z LEATHER CLEANER iz linije PERLA Car Cosmetics. O\u010distite usnjene povr\u0161ine do popolne \u010distote in ob\u010dudujte njihovo obnovljeno sve\u017eino. Preizkusite razliko danes!\" \/>\n<meta name=\"robots\" content=\"index, follow, max-snippet:-1, max-image-preview:large, max-video-preview:-1\" \/>\n<link rel=\"canonical\" href=\"https:\/\/perlacarcosmetics.com\/hr\/shop\/leather-c\/\" \/>\n<meta property=\"og:locale\" content=\"hr_HR\" \/>\n<meta property=\"og:type\" content=\"article\" \/>\n<meta property=\"og:title\" content=\"Leather Cleaner - PERLA Car Cosmetics\" \/>\n<meta property=\"og:description\" content=\"Spo\u0161tujte usnje v va\u0161em avtomobilu z LEATHER CLEANER iz linije PERLA Car Cosmetics. O\u010distite usnjene povr\u0161ine do popolne \u010distote in ob\u010dudujte njihovo obnovljeno sve\u017eino. Preizkusite razliko danes!\" \/>\n<meta property=\"og:url\" content=\"https:\/\/perlacarcosmetics.com\/hr\/shop\/leather-c\/\" \/>\n<meta property=\"og:site_name\" content=\"PERLA Car Cosmetics\" \/>\n<meta property=\"article:publisher\" content=\"https:\/\/www.facebook.com\/perla.car.cosmetics\" \/>\n<meta property=\"article:modified_time\" content=\"2026-05-14T18:35:20+00:00\" \/>\n<meta property=\"og:image\" content=\"https:\/\/perlacarcosmetics.com\/wp-content\/uploads\/2023\/07\/p.leather-c.webp\" \/>\n\t<meta property=\"og:image:width\" content=\"1080\" \/>\n\t<meta property=\"og:image:height\" content=\"1080\" \/>\n\t<meta property=\"og:image:type\" content=\"image\/webp\" \/>\n<meta name=\"twitter:card\" content=\"summary_large_image\" \/>\n<meta name=\"twitter:title\" content=\"Leather Cleaner\" \/>\n<meta name=\"twitter:label1\" content=\"Procijenjeno vrijeme \u010ditanja\" \/>\n\t<meta name=\"twitter:data1\" content=\"1 minuta\" \/>\n<script type=\"application\/ld+json\" class=\"yoast-schema-graph\">{\"@context\":\"https:\/\/schema.org\",\"@graph\":[{\"@type\":\"WebPage\",\"@id\":\"https:\/\/perlacarcosmetics.com\/shop\/leather-c\/\",\"url\":\"https:\/\/perlacarcosmetics.com\/shop\/leather-c\/\",\"name\":\"\u010cistilo za usnje - Leather Cleaner - PERLA Car Cosmetics\",\"isPartOf\":{\"@id\":\"https:\/\/perlacarcosmetics.com\/#website\"},\"datePublished\":\"2023-06-29T08:16:59+00:00\",\"dateModified\":\"2026-05-14T18:35:20+00:00\",\"description\":\"Spo\u0161tujte usnje v va\u0161em avtomobilu z LEATHER CLEANER iz linije PERLA Car Cosmetics. O\u010distite usnjene povr\u0161ine do popolne \u010distote in ob\u010dudujte njihovo obnovljeno sve\u017eino. Preizkusite razliko danes!\",\"breadcrumb\":{\"@id\":\"https:\/\/perlacarcosmetics.com\/shop\/leather-c\/#breadcrumb\"},\"inLanguage\":\"hr\",\"potentialAction\":[{\"@type\":\"ReadAction\",\"target\":[\"https:\/\/perlacarcosmetics.com\/shop\/leather-c\/\"]}]},{\"@type\":\"BreadcrumbList\",\"@id\":\"https:\/\/perlacarcosmetics.com\/shop\/leather-c\/#breadcrumb\",\"itemListElement\":[{\"@type\":\"ListItem\",\"position\":1,\"name\":\"Home\",\"item\":\"https:\/\/perlacarcosmetics.com\/\"},{\"@type\":\"ListItem\",\"position\":2,\"name\":\"Shop\",\"item\":\"https:\/\/perlacarcosmetics.com\/shop\/\"},{\"@type\":\"ListItem\",\"position\":3,\"name\":\"Leather Cleaner\"}]},{\"@type\":\"WebSite\",\"@id\":\"https:\/\/perlacarcosmetics.com\/#website\",\"url\":\"https:\/\/perlacarcosmetics.com\/\",\"name\":\"PERLA Car Cosmetics\",\"description\":\"Like Your Car, Like Your Life\",\"publisher\":{\"@id\":\"https:\/\/perlacarcosmetics.com\/#organization\"},\"potentialAction\":[{\"@type\":\"SearchAction\",\"target\":{\"@type\":\"EntryPoint\",\"urlTemplate\":\"https:\/\/perlacarcosmetics.com\/?s={search_term_string}\"},\"query-input\":\"required name=search_term_string\"}],\"inLanguage\":\"hr\"},{\"@type\":\"Organization\",\"@id\":\"https:\/\/perlacarcosmetics.com\/#organization\",\"name\":\"PERLA Car Cosmetics\",\"url\":\"https:\/\/perlacarcosmetics.com\/\",\"logo\":{\"@type\":\"ImageObject\",\"inLanguage\":\"hr\",\"@id\":\"https:\/\/perlacarcosmetics.com\/#\/schema\/logo\/image\/\",\"url\":\"https:\/\/perlacarcosmetics.com\/wp-content\/uploads\/2023\/07\/Perla-logo.jpg\",\"contentUrl\":\"https:\/\/perlacarcosmetics.com\/wp-content\/uploads\/2023\/07\/Perla-logo.jpg\",\"width\":1500,\"height\":1500,\"caption\":\"PERLA Car Cosmetics\"},\"image\":{\"@id\":\"https:\/\/perlacarcosmetics.com\/#\/schema\/logo\/image\/\"},\"sameAs\":[\"https:\/\/www.facebook.com\/perla.car.cosmetics\",\"https:\/\/www.tiktok.com\/@perla.car.cosmetics\",\"https:\/\/www.instagram.com\/perla.car.cosmetics\"]}]}<\/script>\n<!-- \/ Yoast SEO Premium plugin. -->","yoast_head_json":{"title":"\u010cistilo za usnje - Leather Cleaner - PERLA Car Cosmetics","description":"Spo\u0161tujte usnje v va\u0161em avtomobilu z LEATHER CLEANER iz linije PERLA Car Cosmetics. O\u010distite usnjene povr\u0161ine do popolne \u010distote in ob\u010dudujte njihovo obnovljeno sve\u017eino. Preizkusite razliko danes!","robots":{"index":"index","follow":"follow","max-snippet":"max-snippet:-1","max-image-preview":"max-image-preview:large","max-video-preview":"max-video-preview:-1"},"canonical":"https:\/\/perlacarcosmetics.com\/hr\/shop\/leather-c\/","og_locale":"hr_HR","og_type":"article","og_title":"Leather Cleaner - PERLA Car Cosmetics","og_description":"Spo\u0161tujte usnje v va\u0161em avtomobilu z LEATHER CLEANER iz linije PERLA Car Cosmetics. O\u010distite usnjene povr\u0161ine do popolne \u010distote in ob\u010dudujte njihovo obnovljeno sve\u017eino. Preizkusite razliko danes!","og_url":"https:\/\/perlacarcosmetics.com\/hr\/shop\/leather-c\/","og_site_name":"PERLA Car Cosmetics","article_publisher":"https:\/\/www.facebook.com\/perla.car.cosmetics","article_modified_time":"2026-05-14T18:35:20+00:00","og_image":[{"width":1080,"height":1080,"url":"https:\/\/perlacarcosmetics.com\/wp-content\/uploads\/2023\/07\/p.leather-c.webp","type":"image\/webp"}],"twitter_card":"summary_large_image","twitter_title":"Leather Cleaner","twitter_misc":{"Procijenjeno vrijeme \u010ditanja":"1 minuta"},"schema":{"@context":"https:\/\/schema.org","@graph":[{"@type":"WebPage","@id":"https:\/\/perlacarcosmetics.com\/shop\/leather-c\/","url":"https:\/\/perlacarcosmetics.com\/shop\/leather-c\/","name":"\u010cistilo za usnje - Leather Cleaner - PERLA Car Cosmetics","isPartOf":{"@id":"https:\/\/perlacarcosmetics.com\/#website"},"datePublished":"2023-06-29T08:16:59+00:00","dateModified":"2026-05-14T18:35:20+00:00","description":"Spo\u0161tujte usnje v va\u0161em avtomobilu z LEATHER CLEANER iz linije PERLA Car Cosmetics. O\u010distite usnjene povr\u0161ine do popolne \u010distote in ob\u010dudujte njihovo obnovljeno sve\u017eino. Preizkusite razliko danes!","breadcrumb":{"@id":"https:\/\/perlacarcosmetics.com\/shop\/leather-c\/#breadcrumb"},"inLanguage":"hr","potentialAction":[{"@type":"ReadAction","target":["https:\/\/perlacarcosmetics.com\/shop\/leather-c\/"]}]},{"@type":"BreadcrumbList","@id":"https:\/\/perlacarcosmetics.com\/shop\/leather-c\/#breadcrumb","itemListElement":[{"@type":"ListItem","position":1,"name":"Home","item":"https:\/\/perlacarcosmetics.com\/"},{"@type":"ListItem","position":2,"name":"Shop","item":"https:\/\/perlacarcosmetics.com\/shop\/"},{"@type":"ListItem","position":3,"name":"Leather Cleaner"}]},{"@type":"WebSite","@id":"https:\/\/perlacarcosmetics.com\/#website","url":"https:\/\/perlacarcosmetics.com\/","name":"PERLA Car Cosmetics","description":"Like Your Car, Like Your Life","publisher":{"@id":"https:\/\/perlacarcosmetics.com\/#organization"},"potentialAction":[{"@type":"SearchAction","target":{"@type":"EntryPoint","urlTemplate":"https:\/\/perlacarcosmetics.com\/?s={search_term_string}"},"query-input":"required name=search_term_string"}],"inLanguage":"hr"},{"@type":"Organization","@id":"https:\/\/perlacarcosmetics.com\/#organization","name":"PERLA Car Cosmetics","url":"https:\/\/perlacarcosmetics.com\/","logo":{"@type":"ImageObject","inLanguage":"hr","@id":"https:\/\/perlacarcosmetics.com\/#\/schema\/logo\/image\/","url":"https:\/\/perlacarcosmetics.com\/wp-content\/uploads\/2023\/07\/Perla-logo.jpg","contentUrl":"https:\/\/perlacarcosmetics.com\/wp-content\/uploads\/2023\/07\/Perla-logo.jpg","width":1500,"height":1500,"caption":"PERLA Car Cosmetics"},"image":{"@id":"https:\/\/perlacarcosmetics.com\/#\/schema\/logo\/image\/"},"sameAs":["https:\/\/www.facebook.com\/perla.car.cosmetics","https:\/\/www.tiktok.com\/@perla.car.cosmetics","https:\/\/www.instagram.com\/perla.car.cosmetics"]}]}},"_links":{"self":[{"href":"https:\/\/perlacarcosmetics.com\/hr\/wp-json\/wp\/v2\/product\/9144","targetHints":{"allow":["GET"]}}],"collection":[{"href":"https:\/\/perlacarcosmetics.com\/hr\/wp-json\/wp\/v2\/product"}],"about":[{"href":"https:\/\/perlacarcosmetics.com\/hr\/wp-json\/wp\/v2\/types\/product"}],"wp:featuredmedia":[{"embeddable":true,"href":"https:\/\/perlacarcosmetics.com\/hr\/wp-json\/wp\/v2\/media\/9764"}],"wp:attachment":[{"href":"https:\/\/perlacarcosmetics.com\/hr\/wp-json\/wp\/v2\/media?parent=9144"}],"wp:term":[{"taxonomy":"product_brand","embeddable":true,"href":"https:\/\/perlacarcosmetics.com\/hr\/wp-json\/wp\/v2\/product_brand?post=9144"},{"taxonomy":"product_cat","embeddable":true,"href":"https:\/\/perlacarcosmetics.com\/hr\/wp-json\/wp\/v2\/product_cat?post=9144"},{"taxonomy":"product_tag","embeddable":true,"href":"https:\/\/perlacarcosmetics.com\/hr\/wp-json\/wp\/v2\/product_tag?post=9144"}],"curies":[{"name":"wp","href":"https:\/\/api.w.org\/{rel}","templated":true}]}}