{"id":8333,"date":"2023-05-02T15:13:41","date_gmt":"2023-05-02T13:13:41","guid":{"rendered":"https:\/\/perlacarcosmetics.com\/?post_type=product&#038;p=8333"},"modified":"2026-05-08T20:47:59","modified_gmt":"2026-05-08T18:47:59","slug":"tyres-shine","status":"publish","type":"product","link":"https:\/\/perlacarcosmetics.com\/hr\/shop\/tyres-shine\/","title":{"rendered":"Tyres Shine"},"content":{"rendered":"<p>TYRES SHINE - Sjaj za gume - PERLA Auto kozmetika<\/p>\n<p>\u017delite da Va\u0161e gume izgledaju kao nove i budu za\u0161ti\u0107ene od \u0161tetnih utjecaja okoli\u0161a? Provjerite na\u0161 Tyres Shine proizvod iz linije PERLA autokozmetike!<\/p>\n<p>Tyres Shine je posebno dizajniran za osvje\u017eenje i vra\u0107anje boje gumama na Va\u0161em vozilu. Uz njega \u0107e va\u0161e gume izgledati kao nove jer \u0107e ih obnoviti i vratiti im izgubljeni sjaj. Osim toga, njegova jedinstvena formula \u0161titi va\u0161e gume od \u0161tetnih UV zraka koje mogu uzrokovati blije\u0111enje i pucanje.<\/p>\n<p>Kori\u0161tenje Tyres Shine jednostavno je i u\u010dinkovito. Proizvod jednostavno rasporedite po gumi, paze\u0107i da ne razma\u017eete naplatak. Mo\u017eete ga i po\u0161pricati na spu\u017evu ili krpu i zatim njime prebrisati gumu. Va\u0161e \u0107e gume dobiti potpuno novi izgled, a bit \u0107e i za\u0161ti\u0107ene od \u0161tetnih utjecaja okoli\u0161a.<\/p>\n<p>TYRES SHINE - Sjaj za gume PERLA Auto kozmetika - za novi, sjajni imid\u017e Va\u0161ih guma i za\u0161titu od \u0161tetnih UV zraka!<\/p>\n<p>Ne dopustite da prljav\u0161tina, pra\u0161ina i \u0161tetni utjecaji okoli\u0161a umanje sjaj i \u017eivot va\u0161ih guma. Odaberite Tyres Shine iz linije autokozmetike PERLA za najvi\u0161u razinu sjaja i za\u0161tite va\u0161ih guma.<\/p>\n<p>Kliknite za poveznicu na sigurnosno-tehni\u010dki list za ovaj proizvod <a href=\"https:\/\/my.chemius.net\/p\/vteoiK\/sl\/gh\/sl\">OVDJE<\/a>.<\/p>\n<p>&nbsp;<\/p>\n\t\n \n<!-- 3D Model html -->\n<div class=\"bp_grand wrapper_9686\">   \n<div class=\"bp_model_parent\">\n<model-viewer class=\"model\" id=\"bp_model_id_9686\" src=\"https:\/\/perlacarcosmetics.com\/wp-content\/uploads\/2023\/07\/3D-Tyres-Shine.glb\" alt=\"3D-Tyres-Shine\" camera-controls disable-zoom loading=\"auto\" auto-rotate>\n<\/model-viewer>\n\n    <!-- Button -->\n    <svg id=\"openBtn\" width=\"24px\" height=\"24px\" viewbox=\"0 0 16 16\" xmlns=\"http:\/\/www.w3.org\/2000\/svg\" fill=\"#f2f2f2\" class=\"bi bi-arrows-fullscreen model-icon\">\n        <path fill-rule=\"evenodd\" d=\"M5.828 10.172a.5.5 0 0 0-.707 0l-4.096 4.096V11.5a.5.5 0 0 0-1 0v3.975a.5.5 0 0 0 .5.5H4.5a.5.5 0 0 0 0-1H1.732l4.096-4.096a.5.5 0 0 0 0-.707zm4.344 0a.5.5 0 0 1 .707 0l4.096 4.096V11.5a.5.5 0 1 1 1 0v3.975a.5.5 0 0 1-.5.5H11.5a.5.5 0 0 1 0-1h2.768l-4.096-4.096a.5.5 0 0 1 0-.707zm0-4.344a.5.5 0 0 0 .707 0l4.096-4.096V4.5a.5.5 0 1 0 1 0V.525a.5.5 0 0 0-.5-.5H11.5a.5.5 0 0 0 0 1h2.768l-4.096 4.096a.5.5 0 0 0 0 .707zm-4.344 0a.5.5 0 0 1-.707 0L1.025 1.732V4.5a.5.5 0 0 1-1 0V.525a.5.5 0 0 1 .5-.5H4.5a.5.5 0 0 1 0 1H1.732l4.096 4.096a.5.5 0 0 1 0 .707z\"\/>\n    <\/svg>\n\n    <svg id=\"closeBtn\" class=\"model-icon\" width=\"34px\" height=\"34px\" viewbox=\"0 0 24 24\" xmlns=\"http:\/\/www.w3.org\/2000\/svg\">\n    <path fill=\"none\" stroke=\"#f2f2f2\" stroke-width=\"2\" d=\"M7,7 L17,17 M7,17 L17,7\"\/>\n    <\/svg>\n    <!-- .\/Button -->\n\n<\/div>\n<\/div> \n<!-- Model Viewer Style -->\n<style>\n\n.wrapper_9686 .bp_model_parent, #bp_model_id_9686 {\n    width: 100%;\n    max-width: 100%;\n        margin: auto}\n#bp_model_id_9686 {\n    height:680px;\n    background-color: transparent;\n}\n.fullscreen #bp_model_id_9686{\n  height: 100%;\n  width: 100%;\n}\n.wrapper_9686 .bp_model_parent{\n    justify-content: center}\nmodel-viewer.model {\n    --poster-color: transparent;\n}\n<\/style>","protected":false},"excerpt":{"rendered":"<p>Lubrikant za odr\u017eavanje i sjajan izgled guma<\/p>","protected":false},"featured_media":9772,"template":"","meta":{"iawp_total_views":857},"product_brand":[],"product_cat":[49],"product_tag":[],"class_list":{"0":"post-8333","1":"product","2":"type-product","3":"status-publish","4":"has-post-thumbnail","6":"product_cat-zunanjost","8":"first","9":"instock","10":"sale","11":"taxable","12":"shipping-taxable","13":"purchasable","14":"product-type-simple"},"yoast_head":"<!-- This site is optimized with the Yoast SEO Premium plugin v20.5 (Yoast SEO v20.5) - https:\/\/yoast.com\/wordpress\/plugins\/seo\/ -->\n<title>Sijaj za pnevmatike - Tyres Shine - PERLA Car Cosmetics<\/title>\n<meta name=\"description\" content=\"Prenovite in za\u0161\u010ditite pnevmatike z Tyres Shine iz linije PERLA Car Cosmetics. Obnovi sijaj in zagotovi za\u0161\u010dito pred \u0161kodljivimi vplivi okolja. Izberite najvi\u0161jo stopnjo sijaja za va\u0161e pnevmatike!\" \/>\n<meta name=\"robots\" content=\"index, follow, max-snippet:-1, max-image-preview:large, max-video-preview:-1\" \/>\n<link rel=\"canonical\" href=\"https:\/\/perlacarcosmetics.com\/hr\/shop\/tyres-shine\/\" \/>\n<meta property=\"og:locale\" content=\"hr_HR\" \/>\n<meta property=\"og:type\" content=\"article\" \/>\n<meta property=\"og:title\" content=\"Tyres Shine - PERLA Car Cosmetics\" \/>\n<meta property=\"og:description\" content=\"Prenovite in za\u0161\u010ditite pnevmatike z Tyres Shine iz linije PERLA Car Cosmetics. Obnovi sijaj in zagotovi za\u0161\u010dito pred \u0161kodljivimi vplivi okolja. Izberite najvi\u0161jo stopnjo sijaja za va\u0161e pnevmatike!\" \/>\n<meta property=\"og:url\" content=\"https:\/\/perlacarcosmetics.com\/hr\/shop\/tyres-shine\/\" \/>\n<meta property=\"og:site_name\" content=\"PERLA Car Cosmetics\" \/>\n<meta property=\"article:publisher\" content=\"https:\/\/www.facebook.com\/perla.car.cosmetics\" \/>\n<meta property=\"article:modified_time\" content=\"2026-05-08T18:47:59+00:00\" \/>\n<meta property=\"og:image\" content=\"https:\/\/perlacarcosmetics.com\/wp-content\/uploads\/2023\/07\/p.tyres_.webp\" \/>\n\t<meta property=\"og:image:width\" content=\"1080\" \/>\n\t<meta property=\"og:image:height\" content=\"1080\" \/>\n\t<meta property=\"og:image:type\" content=\"image\/webp\" \/>\n<meta name=\"twitter:card\" content=\"summary_large_image\" \/>\n<meta name=\"twitter:title\" content=\"Tyres Shine\" \/>\n<meta name=\"twitter:label1\" content=\"Procijenjeno vrijeme \u010ditanja\" \/>\n\t<meta name=\"twitter:data1\" content=\"1 minuta\" \/>\n<script type=\"application\/ld+json\" class=\"yoast-schema-graph\">{\"@context\":\"https:\/\/schema.org\",\"@graph\":[{\"@type\":\"WebPage\",\"@id\":\"https:\/\/perlacarcosmetics.com\/shop\/tyres-shine\/\",\"url\":\"https:\/\/perlacarcosmetics.com\/shop\/tyres-shine\/\",\"name\":\"Sijaj za pnevmatike - Tyres Shine - PERLA Car Cosmetics\",\"isPartOf\":{\"@id\":\"https:\/\/perlacarcosmetics.com\/#website\"},\"datePublished\":\"2023-05-02T13:13:41+00:00\",\"dateModified\":\"2026-05-08T18:47:59+00:00\",\"description\":\"Prenovite in za\u0161\u010ditite pnevmatike z Tyres Shine iz linije PERLA Car Cosmetics. Obnovi sijaj in zagotovi za\u0161\u010dito pred \u0161kodljivimi vplivi okolja. Izberite najvi\u0161jo stopnjo sijaja za va\u0161e pnevmatike!\",\"breadcrumb\":{\"@id\":\"https:\/\/perlacarcosmetics.com\/shop\/tyres-shine\/#breadcrumb\"},\"inLanguage\":\"hr\",\"potentialAction\":[{\"@type\":\"ReadAction\",\"target\":[\"https:\/\/perlacarcosmetics.com\/shop\/tyres-shine\/\"]}]},{\"@type\":\"BreadcrumbList\",\"@id\":\"https:\/\/perlacarcosmetics.com\/shop\/tyres-shine\/#breadcrumb\",\"itemListElement\":[{\"@type\":\"ListItem\",\"position\":1,\"name\":\"Home\",\"item\":\"https:\/\/perlacarcosmetics.com\/\"},{\"@type\":\"ListItem\",\"position\":2,\"name\":\"Shop\",\"item\":\"https:\/\/perlacarcosmetics.com\/shop\/\"},{\"@type\":\"ListItem\",\"position\":3,\"name\":\"Tyres Shine\"}]},{\"@type\":\"WebSite\",\"@id\":\"https:\/\/perlacarcosmetics.com\/#website\",\"url\":\"https:\/\/perlacarcosmetics.com\/\",\"name\":\"PERLA Car Cosmetics\",\"description\":\"Like Your Car, Like Your Life\",\"publisher\":{\"@id\":\"https:\/\/perlacarcosmetics.com\/#organization\"},\"potentialAction\":[{\"@type\":\"SearchAction\",\"target\":{\"@type\":\"EntryPoint\",\"urlTemplate\":\"https:\/\/perlacarcosmetics.com\/?s={search_term_string}\"},\"query-input\":\"required name=search_term_string\"}],\"inLanguage\":\"hr\"},{\"@type\":\"Organization\",\"@id\":\"https:\/\/perlacarcosmetics.com\/#organization\",\"name\":\"PERLA Car Cosmetics\",\"url\":\"https:\/\/perlacarcosmetics.com\/\",\"logo\":{\"@type\":\"ImageObject\",\"inLanguage\":\"hr\",\"@id\":\"https:\/\/perlacarcosmetics.com\/#\/schema\/logo\/image\/\",\"url\":\"https:\/\/perlacarcosmetics.com\/wp-content\/uploads\/2023\/07\/Perla-logo.jpg\",\"contentUrl\":\"https:\/\/perlacarcosmetics.com\/wp-content\/uploads\/2023\/07\/Perla-logo.jpg\",\"width\":1500,\"height\":1500,\"caption\":\"PERLA Car Cosmetics\"},\"image\":{\"@id\":\"https:\/\/perlacarcosmetics.com\/#\/schema\/logo\/image\/\"},\"sameAs\":[\"https:\/\/www.facebook.com\/perla.car.cosmetics\",\"https:\/\/www.tiktok.com\/@perla.car.cosmetics\",\"https:\/\/www.instagram.com\/perla.car.cosmetics\"]}]}<\/script>\n<!-- \/ Yoast SEO Premium plugin. -->","yoast_head_json":{"title":"Sijaj za pnevmatike - Tyres Shine - PERLA Car Cosmetics","description":"Prenovite in za\u0161\u010ditite pnevmatike z Tyres Shine iz linije PERLA Car Cosmetics. Obnovi sijaj in zagotovi za\u0161\u010dito pred \u0161kodljivimi vplivi okolja. Izberite najvi\u0161jo stopnjo sijaja za va\u0161e pnevmatike!","robots":{"index":"index","follow":"follow","max-snippet":"max-snippet:-1","max-image-preview":"max-image-preview:large","max-video-preview":"max-video-preview:-1"},"canonical":"https:\/\/perlacarcosmetics.com\/hr\/shop\/tyres-shine\/","og_locale":"hr_HR","og_type":"article","og_title":"Tyres Shine - PERLA Car Cosmetics","og_description":"Prenovite in za\u0161\u010ditite pnevmatike z Tyres Shine iz linije PERLA Car Cosmetics. Obnovi sijaj in zagotovi za\u0161\u010dito pred \u0161kodljivimi vplivi okolja. Izberite najvi\u0161jo stopnjo sijaja za va\u0161e pnevmatike!","og_url":"https:\/\/perlacarcosmetics.com\/hr\/shop\/tyres-shine\/","og_site_name":"PERLA Car Cosmetics","article_publisher":"https:\/\/www.facebook.com\/perla.car.cosmetics","article_modified_time":"2026-05-08T18:47:59+00:00","og_image":[{"width":1080,"height":1080,"url":"https:\/\/perlacarcosmetics.com\/wp-content\/uploads\/2023\/07\/p.tyres_.webp","type":"image\/webp"}],"twitter_card":"summary_large_image","twitter_title":"Tyres Shine","twitter_misc":{"Procijenjeno vrijeme \u010ditanja":"1 minuta"},"schema":{"@context":"https:\/\/schema.org","@graph":[{"@type":"WebPage","@id":"https:\/\/perlacarcosmetics.com\/shop\/tyres-shine\/","url":"https:\/\/perlacarcosmetics.com\/shop\/tyres-shine\/","name":"Sijaj za pnevmatike - Tyres Shine - PERLA Car Cosmetics","isPartOf":{"@id":"https:\/\/perlacarcosmetics.com\/#website"},"datePublished":"2023-05-02T13:13:41+00:00","dateModified":"2026-05-08T18:47:59+00:00","description":"Prenovite in za\u0161\u010ditite pnevmatike z Tyres Shine iz linije PERLA Car Cosmetics. Obnovi sijaj in zagotovi za\u0161\u010dito pred \u0161kodljivimi vplivi okolja. Izberite najvi\u0161jo stopnjo sijaja za va\u0161e pnevmatike!","breadcrumb":{"@id":"https:\/\/perlacarcosmetics.com\/shop\/tyres-shine\/#breadcrumb"},"inLanguage":"hr","potentialAction":[{"@type":"ReadAction","target":["https:\/\/perlacarcosmetics.com\/shop\/tyres-shine\/"]}]},{"@type":"BreadcrumbList","@id":"https:\/\/perlacarcosmetics.com\/shop\/tyres-shine\/#breadcrumb","itemListElement":[{"@type":"ListItem","position":1,"name":"Home","item":"https:\/\/perlacarcosmetics.com\/"},{"@type":"ListItem","position":2,"name":"Shop","item":"https:\/\/perlacarcosmetics.com\/shop\/"},{"@type":"ListItem","position":3,"name":"Tyres Shine"}]},{"@type":"WebSite","@id":"https:\/\/perlacarcosmetics.com\/#website","url":"https:\/\/perlacarcosmetics.com\/","name":"PERLA Car Cosmetics","description":"Like Your Car, Like Your Life","publisher":{"@id":"https:\/\/perlacarcosmetics.com\/#organization"},"potentialAction":[{"@type":"SearchAction","target":{"@type":"EntryPoint","urlTemplate":"https:\/\/perlacarcosmetics.com\/?s={search_term_string}"},"query-input":"required name=search_term_string"}],"inLanguage":"hr"},{"@type":"Organization","@id":"https:\/\/perlacarcosmetics.com\/#organization","name":"PERLA Car Cosmetics","url":"https:\/\/perlacarcosmetics.com\/","logo":{"@type":"ImageObject","inLanguage":"hr","@id":"https:\/\/perlacarcosmetics.com\/#\/schema\/logo\/image\/","url":"https:\/\/perlacarcosmetics.com\/wp-content\/uploads\/2023\/07\/Perla-logo.jpg","contentUrl":"https:\/\/perlacarcosmetics.com\/wp-content\/uploads\/2023\/07\/Perla-logo.jpg","width":1500,"height":1500,"caption":"PERLA Car Cosmetics"},"image":{"@id":"https:\/\/perlacarcosmetics.com\/#\/schema\/logo\/image\/"},"sameAs":["https:\/\/www.facebook.com\/perla.car.cosmetics","https:\/\/www.tiktok.com\/@perla.car.cosmetics","https:\/\/www.instagram.com\/perla.car.cosmetics"]}]}},"_links":{"self":[{"href":"https:\/\/perlacarcosmetics.com\/hr\/wp-json\/wp\/v2\/product\/8333","targetHints":{"allow":["GET"]}}],"collection":[{"href":"https:\/\/perlacarcosmetics.com\/hr\/wp-json\/wp\/v2\/product"}],"about":[{"href":"https:\/\/perlacarcosmetics.com\/hr\/wp-json\/wp\/v2\/types\/product"}],"wp:featuredmedia":[{"embeddable":true,"href":"https:\/\/perlacarcosmetics.com\/hr\/wp-json\/wp\/v2\/media\/9772"}],"wp:attachment":[{"href":"https:\/\/perlacarcosmetics.com\/hr\/wp-json\/wp\/v2\/media?parent=8333"}],"wp:term":[{"taxonomy":"product_brand","embeddable":true,"href":"https:\/\/perlacarcosmetics.com\/hr\/wp-json\/wp\/v2\/product_brand?post=8333"},{"taxonomy":"product_cat","embeddable":true,"href":"https:\/\/perlacarcosmetics.com\/hr\/wp-json\/wp\/v2\/product_cat?post=8333"},{"taxonomy":"product_tag","embeddable":true,"href":"https:\/\/perlacarcosmetics.com\/hr\/wp-json\/wp\/v2\/product_tag?post=8333"}],"curies":[{"name":"wp","href":"https:\/\/api.w.org\/{rel}","templated":true}]}}