{"id":8334,"date":"2023-05-02T15:14:13","date_gmt":"2023-05-02T13:14:13","guid":{"rendered":"https:\/\/perlacarcosmetics.com\/?post_type=product&#038;p=8334"},"modified":"2026-05-14T20:23:24","modified_gmt":"2026-05-14T18:23:24","slug":"wax","status":"publish","type":"product","link":"https:\/\/perlacarcosmetics.com\/de\/shop\/wax\/","title":{"rendered":"Wax"},"content":{"rendered":"<p>WAX - Wachs f\u00fcr Autos - PERLA Autokosmetik<\/p>\n<p>M\u00f6chten Sie, dass Ihr Auto nach der W\u00e4sche wie neu gl\u00e4nzt und vor Witterungseinfl\u00fcssen gesch\u00fctzt ist? Dann ist unser WAX-Produkt aus der PERLA Car Cosmetics-Linie genau das Richtige f\u00fcr Sie!<\/p>\n<p>Unser Wachs WAX wurde speziell entwickelt, um dem Lack Ihres Autos tiefe Glanzt\u00f6ne zu verleihen und zus\u00e4tzlichen Schutz vor sch\u00e4dlichen \u00e4u\u00dferen Einfl\u00fcssen zu bieten. Seine einzigartige Formel sorgt f\u00fcr langanhaltenden Schutz und Glanz, der wirklich auff\u00e4llt!<\/p>\n<p>Die Verwendung von WAX ist einfach und effektiv. Nachdem Sie das Auto gewaschen und gesp\u00fclt haben, spr\u00fchen Sie es im noch nassen Zustand mit unserem Wachs ein. Anschlie\u00dfend das Auto mit Wasser absp\u00fclen und abwischen. Ihr Auto wird durch den langanhaltenden Glanz unseres Wachses strahlend sauber und gesch\u00fctzt.<\/p>\n<p>Bei der Verwendung unseres WACHS-Produkts gibt es jedoch einige wichtige Einschr\u00e4nkungen.<\/p>\n<p><strong>Vermeiden Sie die Verwendung auf Glasoberfl\u00e4chen, da dies zu unerw\u00fcnschtem Beschlagen f\u00fchren kann. Verwenden Sie das Produkt au\u00dferdem nicht auf hei\u00dfen Oberfl\u00e4chen oder unter direkter Sonneneinstrahlung, um ein falsches Trocknen oder Fleckenbildung zu vermeiden.<\/strong><\/p>\n<p>WAX \u2013 PERLA Car Cosmetics Autowachs \u2013 f\u00fcr atemberaubenden Glanz und langanhaltenden Schutz Ihres Autos nach jeder W\u00e4sche!<\/p>\n<p>Lassen Sie nicht zu, dass Staub, Schmutz und sch\u00e4dliche Umwelteinfl\u00fcsse den Glanz Ihres Autos beeintr\u00e4chtigen. W\u00e4hlen Sie WAX \u200b\u200b\u2013 PERLA Car Cosmetics Autowachs f\u00fcr den h\u00f6chsten Glanz und Schutz Ihres Autos.<\/p>\n<p>&nbsp;<\/p>\n<p>Klicken Sie hier, um zum Sicherheitsdatenblatt f\u00fcr dieses Produkt zu gelangen <a href=\"https:\/\/my.chemius.net\/p\/petEDL\/sl\/gh\/sl\">HIER<\/a>.<\/p>\n<p>&nbsp;<\/p>\n\t\n \n<!-- 3D Model html -->\n<div class=\"bp_grand wrapper_9687\">   \n<div class=\"bp_model_parent\">\n<model-viewer class=\"model\" id=\"bp_model_id_9687\" src=\"https:\/\/perlacarcosmetics.com\/wp-content\/uploads\/2023\/07\/3D-Wax.glb\" alt=\"3D-Wax\" camera-controls disable-zoom loading=\"auto\" auto-rotate>\n<\/model-viewer>\n\n    <!-- Button -->\n    <svg id=\"openBtn\" width=\"24px\" height=\"24px\" viewbox=\"0 0 16 16\" xmlns=\"http:\/\/www.w3.org\/2000\/svg\" fill=\"#f2f2f2\" class=\"bi bi-arrows-fullscreen model-icon\">\n        <path fill-rule=\"evenodd\" d=\"M5.828 10.172a.5.5 0 0 0-.707 0l-4.096 4.096V11.5a.5.5 0 0 0-1 0v3.975a.5.5 0 0 0 .5.5H4.5a.5.5 0 0 0 0-1H1.732l4.096-4.096a.5.5 0 0 0 0-.707zm4.344 0a.5.5 0 0 1 .707 0l4.096 4.096V11.5a.5.5 0 1 1 1 0v3.975a.5.5 0 0 1-.5.5H11.5a.5.5 0 0 1 0-1h2.768l-4.096-4.096a.5.5 0 0 1 0-.707zm0-4.344a.5.5 0 0 0 .707 0l4.096-4.096V4.5a.5.5 0 1 0 1 0V.525a.5.5 0 0 0-.5-.5H11.5a.5.5 0 0 0 0 1h2.768l-4.096 4.096a.5.5 0 0 0 0 .707zm-4.344 0a.5.5 0 0 1-.707 0L1.025 1.732V4.5a.5.5 0 0 1-1 0V.525a.5.5 0 0 1 .5-.5H4.5a.5.5 0 0 1 0 1H1.732l4.096 4.096a.5.5 0 0 1 0 .707z\"\/>\n    <\/svg>\n\n    <svg id=\"closeBtn\" class=\"model-icon\" width=\"34px\" height=\"34px\" viewbox=\"0 0 24 24\" xmlns=\"http:\/\/www.w3.org\/2000\/svg\">\n    <path fill=\"none\" stroke=\"#f2f2f2\" stroke-width=\"2\" d=\"M7,7 L17,17 M7,17 L17,7\"\/>\n    <\/svg>\n    <!-- .\/Button -->\n\n<\/div>\n<\/div> \n<!-- Model Viewer Style -->\n<style>\n\n.wrapper_9687 .bp_model_parent, #bp_model_id_9687 {\n    width: 100%;\n    max-width: 100%;\n        margin: auto}\n#bp_model_id_9687 {\n    height:680px;\n    background-color: transparent;\n}\n.fullscreen #bp_model_id_9687{\n  height: 100%;\n  width: 100%;\n}\n.wrapper_9687 .bp_model_parent{\n    justify-content: center}\nmodel-viewer.model {\n    --poster-color: transparent;\n}\n<\/style>","protected":false},"excerpt":{"rendered":"<p>Wachs f\u00fcr zus\u00e4tzlichen Glanz und Schutz<\/p>","protected":false},"featured_media":9773,"template":"","meta":{"iawp_total_views":618},"product_brand":[],"product_cat":[49],"product_tag":[],"class_list":{"0":"post-8334","1":"product","2":"type-product","3":"status-publish","4":"has-post-thumbnail","6":"product_cat-zunanjost","8":"first","9":"instock","10":"sale","11":"taxable","12":"shipping-taxable","13":"purchasable","14":"product-type-simple"},"yoast_head":"<!-- This site is optimized with the Yoast SEO Premium plugin v20.5 (Yoast SEO v20.5) - https:\/\/yoast.com\/wordpress\/plugins\/seo\/ -->\n<title>Vosek za avtomobile - Wax - PERLA Car Cosmetics<\/title>\n<meta name=\"description\" content=\"Ohranite osupljiv sijaj in dolgotrajno za\u0161\u010dito va\u0161ega avtomobila s WAX-om iz linije PERLA Car Cosmetics. Nudimo vam edinstveno formulo, ki dodaja globok sijaj barvi in \u0161\u010diti pred \u0161kodljivimi vplivi. Izberite WAX za ble\u0161\u010de\u010d avtomobil danes!\" \/>\n<meta name=\"robots\" content=\"index, follow, max-snippet:-1, max-image-preview:large, max-video-preview:-1\" \/>\n<link rel=\"canonical\" href=\"https:\/\/perlacarcosmetics.com\/de\/shop\/wax\/\" \/>\n<meta property=\"og:locale\" content=\"de_DE\" \/>\n<meta property=\"og:type\" content=\"article\" \/>\n<meta property=\"og:title\" content=\"Vosek za avtomobile - Wax - PERLA Car Cosmetics\" \/>\n<meta property=\"og:description\" content=\"Ohranite osupljiv sijaj in dolgotrajno za\u0161\u010dito va\u0161ega avtomobila s WAX-om iz linije PERLA Car Cosmetics. Nudimo vam edinstveno formulo, ki dodaja globok sijaj barvi in \u0161\u010diti pred \u0161kodljivimi vplivi. Izberite WAX za ble\u0161\u010de\u010d avtomobil danes!\" \/>\n<meta property=\"og:url\" content=\"https:\/\/perlacarcosmetics.com\/de\/shop\/wax\/\" \/>\n<meta property=\"og:site_name\" content=\"PERLA Car Cosmetics\" \/>\n<meta property=\"article:publisher\" content=\"https:\/\/www.facebook.com\/perla.car.cosmetics\" \/>\n<meta property=\"article:modified_time\" content=\"2026-05-14T18:23:24+00:00\" \/>\n<meta property=\"og:image\" content=\"https:\/\/perlacarcosmetics.com\/wp-content\/uploads\/2023\/07\/p.wax.webp\" \/>\n\t<meta property=\"og:image:width\" content=\"1080\" \/>\n\t<meta property=\"og:image:height\" content=\"1080\" \/>\n\t<meta property=\"og:image:type\" content=\"image\/webp\" \/>\n<meta name=\"twitter:card\" content=\"summary_large_image\" \/>\n<meta name=\"twitter:title\" content=\"Wax\" \/>\n<meta name=\"twitter:label1\" content=\"Gesch\u00e4tzte Lesezeit\" \/>\n\t<meta name=\"twitter:data1\" content=\"1\u00a0Minute\" \/>\n<script type=\"application\/ld+json\" class=\"yoast-schema-graph\">{\"@context\":\"https:\/\/schema.org\",\"@graph\":[{\"@type\":\"WebPage\",\"@id\":\"https:\/\/perlacarcosmetics.com\/shop\/wax\/\",\"url\":\"https:\/\/perlacarcosmetics.com\/shop\/wax\/\",\"name\":\"Vosek za avtomobile - Wax - PERLA Car Cosmetics\",\"isPartOf\":{\"@id\":\"https:\/\/perlacarcosmetics.com\/#website\"},\"datePublished\":\"2023-05-02T13:14:13+00:00\",\"dateModified\":\"2026-05-14T18:23:24+00:00\",\"description\":\"Ohranite osupljiv sijaj in dolgotrajno za\u0161\u010dito va\u0161ega avtomobila s WAX-om iz linije PERLA Car Cosmetics. Nudimo vam edinstveno formulo, ki dodaja globok sijaj barvi in \u0161\u010diti pred \u0161kodljivimi vplivi. Izberite WAX za ble\u0161\u010de\u010d avtomobil danes!\",\"breadcrumb\":{\"@id\":\"https:\/\/perlacarcosmetics.com\/shop\/wax\/#breadcrumb\"},\"inLanguage\":\"de\",\"potentialAction\":[{\"@type\":\"ReadAction\",\"target\":[\"https:\/\/perlacarcosmetics.com\/shop\/wax\/\"]}]},{\"@type\":\"BreadcrumbList\",\"@id\":\"https:\/\/perlacarcosmetics.com\/shop\/wax\/#breadcrumb\",\"itemListElement\":[{\"@type\":\"ListItem\",\"position\":1,\"name\":\"Home\",\"item\":\"https:\/\/perlacarcosmetics.com\/\"},{\"@type\":\"ListItem\",\"position\":2,\"name\":\"Shop\",\"item\":\"https:\/\/perlacarcosmetics.com\/shop\/\"},{\"@type\":\"ListItem\",\"position\":3,\"name\":\"Wax\"}]},{\"@type\":\"WebSite\",\"@id\":\"https:\/\/perlacarcosmetics.com\/#website\",\"url\":\"https:\/\/perlacarcosmetics.com\/\",\"name\":\"PERLA Car Cosmetics\",\"description\":\"Like Your Car, Like Your Life\",\"publisher\":{\"@id\":\"https:\/\/perlacarcosmetics.com\/#organization\"},\"potentialAction\":[{\"@type\":\"SearchAction\",\"target\":{\"@type\":\"EntryPoint\",\"urlTemplate\":\"https:\/\/perlacarcosmetics.com\/?s={search_term_string}\"},\"query-input\":\"required name=search_term_string\"}],\"inLanguage\":\"de\"},{\"@type\":\"Organization\",\"@id\":\"https:\/\/perlacarcosmetics.com\/#organization\",\"name\":\"PERLA Car Cosmetics\",\"url\":\"https:\/\/perlacarcosmetics.com\/\",\"logo\":{\"@type\":\"ImageObject\",\"inLanguage\":\"de\",\"@id\":\"https:\/\/perlacarcosmetics.com\/#\/schema\/logo\/image\/\",\"url\":\"https:\/\/perlacarcosmetics.com\/wp-content\/uploads\/2023\/07\/Perla-logo.jpg\",\"contentUrl\":\"https:\/\/perlacarcosmetics.com\/wp-content\/uploads\/2023\/07\/Perla-logo.jpg\",\"width\":1500,\"height\":1500,\"caption\":\"PERLA Car Cosmetics\"},\"image\":{\"@id\":\"https:\/\/perlacarcosmetics.com\/#\/schema\/logo\/image\/\"},\"sameAs\":[\"https:\/\/www.facebook.com\/perla.car.cosmetics\",\"https:\/\/www.tiktok.com\/@perla.car.cosmetics\",\"https:\/\/www.instagram.com\/perla.car.cosmetics\"]}]}<\/script>\n<!-- \/ Yoast SEO Premium plugin. -->","yoast_head_json":{"title":"Vosek za avtomobile - Wax - PERLA Car Cosmetics","description":"Ohranite osupljiv sijaj in dolgotrajno za\u0161\u010dito va\u0161ega avtomobila s WAX-om iz linije PERLA Car Cosmetics. Nudimo vam edinstveno formulo, ki dodaja globok sijaj barvi in \u0161\u010diti pred \u0161kodljivimi vplivi. Izberite WAX za ble\u0161\u010de\u010d avtomobil danes!","robots":{"index":"index","follow":"follow","max-snippet":"max-snippet:-1","max-image-preview":"max-image-preview:large","max-video-preview":"max-video-preview:-1"},"canonical":"https:\/\/perlacarcosmetics.com\/de\/shop\/wax\/","og_locale":"de_DE","og_type":"article","og_title":"Vosek za avtomobile - Wax - PERLA Car Cosmetics","og_description":"Ohranite osupljiv sijaj in dolgotrajno za\u0161\u010dito va\u0161ega avtomobila s WAX-om iz linije PERLA Car Cosmetics. Nudimo vam edinstveno formulo, ki dodaja globok sijaj barvi in \u0161\u010diti pred \u0161kodljivimi vplivi. Izberite WAX za ble\u0161\u010de\u010d avtomobil danes!","og_url":"https:\/\/perlacarcosmetics.com\/de\/shop\/wax\/","og_site_name":"PERLA Car Cosmetics","article_publisher":"https:\/\/www.facebook.com\/perla.car.cosmetics","article_modified_time":"2026-05-14T18:23:24+00:00","og_image":[{"width":1080,"height":1080,"url":"https:\/\/perlacarcosmetics.com\/wp-content\/uploads\/2023\/07\/p.wax.webp","type":"image\/webp"}],"twitter_card":"summary_large_image","twitter_title":"Wax","twitter_misc":{"Gesch\u00e4tzte Lesezeit":"1\u00a0Minute"},"schema":{"@context":"https:\/\/schema.org","@graph":[{"@type":"WebPage","@id":"https:\/\/perlacarcosmetics.com\/shop\/wax\/","url":"https:\/\/perlacarcosmetics.com\/shop\/wax\/","name":"Vosek za avtomobile - Wax - PERLA Car Cosmetics","isPartOf":{"@id":"https:\/\/perlacarcosmetics.com\/#website"},"datePublished":"2023-05-02T13:14:13+00:00","dateModified":"2026-05-14T18:23:24+00:00","description":"Ohranite osupljiv sijaj in dolgotrajno za\u0161\u010dito va\u0161ega avtomobila s WAX-om iz linije PERLA Car Cosmetics. Nudimo vam edinstveno formulo, ki dodaja globok sijaj barvi in \u0161\u010diti pred \u0161kodljivimi vplivi. Izberite WAX za ble\u0161\u010de\u010d avtomobil danes!","breadcrumb":{"@id":"https:\/\/perlacarcosmetics.com\/shop\/wax\/#breadcrumb"},"inLanguage":"de","potentialAction":[{"@type":"ReadAction","target":["https:\/\/perlacarcosmetics.com\/shop\/wax\/"]}]},{"@type":"BreadcrumbList","@id":"https:\/\/perlacarcosmetics.com\/shop\/wax\/#breadcrumb","itemListElement":[{"@type":"ListItem","position":1,"name":"Home","item":"https:\/\/perlacarcosmetics.com\/"},{"@type":"ListItem","position":2,"name":"Shop","item":"https:\/\/perlacarcosmetics.com\/shop\/"},{"@type":"ListItem","position":3,"name":"Wax"}]},{"@type":"WebSite","@id":"https:\/\/perlacarcosmetics.com\/#website","url":"https:\/\/perlacarcosmetics.com\/","name":"PERLA Car Cosmetics","description":"Like Your Car, Like Your Life","publisher":{"@id":"https:\/\/perlacarcosmetics.com\/#organization"},"potentialAction":[{"@type":"SearchAction","target":{"@type":"EntryPoint","urlTemplate":"https:\/\/perlacarcosmetics.com\/?s={search_term_string}"},"query-input":"required name=search_term_string"}],"inLanguage":"de"},{"@type":"Organization","@id":"https:\/\/perlacarcosmetics.com\/#organization","name":"PERLA Car Cosmetics","url":"https:\/\/perlacarcosmetics.com\/","logo":{"@type":"ImageObject","inLanguage":"de","@id":"https:\/\/perlacarcosmetics.com\/#\/schema\/logo\/image\/","url":"https:\/\/perlacarcosmetics.com\/wp-content\/uploads\/2023\/07\/Perla-logo.jpg","contentUrl":"https:\/\/perlacarcosmetics.com\/wp-content\/uploads\/2023\/07\/Perla-logo.jpg","width":1500,"height":1500,"caption":"PERLA Car Cosmetics"},"image":{"@id":"https:\/\/perlacarcosmetics.com\/#\/schema\/logo\/image\/"},"sameAs":["https:\/\/www.facebook.com\/perla.car.cosmetics","https:\/\/www.tiktok.com\/@perla.car.cosmetics","https:\/\/www.instagram.com\/perla.car.cosmetics"]}]}},"_links":{"self":[{"href":"https:\/\/perlacarcosmetics.com\/de\/wp-json\/wp\/v2\/product\/8334","targetHints":{"allow":["GET"]}}],"collection":[{"href":"https:\/\/perlacarcosmetics.com\/de\/wp-json\/wp\/v2\/product"}],"about":[{"href":"https:\/\/perlacarcosmetics.com\/de\/wp-json\/wp\/v2\/types\/product"}],"wp:featuredmedia":[{"embeddable":true,"href":"https:\/\/perlacarcosmetics.com\/de\/wp-json\/wp\/v2\/media\/9773"}],"wp:attachment":[{"href":"https:\/\/perlacarcosmetics.com\/de\/wp-json\/wp\/v2\/media?parent=8334"}],"wp:term":[{"taxonomy":"product_brand","embeddable":true,"href":"https:\/\/perlacarcosmetics.com\/de\/wp-json\/wp\/v2\/product_brand?post=8334"},{"taxonomy":"product_cat","embeddable":true,"href":"https:\/\/perlacarcosmetics.com\/de\/wp-json\/wp\/v2\/product_cat?post=8334"},{"taxonomy":"product_tag","embeddable":true,"href":"https:\/\/perlacarcosmetics.com\/de\/wp-json\/wp\/v2\/product_tag?post=8334"}],"curies":[{"name":"wp","href":"https:\/\/api.w.org\/{rel}","templated":true}]}}