{"id":8331,"date":"2023-05-02T15:12:16","date_gmt":"2023-05-02T13:12:16","guid":{"rendered":"https:\/\/perlacarcosmetics.com\/?post_type=product&#038;p=8331"},"modified":"2026-05-10T23:30:03","modified_gmt":"2026-05-10T21:30:03","slug":"shampoo","status":"publish","type":"product","link":"https:\/\/perlacarcosmetics.com\/de\/shop\/shampoo\/","title":{"rendered":"Shampoo"},"content":{"rendered":"<p>SHAMPOO - Autowaschkonzentrat - PERLA Car Cosmetics<\/p>\n<p>Du bist ein Fan der Autopflege und hast Spa\u00df daran, Dein Stahlpferd selbst zu waschen? Dann ist unser Shampoo-Produkt aus der PERLA Car Cosmetics-Linie genau das Richtige f\u00fcr Sie!<\/p>\n<p>Shampoo ist ein Konzentrat zur Vorbereitung einer Autow\u00e4sche. Beim Mischen mit Wasser entsteht ein Schaum, der Schmutz, Staub und Flecken effektiv von der Fahrzeugoberfl\u00e4che entfernt, ohne den Lack oder die Lackierung zu besch\u00e4digen.<\/p>\n<p>Die Verwendung von Shampoo ist einfach und effektiv. Geben Sie etwa 40 ml Konzentrat auf 1 Liter Wasser. Gut vermischen, bis Schaum entsteht. Diese Mischung kann dann zum Handwaschen mit einem Schwamm oder Tuch verwendet werden oder f\u00fcr eine noch effektivere Reinigung mit einem Hochdruckreiniger verwendet werden.<\/p>\n<p>SHAMPOO \u2013 PERLA Car Cosmetics Autowaschkonzentrat \u2013 f\u00fcr eine gr\u00fcndliche und effektive Reinigung der Au\u00dfenseite Ihres Autos!<\/p>\n<p>Lassen Sie nicht zu, dass Schmutz und Staub den Glanz Ihres Autos beeintr\u00e4chtigen. W\u00e4hlen Sie Shampoo aus der PERLA Car Cosmetics-Linie f\u00fcr ein H\u00f6chstma\u00df an Sauberkeit und Glanz Ihres Autos. Dieses Produkt wurde speziell f\u00fcr Autoenthusiasten entwickelt, die gerne ihre eigene Autow\u00e4sche durchf\u00fchren und ihrem Fahrzeug das Beste geben m\u00f6chten.<\/p>\n<p class=\" translation-block\">Ein Tipp:<br>\nVerwenden Sie beim Waschen Ihres Fahrzeugs immer gerade Striche, da dies die M\u00f6glichkeit von Mikrokratzern auf dem Lack Ihres Fahrzeugs verringert. <strong>Beim Waschen des Fahrzeugs<\/strong> <strong>kreisende Bewegungen vermeiden.<\/strong><\/p>\n<p>Klicken Sie hier, um zum Sicherheitsdatenblatt f\u00fcr dieses Produkt zu gelangen <a href=\"https:\/\/my.chemius.net\/p\/ZptpXJ\/sl\/gh\/sl\">HIER<\/a>.<strong><br \/>\n<\/strong><\/p>\n<p>&nbsp;<\/p>\n\t\n \n<!-- 3D Model html -->\n<div class=\"bp_grand wrapper_9701\">   \n<div class=\"bp_model_parent\">\n<model-viewer class=\"model\" id=\"bp_model_id_9701\" src=\"https:\/\/perlacarcosmetics.com\/wp-content\/uploads\/2023\/07\/3D-Shampooo.glb\" alt=\"3D-Shampooo\" camera-controls disable-zoom loading=\"auto\" auto-rotate>\n<\/model-viewer>\n\n    <!-- Button -->\n    <svg id=\"openBtn\" width=\"24px\" height=\"24px\" viewbox=\"0 0 16 16\" xmlns=\"http:\/\/www.w3.org\/2000\/svg\" fill=\"#f2f2f2\" class=\"bi bi-arrows-fullscreen model-icon\">\n        <path fill-rule=\"evenodd\" d=\"M5.828 10.172a.5.5 0 0 0-.707 0l-4.096 4.096V11.5a.5.5 0 0 0-1 0v3.975a.5.5 0 0 0 .5.5H4.5a.5.5 0 0 0 0-1H1.732l4.096-4.096a.5.5 0 0 0 0-.707zm4.344 0a.5.5 0 0 1 .707 0l4.096 4.096V11.5a.5.5 0 1 1 1 0v3.975a.5.5 0 0 1-.5.5H11.5a.5.5 0 0 1 0-1h2.768l-4.096-4.096a.5.5 0 0 1 0-.707zm0-4.344a.5.5 0 0 0 .707 0l4.096-4.096V4.5a.5.5 0 1 0 1 0V.525a.5.5 0 0 0-.5-.5H11.5a.5.5 0 0 0 0 1h2.768l-4.096 4.096a.5.5 0 0 0 0 .707zm-4.344 0a.5.5 0 0 1-.707 0L1.025 1.732V4.5a.5.5 0 0 1-1 0V.525a.5.5 0 0 1 .5-.5H4.5a.5.5 0 0 1 0 1H1.732l4.096 4.096a.5.5 0 0 1 0 .707z\"\/>\n    <\/svg>\n\n    <svg id=\"closeBtn\" class=\"model-icon\" width=\"34px\" height=\"34px\" viewbox=\"0 0 24 24\" xmlns=\"http:\/\/www.w3.org\/2000\/svg\">\n    <path fill=\"none\" stroke=\"#f2f2f2\" stroke-width=\"2\" d=\"M7,7 L17,17 M7,17 L17,7\"\/>\n    <\/svg>\n    <!-- .\/Button -->\n\n<\/div>\n<\/div> \n<!-- Model Viewer Style -->\n<style>\n\n.wrapper_9701 .bp_model_parent, #bp_model_id_9701 {\n    width: 100%;\n    max-width: 100%;\n        margin: auto}\n#bp_model_id_9701 {\n    height:680px;\n    background-color: transparent;\n}\n.fullscreen #bp_model_id_9701{\n  height: 100%;\n  width: 100%;\n}\n.wrapper_9701 .bp_model_parent{\n    justify-content: center}\nmodel-viewer.model {\n    --poster-color: transparent;\n}\n<\/style>","protected":false},"excerpt":{"rendered":"<p>Konzentrat zur Herstellung von Fahrzeug-Au\u00dfenwaschmitteln<\/p>","protected":false},"featured_media":9770,"template":"","meta":{"iawp_total_views":278},"product_brand":[],"product_cat":[49],"product_tag":[],"class_list":{"0":"post-8331","1":"product","2":"type-product","3":"status-publish","4":"has-post-thumbnail","6":"product_cat-zunanjost","8":"first","9":"instock","10":"sale","11":"taxable","12":"shipping-taxable","13":"purchasable","14":"product-type-simple"},"yoast_head":"<!-- This site is optimized with the Yoast SEO Premium plugin v20.5 (Yoast SEO v20.5) - https:\/\/yoast.com\/wordpress\/plugins\/seo\/ -->\n<title>Avtopralni koncentrat - Shampoo - PERLA Car Cosmetics<\/title>\n<meta name=\"description\" content=\"Ponudite svojemu avtomobilu najvi\u0161jo stopnjo \u010disto\u010de in sijaja z avtopralnim koncentratom Shampoo iz linije PERLA Car Cosmetics. U\u010dinkovito odstranjuje umazanijo, prah in made\u017ee, ne da bi po\u0161kodoval barvo ali premaz.\" \/>\n<meta name=\"robots\" content=\"index, follow, max-snippet:-1, max-image-preview:large, max-video-preview:-1\" \/>\n<link rel=\"canonical\" href=\"https:\/\/perlacarcosmetics.com\/de\/shop\/shampoo\/\" \/>\n<meta property=\"og:locale\" content=\"de_DE\" \/>\n<meta property=\"og:type\" content=\"article\" \/>\n<meta property=\"og:title\" content=\"Shampoo - PERLA Car Cosmetics\" \/>\n<meta property=\"og:description\" content=\"Ponudite svojemu avtomobilu najvi\u0161jo stopnjo \u010disto\u010de in sijaja z avtopralnim koncentratom Shampoo iz linije PERLA Car Cosmetics. U\u010dinkovito odstranjuje umazanijo, prah in made\u017ee, ne da bi po\u0161kodoval barvo ali premaz.\" \/>\n<meta property=\"og:url\" content=\"https:\/\/perlacarcosmetics.com\/de\/shop\/shampoo\/\" \/>\n<meta property=\"og:site_name\" content=\"PERLA Car Cosmetics\" \/>\n<meta property=\"article:publisher\" content=\"https:\/\/www.facebook.com\/perla.car.cosmetics\" \/>\n<meta property=\"article:modified_time\" content=\"2026-05-10T21:30:03+00:00\" \/>\n<meta property=\"og:image\" content=\"https:\/\/perlacarcosmetics.com\/wp-content\/uploads\/2023\/05\/p.shampoo.jpg\" \/>\n\t<meta property=\"og:image:width\" content=\"1080\" \/>\n\t<meta property=\"og:image:height\" content=\"1080\" \/>\n\t<meta property=\"og:image:type\" content=\"image\/jpeg\" \/>\n<meta name=\"twitter:card\" content=\"summary_large_image\" \/>\n<meta name=\"twitter:title\" content=\"Shampoo\" \/>\n<meta name=\"twitter:label1\" content=\"Gesch\u00e4tzte Lesezeit\" \/>\n\t<meta name=\"twitter:data1\" content=\"1\u00a0Minute\" \/>\n<script type=\"application\/ld+json\" class=\"yoast-schema-graph\">{\"@context\":\"https:\/\/schema.org\",\"@graph\":[{\"@type\":\"WebPage\",\"@id\":\"https:\/\/perlacarcosmetics.com\/shop\/shampoo\/\",\"url\":\"https:\/\/perlacarcosmetics.com\/shop\/shampoo\/\",\"name\":\"Avtopralni koncentrat - Shampoo - PERLA Car Cosmetics\",\"isPartOf\":{\"@id\":\"https:\/\/perlacarcosmetics.com\/#website\"},\"datePublished\":\"2023-05-02T13:12:16+00:00\",\"dateModified\":\"2026-05-10T21:30:03+00:00\",\"description\":\"Ponudite svojemu avtomobilu najvi\u0161jo stopnjo \u010disto\u010de in sijaja z avtopralnim koncentratom Shampoo iz linije PERLA Car Cosmetics. U\u010dinkovito odstranjuje umazanijo, prah in made\u017ee, ne da bi po\u0161kodoval barvo ali premaz.\",\"breadcrumb\":{\"@id\":\"https:\/\/perlacarcosmetics.com\/shop\/shampoo\/#breadcrumb\"},\"inLanguage\":\"de\",\"potentialAction\":[{\"@type\":\"ReadAction\",\"target\":[\"https:\/\/perlacarcosmetics.com\/shop\/shampoo\/\"]}]},{\"@type\":\"BreadcrumbList\",\"@id\":\"https:\/\/perlacarcosmetics.com\/shop\/shampoo\/#breadcrumb\",\"itemListElement\":[{\"@type\":\"ListItem\",\"position\":1,\"name\":\"Home\",\"item\":\"https:\/\/perlacarcosmetics.com\/\"},{\"@type\":\"ListItem\",\"position\":2,\"name\":\"Shop\",\"item\":\"https:\/\/perlacarcosmetics.com\/shop\/\"},{\"@type\":\"ListItem\",\"position\":3,\"name\":\"Shampoo\"}]},{\"@type\":\"WebSite\",\"@id\":\"https:\/\/perlacarcosmetics.com\/#website\",\"url\":\"https:\/\/perlacarcosmetics.com\/\",\"name\":\"PERLA Car Cosmetics\",\"description\":\"Like Your Car, Like Your Life\",\"publisher\":{\"@id\":\"https:\/\/perlacarcosmetics.com\/#organization\"},\"potentialAction\":[{\"@type\":\"SearchAction\",\"target\":{\"@type\":\"EntryPoint\",\"urlTemplate\":\"https:\/\/perlacarcosmetics.com\/?s={search_term_string}\"},\"query-input\":\"required name=search_term_string\"}],\"inLanguage\":\"de\"},{\"@type\":\"Organization\",\"@id\":\"https:\/\/perlacarcosmetics.com\/#organization\",\"name\":\"PERLA Car Cosmetics\",\"url\":\"https:\/\/perlacarcosmetics.com\/\",\"logo\":{\"@type\":\"ImageObject\",\"inLanguage\":\"de\",\"@id\":\"https:\/\/perlacarcosmetics.com\/#\/schema\/logo\/image\/\",\"url\":\"https:\/\/perlacarcosmetics.com\/wp-content\/uploads\/2023\/07\/Perla-logo.jpg\",\"contentUrl\":\"https:\/\/perlacarcosmetics.com\/wp-content\/uploads\/2023\/07\/Perla-logo.jpg\",\"width\":1500,\"height\":1500,\"caption\":\"PERLA Car Cosmetics\"},\"image\":{\"@id\":\"https:\/\/perlacarcosmetics.com\/#\/schema\/logo\/image\/\"},\"sameAs\":[\"https:\/\/www.facebook.com\/perla.car.cosmetics\",\"https:\/\/www.tiktok.com\/@perla.car.cosmetics\",\"https:\/\/www.instagram.com\/perla.car.cosmetics\"]}]}<\/script>\n<!-- \/ Yoast SEO Premium plugin. -->","yoast_head_json":{"title":"Avtopralni koncentrat - Shampoo - PERLA Car Cosmetics","description":"Ponudite svojemu avtomobilu najvi\u0161jo stopnjo \u010disto\u010de in sijaja z avtopralnim koncentratom Shampoo iz linije PERLA Car Cosmetics. U\u010dinkovito odstranjuje umazanijo, prah in made\u017ee, ne da bi po\u0161kodoval barvo ali premaz.","robots":{"index":"index","follow":"follow","max-snippet":"max-snippet:-1","max-image-preview":"max-image-preview:large","max-video-preview":"max-video-preview:-1"},"canonical":"https:\/\/perlacarcosmetics.com\/de\/shop\/shampoo\/","og_locale":"de_DE","og_type":"article","og_title":"Shampoo - PERLA Car Cosmetics","og_description":"Ponudite svojemu avtomobilu najvi\u0161jo stopnjo \u010disto\u010de in sijaja z avtopralnim koncentratom Shampoo iz linije PERLA Car Cosmetics. U\u010dinkovito odstranjuje umazanijo, prah in made\u017ee, ne da bi po\u0161kodoval barvo ali premaz.","og_url":"https:\/\/perlacarcosmetics.com\/de\/shop\/shampoo\/","og_site_name":"PERLA Car Cosmetics","article_publisher":"https:\/\/www.facebook.com\/perla.car.cosmetics","article_modified_time":"2026-05-10T21:30:03+00:00","og_image":[{"width":1080,"height":1080,"url":"https:\/\/perlacarcosmetics.com\/wp-content\/uploads\/2023\/05\/p.shampoo.jpg","type":"image\/jpeg"}],"twitter_card":"summary_large_image","twitter_title":"Shampoo","twitter_misc":{"Gesch\u00e4tzte Lesezeit":"1\u00a0Minute"},"schema":{"@context":"https:\/\/schema.org","@graph":[{"@type":"WebPage","@id":"https:\/\/perlacarcosmetics.com\/shop\/shampoo\/","url":"https:\/\/perlacarcosmetics.com\/shop\/shampoo\/","name":"Avtopralni koncentrat - Shampoo - PERLA Car Cosmetics","isPartOf":{"@id":"https:\/\/perlacarcosmetics.com\/#website"},"datePublished":"2023-05-02T13:12:16+00:00","dateModified":"2026-05-10T21:30:03+00:00","description":"Ponudite svojemu avtomobilu najvi\u0161jo stopnjo \u010disto\u010de in sijaja z avtopralnim koncentratom Shampoo iz linije PERLA Car Cosmetics. U\u010dinkovito odstranjuje umazanijo, prah in made\u017ee, ne da bi po\u0161kodoval barvo ali premaz.","breadcrumb":{"@id":"https:\/\/perlacarcosmetics.com\/shop\/shampoo\/#breadcrumb"},"inLanguage":"de","potentialAction":[{"@type":"ReadAction","target":["https:\/\/perlacarcosmetics.com\/shop\/shampoo\/"]}]},{"@type":"BreadcrumbList","@id":"https:\/\/perlacarcosmetics.com\/shop\/shampoo\/#breadcrumb","itemListElement":[{"@type":"ListItem","position":1,"name":"Home","item":"https:\/\/perlacarcosmetics.com\/"},{"@type":"ListItem","position":2,"name":"Shop","item":"https:\/\/perlacarcosmetics.com\/shop\/"},{"@type":"ListItem","position":3,"name":"Shampoo"}]},{"@type":"WebSite","@id":"https:\/\/perlacarcosmetics.com\/#website","url":"https:\/\/perlacarcosmetics.com\/","name":"PERLA Car Cosmetics","description":"Like Your Car, Like Your Life","publisher":{"@id":"https:\/\/perlacarcosmetics.com\/#organization"},"potentialAction":[{"@type":"SearchAction","target":{"@type":"EntryPoint","urlTemplate":"https:\/\/perlacarcosmetics.com\/?s={search_term_string}"},"query-input":"required name=search_term_string"}],"inLanguage":"de"},{"@type":"Organization","@id":"https:\/\/perlacarcosmetics.com\/#organization","name":"PERLA Car Cosmetics","url":"https:\/\/perlacarcosmetics.com\/","logo":{"@type":"ImageObject","inLanguage":"de","@id":"https:\/\/perlacarcosmetics.com\/#\/schema\/logo\/image\/","url":"https:\/\/perlacarcosmetics.com\/wp-content\/uploads\/2023\/07\/Perla-logo.jpg","contentUrl":"https:\/\/perlacarcosmetics.com\/wp-content\/uploads\/2023\/07\/Perla-logo.jpg","width":1500,"height":1500,"caption":"PERLA Car Cosmetics"},"image":{"@id":"https:\/\/perlacarcosmetics.com\/#\/schema\/logo\/image\/"},"sameAs":["https:\/\/www.facebook.com\/perla.car.cosmetics","https:\/\/www.tiktok.com\/@perla.car.cosmetics","https:\/\/www.instagram.com\/perla.car.cosmetics"]}]}},"_links":{"self":[{"href":"https:\/\/perlacarcosmetics.com\/de\/wp-json\/wp\/v2\/product\/8331","targetHints":{"allow":["GET"]}}],"collection":[{"href":"https:\/\/perlacarcosmetics.com\/de\/wp-json\/wp\/v2\/product"}],"about":[{"href":"https:\/\/perlacarcosmetics.com\/de\/wp-json\/wp\/v2\/types\/product"}],"wp:featuredmedia":[{"embeddable":true,"href":"https:\/\/perlacarcosmetics.com\/de\/wp-json\/wp\/v2\/media\/9770"}],"wp:attachment":[{"href":"https:\/\/perlacarcosmetics.com\/de\/wp-json\/wp\/v2\/media?parent=8331"}],"wp:term":[{"taxonomy":"product_brand","embeddable":true,"href":"https:\/\/perlacarcosmetics.com\/de\/wp-json\/wp\/v2\/product_brand?post=8331"},{"taxonomy":"product_cat","embeddable":true,"href":"https:\/\/perlacarcosmetics.com\/de\/wp-json\/wp\/v2\/product_cat?post=8331"},{"taxonomy":"product_tag","embeddable":true,"href":"https:\/\/perlacarcosmetics.com\/de\/wp-json\/wp\/v2\/product_tag?post=8331"}],"curies":[{"name":"wp","href":"https:\/\/api.w.org\/{rel}","templated":true}]}}