{"id":8330,"date":"2023-05-02T15:11:36","date_gmt":"2023-05-02T13:11:36","guid":{"rendered":"https:\/\/perlacarcosmetics.com\/?post_type=product&#038;p=8330"},"modified":"2026-05-13T19:56:25","modified_gmt":"2026-05-13T17:56:25","slug":"plastic-cleaner","status":"publish","type":"product","link":"https:\/\/perlacarcosmetics.com\/de\/shop\/plastic-cleaner\/","title":{"rendered":"Plastic Cleaner"},"content":{"rendered":"<p>Sehen die Kunststoffteile Ihres Autos stumpf und verblasst aus? Haben sich Spuren von Staub, Schmutz und \u00d6len auf den Innenfl\u00e4chen Ihres Fahrzeugs gebildet? Die Antwort auf diese Probleme liegt im Kunststoffreiniger Plastic Cleaner aus der PERLA Car Cosmetics-Linie.<\/p>\n<p>Plastic Cleaner wurde speziell f\u00fcr die gr\u00fcndliche Reinigung und Auffrischung aller Kunststoffteile Ihres Autos \u2013 innen und au\u00dfen \u2013 entwickelt. Es wirkt effektiv sowohl bei sichtbaren als auch bei mikroskopisch kleinen Schmutzpartikeln, die mit blo\u00dfem Auge nicht erkennbar sind.<\/p>\n<p>Die \u00e4u\u00dferen Kunststoffteile Ihres Autos, wie etwa Sto\u00dfstangen, Leuchtenabdeckungen und Zierleisten, sind st\u00e4ndig sch\u00e4dlichen Einfl\u00fcssen wie Witterungseinfl\u00fcssen, Sonnenlicht, Salz, Bremsstaub und Stra\u00dfenschmutz ausgesetzt. Der Innenraum des Autos ist anf\u00e4llig f\u00fcr Flecken von Speisen und Getr\u00e4nken, Spuren von \u00d6len und anderen allt\u00e4glichen Verunreinigungen.<\/p>\n<p class=\" translation-block\">Die Verwendung von Plastic Cleaner ist einfach. Spr\u00fchen Sie das Produkt direkt auf den Schmutz, den Sie behandeln m\u00f6chten. Lassen Sie es einige Augenblicke einwirken, reiben Sie dann den Schmutz mit kreisenden Bewegungen ab und wischen Sie ihn mit einem trockenen Tuch ab. Das Produkt entfernt jeglichen Schmutz und stellt den Glanz von Kunststoffoberfl\u00e4chen wieder her. Dar\u00fcber hinaus hinterl\u00e4sst es einen angenehmen, frischen Geruch, der Ihr Auto erfrischt.<br>\n<strong>Nicht auf hei\u00dfen Oberfl\u00e4chen und direkter Sonneneinstrahlung verwenden!<\/strong><\/p>\n<p>Kunststoffreiniger \u2013 f\u00fcr gr\u00fcndliche Reinigung, frischen Geruch und Langzeitschutz Ihrer Kunststoffoberfl\u00e4chen. Lassen Sie nicht zu, dass Schmutz und Wetter den Glanz und die Lebensdauer der Kunststoffteile Ihres Autos zerst\u00f6ren. W\u00e4hlen Sie den Kunststoffreiniger PERLA Car Cosmetics f\u00fcr die optimale Pflege und den Schutz Ihres Autos.<\/p>\n<p>&nbsp;<\/p>\n<p>Klicken Sie hier, um zum Sicherheitsdatenblatt f\u00fcr dieses Produkt zu gelangen <a href=\"https:\/\/my.chemius.net\/p\/rBARDr\/sl\/gh\/sl\">HIER<\/a>.<\/p>\n\t\n \n<!-- 3D Model html -->\n<div class=\"bp_grand wrapper_9682\">   \n<div class=\"bp_model_parent\">\n<model-viewer class=\"model\" id=\"bp_model_id_9682\" src=\"https:\/\/perlacarcosmetics.com\/wp-content\/uploads\/2023\/07\/3D-Plastic-Cleaner.glb\" alt=\"3D-Plastic-Cleaner\" camera-controls disable-zoom loading=\"auto\" auto-rotate>\n<\/model-viewer>\n\n    <!-- Button -->\n    <svg id=\"openBtn\" width=\"24px\" height=\"24px\" viewbox=\"0 0 16 16\" xmlns=\"http:\/\/www.w3.org\/2000\/svg\" fill=\"#f2f2f2\" class=\"bi bi-arrows-fullscreen model-icon\">\n        <path fill-rule=\"evenodd\" d=\"M5.828 10.172a.5.5 0 0 0-.707 0l-4.096 4.096V11.5a.5.5 0 0 0-1 0v3.975a.5.5 0 0 0 .5.5H4.5a.5.5 0 0 0 0-1H1.732l4.096-4.096a.5.5 0 0 0 0-.707zm4.344 0a.5.5 0 0 1 .707 0l4.096 4.096V11.5a.5.5 0 1 1 1 0v3.975a.5.5 0 0 1-.5.5H11.5a.5.5 0 0 1 0-1h2.768l-4.096-4.096a.5.5 0 0 1 0-.707zm0-4.344a.5.5 0 0 0 .707 0l4.096-4.096V4.5a.5.5 0 1 0 1 0V.525a.5.5 0 0 0-.5-.5H11.5a.5.5 0 0 0 0 1h2.768l-4.096 4.096a.5.5 0 0 0 0 .707zm-4.344 0a.5.5 0 0 1-.707 0L1.025 1.732V4.5a.5.5 0 0 1-1 0V.525a.5.5 0 0 1 .5-.5H4.5a.5.5 0 0 1 0 1H1.732l4.096 4.096a.5.5 0 0 1 0 .707z\"\/>\n    <\/svg>\n\n    <svg id=\"closeBtn\" class=\"model-icon\" width=\"34px\" height=\"34px\" viewbox=\"0 0 24 24\" xmlns=\"http:\/\/www.w3.org\/2000\/svg\">\n    <path fill=\"none\" stroke=\"#f2f2f2\" stroke-width=\"2\" d=\"M7,7 L17,17 M7,17 L17,7\"\/>\n    <\/svg>\n    <!-- .\/Button -->\n\n<\/div>\n<\/div> \n<!-- Model Viewer Style -->\n<style>\n\n.wrapper_9682 .bp_model_parent, #bp_model_id_9682 {\n    width: 100%;\n    max-width: 100%;\n        margin: auto}\n#bp_model_id_9682 {\n    height:680px;\n    background-color: transparent;\n}\n.fullscreen #bp_model_id_9682{\n  height: 100%;\n  width: 100%;\n}\n.wrapper_9682 .bp_model_parent{\n    justify-content: center}\nmodel-viewer.model {\n    --poster-color: transparent;\n}\n<\/style>","protected":false},"excerpt":{"rendered":"<p>Reiniger f\u00fcr Kunststoffoberfl\u00e4chen<\/p>","protected":false},"featured_media":9768,"template":"","meta":{"iawp_total_views":805},"product_brand":[],"product_cat":[49,56],"product_tag":[],"class_list":{"0":"post-8330","1":"product","2":"type-product","3":"status-publish","4":"has-post-thumbnail","6":"product_cat-zunanjost","7":"product_cat-notranjost","9":"first","10":"instock","11":"sale","12":"taxable","13":"shipping-taxable","14":"purchasable","15":"product-type-simple"},"yoast_head":"<!-- This site is optimized with the Yoast SEO Premium plugin v20.5 (Yoast SEO v20.5) - https:\/\/yoast.com\/wordpress\/plugins\/seo\/ -->\n<title>\u010cistilo za plastiko - Plastic Cleaner - PERLA Car Cosmetics<\/title>\n<meta name=\"description\" content=\"Odkrijte Plastic Cleaner \u010distilo za plastiko iz linije PERLA Car Cosmetics, ki temeljito o\u010disti in osve\u017ei vse plasti\u010dne dele va\u0161ega avtomobila. Za\u0161\u010ditite svoje plasti\u010dne povr\u0161ine pred umazanijo in vplivi okolja. Izberite vrhunsko nego in za\u0161\u010dito za va\u0161 avtomobil!\" \/>\n<meta name=\"robots\" content=\"index, follow, max-snippet:-1, max-image-preview:large, max-video-preview:-1\" \/>\n<link rel=\"canonical\" href=\"https:\/\/perlacarcosmetics.com\/de\/shop\/plastic-cleaner\/\" \/>\n<meta property=\"og:locale\" content=\"de_DE\" \/>\n<meta property=\"og:type\" content=\"article\" \/>\n<meta property=\"og:title\" content=\"Plastic Cleaner - PERLA Car Cosmetics\" \/>\n<meta property=\"og:description\" content=\"Odkrijte Plastic Cleaner \u010distilo za plastiko iz linije PERLA Car Cosmetics, ki temeljito o\u010disti in osve\u017ei vse plasti\u010dne dele va\u0161ega avtomobila. Za\u0161\u010ditite svoje plasti\u010dne povr\u0161ine pred umazanijo in vplivi okolja. Izberite vrhunsko nego in za\u0161\u010dito za va\u0161 avtomobil!\" \/>\n<meta property=\"og:url\" content=\"https:\/\/perlacarcosmetics.com\/de\/shop\/plastic-cleaner\/\" \/>\n<meta property=\"og:site_name\" content=\"PERLA Car Cosmetics\" \/>\n<meta property=\"article:publisher\" content=\"https:\/\/www.facebook.com\/perla.car.cosmetics\" \/>\n<meta property=\"article:modified_time\" content=\"2026-05-13T17:56:25+00:00\" \/>\n<meta property=\"og:image\" content=\"https:\/\/perlacarcosmetics.com\/wp-content\/uploads\/2023\/07\/p.plastic-c.webp\" \/>\n\t<meta property=\"og:image:width\" content=\"1080\" \/>\n\t<meta property=\"og:image:height\" content=\"1080\" \/>\n\t<meta property=\"og:image:type\" content=\"image\/webp\" \/>\n<meta name=\"twitter:card\" content=\"summary_large_image\" \/>\n<meta name=\"twitter:title\" content=\"Plastic Cleaner\" \/>\n<meta name=\"twitter:label1\" content=\"Gesch\u00e4tzte Lesezeit\" \/>\n\t<meta name=\"twitter:data1\" content=\"2\u00a0Minuten\" \/>\n<script type=\"application\/ld+json\" class=\"yoast-schema-graph\">{\"@context\":\"https:\/\/schema.org\",\"@graph\":[{\"@type\":\"WebPage\",\"@id\":\"https:\/\/perlacarcosmetics.com\/shop\/plastic-cleaner\/\",\"url\":\"https:\/\/perlacarcosmetics.com\/shop\/plastic-cleaner\/\",\"name\":\"\u010cistilo za plastiko - Plastic Cleaner - PERLA Car Cosmetics\",\"isPartOf\":{\"@id\":\"https:\/\/perlacarcosmetics.com\/#website\"},\"datePublished\":\"2023-05-02T13:11:36+00:00\",\"dateModified\":\"2026-05-13T17:56:25+00:00\",\"description\":\"Odkrijte Plastic Cleaner \u010distilo za plastiko iz linije PERLA Car Cosmetics, ki temeljito o\u010disti in osve\u017ei vse plasti\u010dne dele va\u0161ega avtomobila. Za\u0161\u010ditite svoje plasti\u010dne povr\u0161ine pred umazanijo in vplivi okolja. Izberite vrhunsko nego in za\u0161\u010dito za va\u0161 avtomobil!\",\"breadcrumb\":{\"@id\":\"https:\/\/perlacarcosmetics.com\/shop\/plastic-cleaner\/#breadcrumb\"},\"inLanguage\":\"de\",\"potentialAction\":[{\"@type\":\"ReadAction\",\"target\":[\"https:\/\/perlacarcosmetics.com\/shop\/plastic-cleaner\/\"]}]},{\"@type\":\"BreadcrumbList\",\"@id\":\"https:\/\/perlacarcosmetics.com\/shop\/plastic-cleaner\/#breadcrumb\",\"itemListElement\":[{\"@type\":\"ListItem\",\"position\":1,\"name\":\"Home\",\"item\":\"https:\/\/perlacarcosmetics.com\/\"},{\"@type\":\"ListItem\",\"position\":2,\"name\":\"Shop\",\"item\":\"https:\/\/perlacarcosmetics.com\/shop\/\"},{\"@type\":\"ListItem\",\"position\":3,\"name\":\"Plastic Cleaner\"}]},{\"@type\":\"WebSite\",\"@id\":\"https:\/\/perlacarcosmetics.com\/#website\",\"url\":\"https:\/\/perlacarcosmetics.com\/\",\"name\":\"PERLA Car Cosmetics\",\"description\":\"Like Your Car, Like Your Life\",\"publisher\":{\"@id\":\"https:\/\/perlacarcosmetics.com\/#organization\"},\"potentialAction\":[{\"@type\":\"SearchAction\",\"target\":{\"@type\":\"EntryPoint\",\"urlTemplate\":\"https:\/\/perlacarcosmetics.com\/?s={search_term_string}\"},\"query-input\":\"required name=search_term_string\"}],\"inLanguage\":\"de\"},{\"@type\":\"Organization\",\"@id\":\"https:\/\/perlacarcosmetics.com\/#organization\",\"name\":\"PERLA Car Cosmetics\",\"url\":\"https:\/\/perlacarcosmetics.com\/\",\"logo\":{\"@type\":\"ImageObject\",\"inLanguage\":\"de\",\"@id\":\"https:\/\/perlacarcosmetics.com\/#\/schema\/logo\/image\/\",\"url\":\"https:\/\/perlacarcosmetics.com\/wp-content\/uploads\/2023\/07\/Perla-logo.jpg\",\"contentUrl\":\"https:\/\/perlacarcosmetics.com\/wp-content\/uploads\/2023\/07\/Perla-logo.jpg\",\"width\":1500,\"height\":1500,\"caption\":\"PERLA Car Cosmetics\"},\"image\":{\"@id\":\"https:\/\/perlacarcosmetics.com\/#\/schema\/logo\/image\/\"},\"sameAs\":[\"https:\/\/www.facebook.com\/perla.car.cosmetics\",\"https:\/\/www.tiktok.com\/@perla.car.cosmetics\",\"https:\/\/www.instagram.com\/perla.car.cosmetics\"]}]}<\/script>\n<!-- \/ Yoast SEO Premium plugin. -->","yoast_head_json":{"title":"\u010cistilo za plastiko - Plastic Cleaner - PERLA Car Cosmetics","description":"Odkrijte Plastic Cleaner \u010distilo za plastiko iz linije PERLA Car Cosmetics, ki temeljito o\u010disti in osve\u017ei vse plasti\u010dne dele va\u0161ega avtomobila. Za\u0161\u010ditite svoje plasti\u010dne povr\u0161ine pred umazanijo in vplivi okolja. Izberite vrhunsko nego in za\u0161\u010dito za va\u0161 avtomobil!","robots":{"index":"index","follow":"follow","max-snippet":"max-snippet:-1","max-image-preview":"max-image-preview:large","max-video-preview":"max-video-preview:-1"},"canonical":"https:\/\/perlacarcosmetics.com\/de\/shop\/plastic-cleaner\/","og_locale":"de_DE","og_type":"article","og_title":"Plastic Cleaner - PERLA Car Cosmetics","og_description":"Odkrijte Plastic Cleaner \u010distilo za plastiko iz linije PERLA Car Cosmetics, ki temeljito o\u010disti in osve\u017ei vse plasti\u010dne dele va\u0161ega avtomobila. Za\u0161\u010ditite svoje plasti\u010dne povr\u0161ine pred umazanijo in vplivi okolja. Izberite vrhunsko nego in za\u0161\u010dito za va\u0161 avtomobil!","og_url":"https:\/\/perlacarcosmetics.com\/de\/shop\/plastic-cleaner\/","og_site_name":"PERLA Car Cosmetics","article_publisher":"https:\/\/www.facebook.com\/perla.car.cosmetics","article_modified_time":"2026-05-13T17:56:25+00:00","og_image":[{"width":1080,"height":1080,"url":"https:\/\/perlacarcosmetics.com\/wp-content\/uploads\/2023\/07\/p.plastic-c.webp","type":"image\/webp"}],"twitter_card":"summary_large_image","twitter_title":"Plastic Cleaner","twitter_misc":{"Gesch\u00e4tzte Lesezeit":"2\u00a0Minuten"},"schema":{"@context":"https:\/\/schema.org","@graph":[{"@type":"WebPage","@id":"https:\/\/perlacarcosmetics.com\/shop\/plastic-cleaner\/","url":"https:\/\/perlacarcosmetics.com\/shop\/plastic-cleaner\/","name":"\u010cistilo za plastiko - Plastic Cleaner - PERLA Car Cosmetics","isPartOf":{"@id":"https:\/\/perlacarcosmetics.com\/#website"},"datePublished":"2023-05-02T13:11:36+00:00","dateModified":"2026-05-13T17:56:25+00:00","description":"Odkrijte Plastic Cleaner \u010distilo za plastiko iz linije PERLA Car Cosmetics, ki temeljito o\u010disti in osve\u017ei vse plasti\u010dne dele va\u0161ega avtomobila. Za\u0161\u010ditite svoje plasti\u010dne povr\u0161ine pred umazanijo in vplivi okolja. Izberite vrhunsko nego in za\u0161\u010dito za va\u0161 avtomobil!","breadcrumb":{"@id":"https:\/\/perlacarcosmetics.com\/shop\/plastic-cleaner\/#breadcrumb"},"inLanguage":"de","potentialAction":[{"@type":"ReadAction","target":["https:\/\/perlacarcosmetics.com\/shop\/plastic-cleaner\/"]}]},{"@type":"BreadcrumbList","@id":"https:\/\/perlacarcosmetics.com\/shop\/plastic-cleaner\/#breadcrumb","itemListElement":[{"@type":"ListItem","position":1,"name":"Home","item":"https:\/\/perlacarcosmetics.com\/"},{"@type":"ListItem","position":2,"name":"Shop","item":"https:\/\/perlacarcosmetics.com\/shop\/"},{"@type":"ListItem","position":3,"name":"Plastic Cleaner"}]},{"@type":"WebSite","@id":"https:\/\/perlacarcosmetics.com\/#website","url":"https:\/\/perlacarcosmetics.com\/","name":"PERLA Car Cosmetics","description":"Like Your Car, Like Your Life","publisher":{"@id":"https:\/\/perlacarcosmetics.com\/#organization"},"potentialAction":[{"@type":"SearchAction","target":{"@type":"EntryPoint","urlTemplate":"https:\/\/perlacarcosmetics.com\/?s={search_term_string}"},"query-input":"required name=search_term_string"}],"inLanguage":"de"},{"@type":"Organization","@id":"https:\/\/perlacarcosmetics.com\/#organization","name":"PERLA Car Cosmetics","url":"https:\/\/perlacarcosmetics.com\/","logo":{"@type":"ImageObject","inLanguage":"de","@id":"https:\/\/perlacarcosmetics.com\/#\/schema\/logo\/image\/","url":"https:\/\/perlacarcosmetics.com\/wp-content\/uploads\/2023\/07\/Perla-logo.jpg","contentUrl":"https:\/\/perlacarcosmetics.com\/wp-content\/uploads\/2023\/07\/Perla-logo.jpg","width":1500,"height":1500,"caption":"PERLA Car Cosmetics"},"image":{"@id":"https:\/\/perlacarcosmetics.com\/#\/schema\/logo\/image\/"},"sameAs":["https:\/\/www.facebook.com\/perla.car.cosmetics","https:\/\/www.tiktok.com\/@perla.car.cosmetics","https:\/\/www.instagram.com\/perla.car.cosmetics"]}]}},"_links":{"self":[{"href":"https:\/\/perlacarcosmetics.com\/de\/wp-json\/wp\/v2\/product\/8330","targetHints":{"allow":["GET"]}}],"collection":[{"href":"https:\/\/perlacarcosmetics.com\/de\/wp-json\/wp\/v2\/product"}],"about":[{"href":"https:\/\/perlacarcosmetics.com\/de\/wp-json\/wp\/v2\/types\/product"}],"wp:featuredmedia":[{"embeddable":true,"href":"https:\/\/perlacarcosmetics.com\/de\/wp-json\/wp\/v2\/media\/9768"}],"wp:attachment":[{"href":"https:\/\/perlacarcosmetics.com\/de\/wp-json\/wp\/v2\/media?parent=8330"}],"wp:term":[{"taxonomy":"product_brand","embeddable":true,"href":"https:\/\/perlacarcosmetics.com\/de\/wp-json\/wp\/v2\/product_brand?post=8330"},{"taxonomy":"product_cat","embeddable":true,"href":"https:\/\/perlacarcosmetics.com\/de\/wp-json\/wp\/v2\/product_cat?post=8330"},{"taxonomy":"product_tag","embeddable":true,"href":"https:\/\/perlacarcosmetics.com\/de\/wp-json\/wp\/v2\/product_tag?post=8330"}],"curies":[{"name":"wp","href":"https:\/\/api.w.org\/{rel}","templated":true}]}}