{"id":8329,"date":"2023-05-02T15:10:58","date_gmt":"2023-05-02T13:10:58","guid":{"rendered":"https:\/\/perlacarcosmetics.com\/?post_type=product&#038;p=8329"},"modified":"2026-05-13T19:56:25","modified_gmt":"2026-05-13T17:56:25","slug":"plastic-protect","status":"publish","type":"product","link":"https:\/\/perlacarcosmetics.com\/de\/shop\/plastic-protect\/","title":{"rendered":"Plastic Protect"},"content":{"rendered":"<p>Sie haben bereits die Kunststoffteile Ihres Autos gereinigt und m\u00f6chten, dass der Glanz l\u00e4nger anh\u00e4lt? Sie m\u00f6chten den Kunststoffen in Ihrem Auto den bestm\u00f6glichen Schutz vor Witterungseinfl\u00fcssen, Staub, Sonne und anderen Verunreinigungen bieten? Wir stellen Ihnen Plastic Protect aus der PERLA Car Cosmetics-Linie vor!<\/p>\n<p>Plastic Protect wurde speziell entwickelt, um den Glanz der gereinigten Kunststoffteile Ihres Autos zu bewahren und ihnen einen langanhaltenden Schutz zu bieten. Dieses fortschrittliche Produkt erzeugt eine Schutzschicht auf der Oberfl\u00e4che, die Schmutz abweist, vor Sonnenlicht sch\u00fctzt und ein Ausbleichen verhindert.<\/p>\n<p>Aber das ist nicht alles. Gleichzeitig h\u00e4lt Plastic Protect Ihr Auto mit einem zarten Duft frisch. Dadurch sieht Ihr Auto nicht nur wie neu aus, sondern riecht auch wie neu.<\/p>\n<p>Die Anwendung ist einfach und effektiv. Spr\u00fchen Sie das Produkt auf eine trockene und saubere Kunststoffoberfl\u00e4che und wischen Sie \u00fcbersch\u00fcssiges Produkt anschlie\u00dfend mit einem weichen Tuch ab. Das Ergebnis? Langanhaltender Schutz, frischer Duft und extrem gl\u00e4nzende Kunststoffoberfl\u00e4chen.<\/p>\n<p>Plastic Protect \u2013 f\u00fcr dauerhaften Schutz, duftende Frische und au\u00dfergew\u00f6hnlichen Glanz der Kunststoffteile Ihres Autos!<\/p>\n<p>Lassen Sie nicht zu, dass Schmutz, Staub und sch\u00e4dliche Umwelteinfl\u00fcsse die Lebensdauer und Sch\u00f6nheit der Kunststoffteile Ihres Autos beeintr\u00e4chtigen. W\u00e4hlen Sie Plastic Protect f\u00fcr ein H\u00f6chstma\u00df an Pflege und Schutz f\u00fcr Ihr Fahrzeug.<\/p>\n<p>&nbsp;<\/p>\n<p>Klicken Sie hier, um zum Sicherheitsdatenblatt f\u00fcr dieses Produkt zu gelangen <a href=\"https:\/\/my.chemius.net\/p\/pDaT38\/sl\/gh\/sl\">HIER<\/a>.<\/p>\n\t\n \n<!-- 3D Model html -->\n<div class=\"bp_grand wrapper_9683\">   \n<div class=\"bp_model_parent\">\n<model-viewer class=\"model\" id=\"bp_model_id_9683\" src=\"https:\/\/perlacarcosmetics.com\/wp-content\/uploads\/2023\/07\/3D-Plastic-Protect.glb\" alt=\"3D-Plastic-Protect\" camera-controls disable-zoom loading=\"auto\" auto-rotate>\n<\/model-viewer>\n\n    <!-- Button -->\n    <svg id=\"openBtn\" width=\"24px\" height=\"24px\" viewbox=\"0 0 16 16\" xmlns=\"http:\/\/www.w3.org\/2000\/svg\" fill=\"#f2f2f2\" class=\"bi bi-arrows-fullscreen model-icon\">\n        <path fill-rule=\"evenodd\" d=\"M5.828 10.172a.5.5 0 0 0-.707 0l-4.096 4.096V11.5a.5.5 0 0 0-1 0v3.975a.5.5 0 0 0 .5.5H4.5a.5.5 0 0 0 0-1H1.732l4.096-4.096a.5.5 0 0 0 0-.707zm4.344 0a.5.5 0 0 1 .707 0l4.096 4.096V11.5a.5.5 0 1 1 1 0v3.975a.5.5 0 0 1-.5.5H11.5a.5.5 0 0 1 0-1h2.768l-4.096-4.096a.5.5 0 0 1 0-.707zm0-4.344a.5.5 0 0 0 .707 0l4.096-4.096V4.5a.5.5 0 1 0 1 0V.525a.5.5 0 0 0-.5-.5H11.5a.5.5 0 0 0 0 1h2.768l-4.096 4.096a.5.5 0 0 0 0 .707zm-4.344 0a.5.5 0 0 1-.707 0L1.025 1.732V4.5a.5.5 0 0 1-1 0V.525a.5.5 0 0 1 .5-.5H4.5a.5.5 0 0 1 0 1H1.732l4.096 4.096a.5.5 0 0 1 0 .707z\"\/>\n    <\/svg>\n\n    <svg id=\"closeBtn\" class=\"model-icon\" width=\"34px\" height=\"34px\" viewbox=\"0 0 24 24\" xmlns=\"http:\/\/www.w3.org\/2000\/svg\">\n    <path fill=\"none\" stroke=\"#f2f2f2\" stroke-width=\"2\" d=\"M7,7 L17,17 M7,17 L17,7\"\/>\n    <\/svg>\n    <!-- .\/Button -->\n\n<\/div>\n<\/div> \n<!-- Model Viewer Style -->\n<style>\n\n.wrapper_9683 .bp_model_parent, #bp_model_id_9683 {\n    width: 100%;\n    max-width: 100%;\n        margin: auto}\n#bp_model_id_9683 {\n    height:680px;\n    background-color: transparent;\n}\n.fullscreen #bp_model_id_9683{\n  height: 100%;\n  width: 100%;\n}\n.wrapper_9683 .bp_model_parent{\n    justify-content: center}\nmodel-viewer.model {\n    --poster-color: transparent;\n}\n<\/style>","protected":false},"excerpt":{"rendered":"<p>Schmiermittel f\u00fcr die Wartung und Restaurierung von Kunststoffteilen des Fahrzeugs<\/p>","protected":false},"featured_media":9769,"template":"","meta":{"iawp_total_views":719},"product_brand":[],"product_cat":[49,56],"product_tag":[],"class_list":{"0":"post-8329","1":"product","2":"type-product","3":"status-publish","4":"has-post-thumbnail","6":"product_cat-zunanjost","7":"product_cat-notranjost","9":"first","10":"instock","11":"sale","12":"taxable","13":"shipping-taxable","14":"purchasable","15":"product-type-simple"},"yoast_head":"<!-- This site is optimized with the Yoast SEO Premium plugin v20.5 (Yoast SEO v20.5) - https:\/\/yoast.com\/wordpress\/plugins\/seo\/ -->\n<title>Za\u0161\u010dita za plastiko - Plastic Protect - PERLA Car Cosmetics<\/title>\n<meta name=\"description\" content=\"Odkrijte Plastic Protect iz linije PERLA Car Cosmetics, ki nudi trajno za\u0161\u010dito, di\u0161e\u010do sve\u017eino in izjemen sijaj plasti\u010dnih delov va\u0161ega avtomobila. Za\u0161\u010ditite svoje plasti\u010dne povr\u0161ine pred vplivi okolja in ohranite njihovo lepoto. Izberite vrhunsko nego in za\u0161\u010dito za va\u0161 avtomobil!\" \/>\n<meta name=\"robots\" content=\"index, follow, max-snippet:-1, max-image-preview:large, max-video-preview:-1\" \/>\n<link rel=\"canonical\" href=\"https:\/\/perlacarcosmetics.com\/de\/shop\/plastic-protect\/\" \/>\n<meta property=\"og:locale\" content=\"de_DE\" \/>\n<meta property=\"og:type\" content=\"article\" \/>\n<meta property=\"og:title\" content=\"Plastic Protect - PERLA Car Cosmetics\" \/>\n<meta property=\"og:description\" content=\"Odkrijte Plastic Protect iz linije PERLA Car Cosmetics, ki nudi trajno za\u0161\u010dito, di\u0161e\u010do sve\u017eino in izjemen sijaj plasti\u010dnih delov va\u0161ega avtomobila. Za\u0161\u010ditite svoje plasti\u010dne povr\u0161ine pred vplivi okolja in ohranite njihovo lepoto. Izberite vrhunsko nego in za\u0161\u010dito za va\u0161 avtomobil!\" \/>\n<meta property=\"og:url\" content=\"https:\/\/perlacarcosmetics.com\/de\/shop\/plastic-protect\/\" \/>\n<meta property=\"og:site_name\" content=\"PERLA Car Cosmetics\" \/>\n<meta property=\"article:publisher\" content=\"https:\/\/www.facebook.com\/perla.car.cosmetics\" \/>\n<meta property=\"article:modified_time\" content=\"2026-05-13T17:56:25+00:00\" \/>\n<meta property=\"og:image\" content=\"https:\/\/perlacarcosmetics.com\/wp-content\/uploads\/2023\/07\/p.plastic-p.webp\" \/>\n\t<meta property=\"og:image:width\" content=\"1080\" \/>\n\t<meta property=\"og:image:height\" content=\"1080\" \/>\n\t<meta property=\"og:image:type\" content=\"image\/webp\" \/>\n<meta name=\"twitter:card\" content=\"summary_large_image\" \/>\n<meta name=\"twitter:title\" content=\"Plastic Protect\" \/>\n<meta name=\"twitter:label1\" content=\"Gesch\u00e4tzte Lesezeit\" \/>\n\t<meta name=\"twitter:data1\" content=\"1\u00a0Minute\" \/>\n<script type=\"application\/ld+json\" class=\"yoast-schema-graph\">{\"@context\":\"https:\/\/schema.org\",\"@graph\":[{\"@type\":\"WebPage\",\"@id\":\"https:\/\/perlacarcosmetics.com\/shop\/plastic-protect\/\",\"url\":\"https:\/\/perlacarcosmetics.com\/shop\/plastic-protect\/\",\"name\":\"Za\u0161\u010dita za plastiko - Plastic Protect - PERLA Car Cosmetics\",\"isPartOf\":{\"@id\":\"https:\/\/perlacarcosmetics.com\/#website\"},\"datePublished\":\"2023-05-02T13:10:58+00:00\",\"dateModified\":\"2026-05-13T17:56:25+00:00\",\"description\":\"Odkrijte Plastic Protect iz linije PERLA Car Cosmetics, ki nudi trajno za\u0161\u010dito, di\u0161e\u010do sve\u017eino in izjemen sijaj plasti\u010dnih delov va\u0161ega avtomobila. Za\u0161\u010ditite svoje plasti\u010dne povr\u0161ine pred vplivi okolja in ohranite njihovo lepoto. Izberite vrhunsko nego in za\u0161\u010dito za va\u0161 avtomobil!\",\"breadcrumb\":{\"@id\":\"https:\/\/perlacarcosmetics.com\/shop\/plastic-protect\/#breadcrumb\"},\"inLanguage\":\"de\",\"potentialAction\":[{\"@type\":\"ReadAction\",\"target\":[\"https:\/\/perlacarcosmetics.com\/shop\/plastic-protect\/\"]}]},{\"@type\":\"BreadcrumbList\",\"@id\":\"https:\/\/perlacarcosmetics.com\/shop\/plastic-protect\/#breadcrumb\",\"itemListElement\":[{\"@type\":\"ListItem\",\"position\":1,\"name\":\"Home\",\"item\":\"https:\/\/perlacarcosmetics.com\/\"},{\"@type\":\"ListItem\",\"position\":2,\"name\":\"Shop\",\"item\":\"https:\/\/perlacarcosmetics.com\/shop\/\"},{\"@type\":\"ListItem\",\"position\":3,\"name\":\"Plastic Protect\"}]},{\"@type\":\"WebSite\",\"@id\":\"https:\/\/perlacarcosmetics.com\/#website\",\"url\":\"https:\/\/perlacarcosmetics.com\/\",\"name\":\"PERLA Car Cosmetics\",\"description\":\"Like Your Car, Like Your Life\",\"publisher\":{\"@id\":\"https:\/\/perlacarcosmetics.com\/#organization\"},\"potentialAction\":[{\"@type\":\"SearchAction\",\"target\":{\"@type\":\"EntryPoint\",\"urlTemplate\":\"https:\/\/perlacarcosmetics.com\/?s={search_term_string}\"},\"query-input\":\"required name=search_term_string\"}],\"inLanguage\":\"de\"},{\"@type\":\"Organization\",\"@id\":\"https:\/\/perlacarcosmetics.com\/#organization\",\"name\":\"PERLA Car Cosmetics\",\"url\":\"https:\/\/perlacarcosmetics.com\/\",\"logo\":{\"@type\":\"ImageObject\",\"inLanguage\":\"de\",\"@id\":\"https:\/\/perlacarcosmetics.com\/#\/schema\/logo\/image\/\",\"url\":\"https:\/\/perlacarcosmetics.com\/wp-content\/uploads\/2023\/07\/Perla-logo.jpg\",\"contentUrl\":\"https:\/\/perlacarcosmetics.com\/wp-content\/uploads\/2023\/07\/Perla-logo.jpg\",\"width\":1500,\"height\":1500,\"caption\":\"PERLA Car Cosmetics\"},\"image\":{\"@id\":\"https:\/\/perlacarcosmetics.com\/#\/schema\/logo\/image\/\"},\"sameAs\":[\"https:\/\/www.facebook.com\/perla.car.cosmetics\",\"https:\/\/www.tiktok.com\/@perla.car.cosmetics\",\"https:\/\/www.instagram.com\/perla.car.cosmetics\"]}]}<\/script>\n<!-- \/ Yoast SEO Premium plugin. -->","yoast_head_json":{"title":"Za\u0161\u010dita za plastiko - Plastic Protect - PERLA Car Cosmetics","description":"Odkrijte Plastic Protect iz linije PERLA Car Cosmetics, ki nudi trajno za\u0161\u010dito, di\u0161e\u010do sve\u017eino in izjemen sijaj plasti\u010dnih delov va\u0161ega avtomobila. Za\u0161\u010ditite svoje plasti\u010dne povr\u0161ine pred vplivi okolja in ohranite njihovo lepoto. Izberite vrhunsko nego in za\u0161\u010dito za va\u0161 avtomobil!","robots":{"index":"index","follow":"follow","max-snippet":"max-snippet:-1","max-image-preview":"max-image-preview:large","max-video-preview":"max-video-preview:-1"},"canonical":"https:\/\/perlacarcosmetics.com\/de\/shop\/plastic-protect\/","og_locale":"de_DE","og_type":"article","og_title":"Plastic Protect - PERLA Car Cosmetics","og_description":"Odkrijte Plastic Protect iz linije PERLA Car Cosmetics, ki nudi trajno za\u0161\u010dito, di\u0161e\u010do sve\u017eino in izjemen sijaj plasti\u010dnih delov va\u0161ega avtomobila. Za\u0161\u010ditite svoje plasti\u010dne povr\u0161ine pred vplivi okolja in ohranite njihovo lepoto. Izberite vrhunsko nego in za\u0161\u010dito za va\u0161 avtomobil!","og_url":"https:\/\/perlacarcosmetics.com\/de\/shop\/plastic-protect\/","og_site_name":"PERLA Car Cosmetics","article_publisher":"https:\/\/www.facebook.com\/perla.car.cosmetics","article_modified_time":"2026-05-13T17:56:25+00:00","og_image":[{"width":1080,"height":1080,"url":"https:\/\/perlacarcosmetics.com\/wp-content\/uploads\/2023\/07\/p.plastic-p.webp","type":"image\/webp"}],"twitter_card":"summary_large_image","twitter_title":"Plastic Protect","twitter_misc":{"Gesch\u00e4tzte Lesezeit":"1\u00a0Minute"},"schema":{"@context":"https:\/\/schema.org","@graph":[{"@type":"WebPage","@id":"https:\/\/perlacarcosmetics.com\/shop\/plastic-protect\/","url":"https:\/\/perlacarcosmetics.com\/shop\/plastic-protect\/","name":"Za\u0161\u010dita za plastiko - Plastic Protect - PERLA Car Cosmetics","isPartOf":{"@id":"https:\/\/perlacarcosmetics.com\/#website"},"datePublished":"2023-05-02T13:10:58+00:00","dateModified":"2026-05-13T17:56:25+00:00","description":"Odkrijte Plastic Protect iz linije PERLA Car Cosmetics, ki nudi trajno za\u0161\u010dito, di\u0161e\u010do sve\u017eino in izjemen sijaj plasti\u010dnih delov va\u0161ega avtomobila. Za\u0161\u010ditite svoje plasti\u010dne povr\u0161ine pred vplivi okolja in ohranite njihovo lepoto. Izberite vrhunsko nego in za\u0161\u010dito za va\u0161 avtomobil!","breadcrumb":{"@id":"https:\/\/perlacarcosmetics.com\/shop\/plastic-protect\/#breadcrumb"},"inLanguage":"de","potentialAction":[{"@type":"ReadAction","target":["https:\/\/perlacarcosmetics.com\/shop\/plastic-protect\/"]}]},{"@type":"BreadcrumbList","@id":"https:\/\/perlacarcosmetics.com\/shop\/plastic-protect\/#breadcrumb","itemListElement":[{"@type":"ListItem","position":1,"name":"Home","item":"https:\/\/perlacarcosmetics.com\/"},{"@type":"ListItem","position":2,"name":"Shop","item":"https:\/\/perlacarcosmetics.com\/shop\/"},{"@type":"ListItem","position":3,"name":"Plastic Protect"}]},{"@type":"WebSite","@id":"https:\/\/perlacarcosmetics.com\/#website","url":"https:\/\/perlacarcosmetics.com\/","name":"PERLA Car Cosmetics","description":"Like Your Car, Like Your Life","publisher":{"@id":"https:\/\/perlacarcosmetics.com\/#organization"},"potentialAction":[{"@type":"SearchAction","target":{"@type":"EntryPoint","urlTemplate":"https:\/\/perlacarcosmetics.com\/?s={search_term_string}"},"query-input":"required name=search_term_string"}],"inLanguage":"de"},{"@type":"Organization","@id":"https:\/\/perlacarcosmetics.com\/#organization","name":"PERLA Car Cosmetics","url":"https:\/\/perlacarcosmetics.com\/","logo":{"@type":"ImageObject","inLanguage":"de","@id":"https:\/\/perlacarcosmetics.com\/#\/schema\/logo\/image\/","url":"https:\/\/perlacarcosmetics.com\/wp-content\/uploads\/2023\/07\/Perla-logo.jpg","contentUrl":"https:\/\/perlacarcosmetics.com\/wp-content\/uploads\/2023\/07\/Perla-logo.jpg","width":1500,"height":1500,"caption":"PERLA Car Cosmetics"},"image":{"@id":"https:\/\/perlacarcosmetics.com\/#\/schema\/logo\/image\/"},"sameAs":["https:\/\/www.facebook.com\/perla.car.cosmetics","https:\/\/www.tiktok.com\/@perla.car.cosmetics","https:\/\/www.instagram.com\/perla.car.cosmetics"]}]}},"_links":{"self":[{"href":"https:\/\/perlacarcosmetics.com\/de\/wp-json\/wp\/v2\/product\/8329","targetHints":{"allow":["GET"]}}],"collection":[{"href":"https:\/\/perlacarcosmetics.com\/de\/wp-json\/wp\/v2\/product"}],"about":[{"href":"https:\/\/perlacarcosmetics.com\/de\/wp-json\/wp\/v2\/types\/product"}],"wp:featuredmedia":[{"embeddable":true,"href":"https:\/\/perlacarcosmetics.com\/de\/wp-json\/wp\/v2\/media\/9769"}],"wp:attachment":[{"href":"https:\/\/perlacarcosmetics.com\/de\/wp-json\/wp\/v2\/media?parent=8329"}],"wp:term":[{"taxonomy":"product_brand","embeddable":true,"href":"https:\/\/perlacarcosmetics.com\/de\/wp-json\/wp\/v2\/product_brand?post=8329"},{"taxonomy":"product_cat","embeddable":true,"href":"https:\/\/perlacarcosmetics.com\/de\/wp-json\/wp\/v2\/product_cat?post=8329"},{"taxonomy":"product_tag","embeddable":true,"href":"https:\/\/perlacarcosmetics.com\/de\/wp-json\/wp\/v2\/product_tag?post=8329"}],"curies":[{"name":"wp","href":"https:\/\/api.w.org\/{rel}","templated":true}]}}