{"id":8326,"date":"2023-05-02T15:07:38","date_gmt":"2023-05-02T13:07:38","guid":{"rendered":"https:\/\/perlacarcosmetics.com\/?post_type=product&#038;p=8326"},"modified":"2026-05-14T20:23:24","modified_gmt":"2026-05-14T18:23:24","slug":"leather-protect","status":"publish","type":"product","link":"https:\/\/perlacarcosmetics.com\/de\/shop\/leather-protect\/","title":{"rendered":"Leather Protect"},"content":{"rendered":"<p>LEATHER PROTECT &#8211; PERLA Car Cosmetics<\/p>\n<p>Erhalten Sie die Qualit\u00e4t und das Aussehen der Lederoberfl\u00e4chen in Ihrem Auto mit dem Produkt Leather Protect aus der PERLA Car Cosmetics-Linie.<\/p>\n<p>Leder im Auto ist st\u00e4ndigen Umwelteinfl\u00fcssen ausgesetzt \u2013 von Sonnenlicht, Schwei\u00df bis hin zu Schmutz und Staub. Mit unserem Produkt Leather Protect sorgen Sie daf\u00fcr, dass Lederoberfl\u00e4chen lange in gutem Zustand bleiben und ihnen gleichzeitig einen frischen, angenehmen Geruch verleihen.<\/p>\n<p>Die Anwendung ist einfach: Spr\u00fchen Sie Leather Protect auf die vorgereinigten Lederteile des Fahrzeugs und wischen Sie es anschlie\u00dfend gleichm\u00e4\u00dfig mit einem sauberen Tuch ab. Das Produkt hinterl\u00e4sst eine Schutzschicht, die das Leder vor sch\u00e4dlichen Einfl\u00fcssen sch\u00fctzt, sowie einen angenehmen Geruch, der das Ambiente in Ihrem Fahrzeug verbessert.<\/p>\n<p><strong>Wichtiger Warnhinweis: Benutzen Sie das Produkt niemals auf einer hei\u00dfen Oberfl\u00e4che oder in direktem Sonnenlicht.<\/strong><\/p>\n<p>LEATHER PROTECT \u2013 PERLA Autokosmetik. F\u00fcr optimalen Schutz und langanhaltende Frische der Lederoberfl\u00e4chen in Ihrem Auto.<\/p>\n<p>&nbsp;<\/p>\n<p>Klicken Sie hier, um zum Sicherheitsdatenblatt f\u00fcr dieses Produkt zu gelangen <a href=\"https:\/\/my.chemius.net\/p\/CuKdln\/sl\/gh\/sl\">HIER<\/a>.<\/p>\n<p>&nbsp;<\/p>\n\t\n \n<!-- 3D Model html -->\n<div class=\"bp_grand wrapper_9680\">   \n<div class=\"bp_model_parent\">\n<model-viewer class=\"model\" id=\"bp_model_id_9680\" src=\"https:\/\/perlacarcosmetics.com\/wp-content\/uploads\/2023\/07\/3D-Leather-Protect.glb\" alt=\"3D-Leather-Protect\" camera-controls disable-zoom loading=\"auto\" auto-rotate>\n<\/model-viewer>\n\n    <!-- Button -->\n    <svg id=\"openBtn\" width=\"24px\" height=\"24px\" viewbox=\"0 0 16 16\" xmlns=\"http:\/\/www.w3.org\/2000\/svg\" fill=\"#f2f2f2\" class=\"bi bi-arrows-fullscreen model-icon\">\n        <path fill-rule=\"evenodd\" d=\"M5.828 10.172a.5.5 0 0 0-.707 0l-4.096 4.096V11.5a.5.5 0 0 0-1 0v3.975a.5.5 0 0 0 .5.5H4.5a.5.5 0 0 0 0-1H1.732l4.096-4.096a.5.5 0 0 0 0-.707zm4.344 0a.5.5 0 0 1 .707 0l4.096 4.096V11.5a.5.5 0 1 1 1 0v3.975a.5.5 0 0 1-.5.5H11.5a.5.5 0 0 1 0-1h2.768l-4.096-4.096a.5.5 0 0 1 0-.707zm0-4.344a.5.5 0 0 0 .707 0l4.096-4.096V4.5a.5.5 0 1 0 1 0V.525a.5.5 0 0 0-.5-.5H11.5a.5.5 0 0 0 0 1h2.768l-4.096 4.096a.5.5 0 0 0 0 .707zm-4.344 0a.5.5 0 0 1-.707 0L1.025 1.732V4.5a.5.5 0 0 1-1 0V.525a.5.5 0 0 1 .5-.5H4.5a.5.5 0 0 1 0 1H1.732l4.096 4.096a.5.5 0 0 1 0 .707z\"\/>\n    <\/svg>\n\n    <svg id=\"closeBtn\" class=\"model-icon\" width=\"34px\" height=\"34px\" viewbox=\"0 0 24 24\" xmlns=\"http:\/\/www.w3.org\/2000\/svg\">\n    <path fill=\"none\" stroke=\"#f2f2f2\" stroke-width=\"2\" d=\"M7,7 L17,17 M7,17 L17,7\"\/>\n    <\/svg>\n    <!-- .\/Button -->\n\n<\/div>\n<\/div> \n<!-- Model Viewer Style -->\n<style>\n\n.wrapper_9680 .bp_model_parent, #bp_model_id_9680 {\n    width: 100%;\n    max-width: 100%;\n        margin: auto}\n#bp_model_id_9680 {\n    height:680px;\n    background-color: transparent;\n}\n.fullscreen #bp_model_id_9680{\n  height: 100%;\n  width: 100%;\n}\n.wrapper_9680 .bp_model_parent{\n    justify-content: center}\nmodel-viewer.model {\n    --poster-color: transparent;\n}\n<\/style>","protected":false},"excerpt":{"rendered":"<p>Schmiermittel f\u00fcr die Pflege und Restaurierung von Fahrzeugteilen aus Leder<\/p>","protected":false},"featured_media":9765,"template":"","meta":{"iawp_total_views":390},"product_brand":[],"product_cat":[56],"product_tag":[],"class_list":{"0":"post-8326","1":"product","2":"type-product","3":"status-publish","4":"has-post-thumbnail","6":"product_cat-notranjost","8":"first","9":"instock","10":"sale","11":"taxable","12":"shipping-taxable","13":"purchasable","14":"product-type-simple"},"yoast_head":"<!-- This site is optimized with the Yoast SEO Premium plugin v20.5 (Yoast SEO v20.5) - https:\/\/yoast.com\/wordpress\/plugins\/seo\/ -->\n<title>Za\u0161\u010dita za usnje - Leather Protect - PERLA Car Cosmetics<\/title>\n<meta name=\"description\" content=\"Odkrijte Leather Protect iz linije PERLA Car Cosmetics, ki zagotavlja optimalno za\u0161\u010dito in dolgotrajno sve\u017eino usnjenih povr\u0161in v va\u0161em avtomobilu. Nanesite ga na o\u010di\u0161\u010deno usnje in ustvarite za\u0161\u010ditno plast ter prijeten vonj. Izberite vrhunsko za\u0161\u010dito in nego za usnjene povr\u0161ine va\u0161ega avtomobila!\" \/>\n<meta name=\"robots\" content=\"index, follow, max-snippet:-1, max-image-preview:large, max-video-preview:-1\" \/>\n<link rel=\"canonical\" href=\"https:\/\/perlacarcosmetics.com\/de\/shop\/leather-protect\/\" \/>\n<meta property=\"og:locale\" content=\"de_DE\" \/>\n<meta property=\"og:type\" content=\"article\" \/>\n<meta property=\"og:title\" content=\"Leather Protect - PERLA Car Cosmetics\" \/>\n<meta property=\"og:description\" content=\"Odkrijte Leather Protect iz linije PERLA Car Cosmetics, ki zagotavlja optimalno za\u0161\u010dito in dolgotrajno sve\u017eino usnjenih povr\u0161in v va\u0161em avtomobilu. Nanesite ga na o\u010di\u0161\u010deno usnje in ustvarite za\u0161\u010ditno plast ter prijeten vonj. Izberite vrhunsko za\u0161\u010dito in nego za usnjene povr\u0161ine va\u0161ega avtomobila!\" \/>\n<meta property=\"og:url\" content=\"https:\/\/perlacarcosmetics.com\/de\/shop\/leather-protect\/\" \/>\n<meta property=\"og:site_name\" content=\"PERLA Car Cosmetics\" \/>\n<meta property=\"article:publisher\" content=\"https:\/\/www.facebook.com\/perla.car.cosmetics\" \/>\n<meta property=\"article:modified_time\" content=\"2026-05-14T18:23:24+00:00\" \/>\n<meta property=\"og:image\" content=\"https:\/\/perlacarcosmetics.com\/wp-content\/uploads\/2023\/07\/p.leather-p.webp\" \/>\n\t<meta property=\"og:image:width\" content=\"1080\" \/>\n\t<meta property=\"og:image:height\" content=\"1080\" \/>\n\t<meta property=\"og:image:type\" content=\"image\/webp\" \/>\n<meta name=\"twitter:card\" content=\"summary_large_image\" \/>\n<meta name=\"twitter:title\" content=\"Leather Protect\" \/>\n<meta name=\"twitter:label1\" content=\"Gesch\u00e4tzte Lesezeit\" \/>\n\t<meta name=\"twitter:data1\" content=\"1\u00a0Minute\" \/>\n<script type=\"application\/ld+json\" class=\"yoast-schema-graph\">{\"@context\":\"https:\/\/schema.org\",\"@graph\":[{\"@type\":\"WebPage\",\"@id\":\"https:\/\/perlacarcosmetics.com\/shop\/leather-protect\/\",\"url\":\"https:\/\/perlacarcosmetics.com\/shop\/leather-protect\/\",\"name\":\"Za\u0161\u010dita za usnje - Leather Protect - PERLA Car Cosmetics\",\"isPartOf\":{\"@id\":\"https:\/\/perlacarcosmetics.com\/#website\"},\"datePublished\":\"2023-05-02T13:07:38+00:00\",\"dateModified\":\"2026-05-14T18:23:24+00:00\",\"description\":\"Odkrijte Leather Protect iz linije PERLA Car Cosmetics, ki zagotavlja optimalno za\u0161\u010dito in dolgotrajno sve\u017eino usnjenih povr\u0161in v va\u0161em avtomobilu. Nanesite ga na o\u010di\u0161\u010deno usnje in ustvarite za\u0161\u010ditno plast ter prijeten vonj. Izberite vrhunsko za\u0161\u010dito in nego za usnjene povr\u0161ine va\u0161ega avtomobila!\",\"breadcrumb\":{\"@id\":\"https:\/\/perlacarcosmetics.com\/shop\/leather-protect\/#breadcrumb\"},\"inLanguage\":\"de\",\"potentialAction\":[{\"@type\":\"ReadAction\",\"target\":[\"https:\/\/perlacarcosmetics.com\/shop\/leather-protect\/\"]}]},{\"@type\":\"BreadcrumbList\",\"@id\":\"https:\/\/perlacarcosmetics.com\/shop\/leather-protect\/#breadcrumb\",\"itemListElement\":[{\"@type\":\"ListItem\",\"position\":1,\"name\":\"Home\",\"item\":\"https:\/\/perlacarcosmetics.com\/\"},{\"@type\":\"ListItem\",\"position\":2,\"name\":\"Shop\",\"item\":\"https:\/\/perlacarcosmetics.com\/shop\/\"},{\"@type\":\"ListItem\",\"position\":3,\"name\":\"Leather Protect\"}]},{\"@type\":\"WebSite\",\"@id\":\"https:\/\/perlacarcosmetics.com\/#website\",\"url\":\"https:\/\/perlacarcosmetics.com\/\",\"name\":\"PERLA Car Cosmetics\",\"description\":\"Like Your Car, Like Your Life\",\"publisher\":{\"@id\":\"https:\/\/perlacarcosmetics.com\/#organization\"},\"potentialAction\":[{\"@type\":\"SearchAction\",\"target\":{\"@type\":\"EntryPoint\",\"urlTemplate\":\"https:\/\/perlacarcosmetics.com\/?s={search_term_string}\"},\"query-input\":\"required name=search_term_string\"}],\"inLanguage\":\"de\"},{\"@type\":\"Organization\",\"@id\":\"https:\/\/perlacarcosmetics.com\/#organization\",\"name\":\"PERLA Car Cosmetics\",\"url\":\"https:\/\/perlacarcosmetics.com\/\",\"logo\":{\"@type\":\"ImageObject\",\"inLanguage\":\"de\",\"@id\":\"https:\/\/perlacarcosmetics.com\/#\/schema\/logo\/image\/\",\"url\":\"https:\/\/perlacarcosmetics.com\/wp-content\/uploads\/2023\/07\/Perla-logo.jpg\",\"contentUrl\":\"https:\/\/perlacarcosmetics.com\/wp-content\/uploads\/2023\/07\/Perla-logo.jpg\",\"width\":1500,\"height\":1500,\"caption\":\"PERLA Car Cosmetics\"},\"image\":{\"@id\":\"https:\/\/perlacarcosmetics.com\/#\/schema\/logo\/image\/\"},\"sameAs\":[\"https:\/\/www.facebook.com\/perla.car.cosmetics\",\"https:\/\/www.tiktok.com\/@perla.car.cosmetics\",\"https:\/\/www.instagram.com\/perla.car.cosmetics\"]}]}<\/script>\n<!-- \/ Yoast SEO Premium plugin. -->","yoast_head_json":{"title":"Za\u0161\u010dita za usnje - Leather Protect - PERLA Car Cosmetics","description":"Odkrijte Leather Protect iz linije PERLA Car Cosmetics, ki zagotavlja optimalno za\u0161\u010dito in dolgotrajno sve\u017eino usnjenih povr\u0161in v va\u0161em avtomobilu. Nanesite ga na o\u010di\u0161\u010deno usnje in ustvarite za\u0161\u010ditno plast ter prijeten vonj. Izberite vrhunsko za\u0161\u010dito in nego za usnjene povr\u0161ine va\u0161ega avtomobila!","robots":{"index":"index","follow":"follow","max-snippet":"max-snippet:-1","max-image-preview":"max-image-preview:large","max-video-preview":"max-video-preview:-1"},"canonical":"https:\/\/perlacarcosmetics.com\/de\/shop\/leather-protect\/","og_locale":"de_DE","og_type":"article","og_title":"Leather Protect - PERLA Car Cosmetics","og_description":"Odkrijte Leather Protect iz linije PERLA Car Cosmetics, ki zagotavlja optimalno za\u0161\u010dito in dolgotrajno sve\u017eino usnjenih povr\u0161in v va\u0161em avtomobilu. Nanesite ga na o\u010di\u0161\u010deno usnje in ustvarite za\u0161\u010ditno plast ter prijeten vonj. Izberite vrhunsko za\u0161\u010dito in nego za usnjene povr\u0161ine va\u0161ega avtomobila!","og_url":"https:\/\/perlacarcosmetics.com\/de\/shop\/leather-protect\/","og_site_name":"PERLA Car Cosmetics","article_publisher":"https:\/\/www.facebook.com\/perla.car.cosmetics","article_modified_time":"2026-05-14T18:23:24+00:00","og_image":[{"width":1080,"height":1080,"url":"https:\/\/perlacarcosmetics.com\/wp-content\/uploads\/2023\/07\/p.leather-p.webp","type":"image\/webp"}],"twitter_card":"summary_large_image","twitter_title":"Leather Protect","twitter_misc":{"Gesch\u00e4tzte Lesezeit":"1\u00a0Minute"},"schema":{"@context":"https:\/\/schema.org","@graph":[{"@type":"WebPage","@id":"https:\/\/perlacarcosmetics.com\/shop\/leather-protect\/","url":"https:\/\/perlacarcosmetics.com\/shop\/leather-protect\/","name":"Za\u0161\u010dita za usnje - Leather Protect - PERLA Car Cosmetics","isPartOf":{"@id":"https:\/\/perlacarcosmetics.com\/#website"},"datePublished":"2023-05-02T13:07:38+00:00","dateModified":"2026-05-14T18:23:24+00:00","description":"Odkrijte Leather Protect iz linije PERLA Car Cosmetics, ki zagotavlja optimalno za\u0161\u010dito in dolgotrajno sve\u017eino usnjenih povr\u0161in v va\u0161em avtomobilu. Nanesite ga na o\u010di\u0161\u010deno usnje in ustvarite za\u0161\u010ditno plast ter prijeten vonj. Izberite vrhunsko za\u0161\u010dito in nego za usnjene povr\u0161ine va\u0161ega avtomobila!","breadcrumb":{"@id":"https:\/\/perlacarcosmetics.com\/shop\/leather-protect\/#breadcrumb"},"inLanguage":"de","potentialAction":[{"@type":"ReadAction","target":["https:\/\/perlacarcosmetics.com\/shop\/leather-protect\/"]}]},{"@type":"BreadcrumbList","@id":"https:\/\/perlacarcosmetics.com\/shop\/leather-protect\/#breadcrumb","itemListElement":[{"@type":"ListItem","position":1,"name":"Home","item":"https:\/\/perlacarcosmetics.com\/"},{"@type":"ListItem","position":2,"name":"Shop","item":"https:\/\/perlacarcosmetics.com\/shop\/"},{"@type":"ListItem","position":3,"name":"Leather Protect"}]},{"@type":"WebSite","@id":"https:\/\/perlacarcosmetics.com\/#website","url":"https:\/\/perlacarcosmetics.com\/","name":"PERLA Car Cosmetics","description":"Like Your Car, Like Your Life","publisher":{"@id":"https:\/\/perlacarcosmetics.com\/#organization"},"potentialAction":[{"@type":"SearchAction","target":{"@type":"EntryPoint","urlTemplate":"https:\/\/perlacarcosmetics.com\/?s={search_term_string}"},"query-input":"required name=search_term_string"}],"inLanguage":"de"},{"@type":"Organization","@id":"https:\/\/perlacarcosmetics.com\/#organization","name":"PERLA Car Cosmetics","url":"https:\/\/perlacarcosmetics.com\/","logo":{"@type":"ImageObject","inLanguage":"de","@id":"https:\/\/perlacarcosmetics.com\/#\/schema\/logo\/image\/","url":"https:\/\/perlacarcosmetics.com\/wp-content\/uploads\/2023\/07\/Perla-logo.jpg","contentUrl":"https:\/\/perlacarcosmetics.com\/wp-content\/uploads\/2023\/07\/Perla-logo.jpg","width":1500,"height":1500,"caption":"PERLA Car Cosmetics"},"image":{"@id":"https:\/\/perlacarcosmetics.com\/#\/schema\/logo\/image\/"},"sameAs":["https:\/\/www.facebook.com\/perla.car.cosmetics","https:\/\/www.tiktok.com\/@perla.car.cosmetics","https:\/\/www.instagram.com\/perla.car.cosmetics"]}]}},"_links":{"self":[{"href":"https:\/\/perlacarcosmetics.com\/de\/wp-json\/wp\/v2\/product\/8326","targetHints":{"allow":["GET"]}}],"collection":[{"href":"https:\/\/perlacarcosmetics.com\/de\/wp-json\/wp\/v2\/product"}],"about":[{"href":"https:\/\/perlacarcosmetics.com\/de\/wp-json\/wp\/v2\/types\/product"}],"wp:featuredmedia":[{"embeddable":true,"href":"https:\/\/perlacarcosmetics.com\/de\/wp-json\/wp\/v2\/media\/9765"}],"wp:attachment":[{"href":"https:\/\/perlacarcosmetics.com\/de\/wp-json\/wp\/v2\/media?parent=8326"}],"wp:term":[{"taxonomy":"product_brand","embeddable":true,"href":"https:\/\/perlacarcosmetics.com\/de\/wp-json\/wp\/v2\/product_brand?post=8326"},{"taxonomy":"product_cat","embeddable":true,"href":"https:\/\/perlacarcosmetics.com\/de\/wp-json\/wp\/v2\/product_cat?post=8326"},{"taxonomy":"product_tag","embeddable":true,"href":"https:\/\/perlacarcosmetics.com\/de\/wp-json\/wp\/v2\/product_tag?post=8326"}],"curies":[{"name":"wp","href":"https:\/\/api.w.org\/{rel}","templated":true}]}}