{"id":8311,"date":"2023-05-02T15:06:03","date_gmt":"2023-05-02T13:06:03","guid":{"rendered":"https:\/\/perlacarcosmetics.com\/?post_type=product&#038;p=8311"},"modified":"2026-05-11T08:54:06","modified_gmt":"2026-05-11T06:54:06","slug":"bugs-cleaner","status":"publish","type":"product","link":"https:\/\/perlacarcosmetics.com\/de\/shop\/bugs-cleaner\/","title":{"rendered":"Bugs Cleaner"},"content":{"rendered":"<p>Wir stellen Ihnen unser Produkt Bugs Cleaner vor \u2013 ein unverzichtbares Werkzeug zur effektiven Reinigung von Autos von Insekten.<\/p>\n<p>Wenn Ihr Auto nach einer Autobahnfahrt mit h\u00e4sslichen Insektenr\u00fcckst\u00e4nden bedeckt ist, ist es an der Zeit, zum Insektenreiniger zu greifen. Unsere Formel wurde speziell entwickelt, um hartn\u00e4ckige Insektenflecken schnell und einfach zu entfernen.<\/p>\n<p>Die Anwendung ist einfach: Befeuchten Sie die gew\u00fcnschte Oberfl\u00e4che mit Wasser, spr\u00fchen Sie den Bugs Cleaner auf die mit Insekten bedeckten Teile des Autos und warten Sie etwa 30\u201360 Sekunden, bis die Formel aktiviert wird. Wir empfehlen, das Produkt auf ein feuchtes Auto zu spr\u00fchen. Anschlie\u00dfend einfach mit einem Wasserstrahl absp\u00fclen (ein st\u00e4rkerer Wasserstrahl wird empfohlen). Das Ergebnis ist ein makellos sauberes Fahrzeug, frei von Insektenflecken und Flecken.<\/p>\n<p>Bugs Cleaner wurde speziell f\u00fcr die sichere Verwendung auf einer Vielzahl von Oberfl\u00e4chen, einschlie\u00dflich Kunststoffteilen und Glasoberfl\u00e4chen, entwickelt. Die sanfte, aber wirksame Formel sorgt daf\u00fcr, dass Ihr Auto wieder in seiner urspr\u00fcnglichen Sch\u00f6nheit erstrahlt.<\/p>\n<p>Bestellen Sie jetzt Insektenreiniger und stellen Sie sicher, dass Ihr Auto immer makellos sauber ist. Holen Sie sich Top-Qualit\u00e4t und Reinigungserlebnis mit PERLA Car Cosmetics!<\/p>\n<p class=\" translation-block\">Opomba:<br>\r\n<strong>Nikoli ne pr\u0161ite po vro\u010dih delih avtomobila!<\/strong><br>\r\n<strong>Ne pustite, da se izdelek posu\u0161i na avtomobilu!<\/strong><br>\r\n<strong>Pred uporabo preberite navodila in se dr\u017eite varnostnih ukrepov.<\/strong><\/p>\n<p>&nbsp;<\/p>\n<p>Klicken Sie hier, um zum Sicherheitsdatenblatt f\u00fcr dieses Produkt zu gelangen <a href=\"https:\/\/my.chemius.net\/p\/YRErvi\/sl\/gh\/sl\">HIER<\/a>.<\/p>\n<p>\t\n \n<!-- 3D Model html -->\n<div class=\"bp_grand wrapper_9667\">   \n<div class=\"bp_model_parent\">\n<model-viewer class=\"model\" id=\"bp_model_id_9667\" src=\"https:\/\/perlacarcosmetics.com\/wp-content\/uploads\/2023\/07\/3D-Bugs-Cleaner.glb\" alt=\"3D-Bugs-Cleaner\" camera-controls disable-zoom loading=\"auto\" auto-rotate>\n<\/model-viewer>\n\n    <!-- Button -->\n    <svg id=\"openBtn\" width=\"24px\" height=\"24px\" viewbox=\"0 0 16 16\" xmlns=\"http:\/\/www.w3.org\/2000\/svg\" fill=\"#f2f2f2\" class=\"bi bi-arrows-fullscreen model-icon\">\n        <path fill-rule=\"evenodd\" d=\"M5.828 10.172a.5.5 0 0 0-.707 0l-4.096 4.096V11.5a.5.5 0 0 0-1 0v3.975a.5.5 0 0 0 .5.5H4.5a.5.5 0 0 0 0-1H1.732l4.096-4.096a.5.5 0 0 0 0-.707zm4.344 0a.5.5 0 0 1 .707 0l4.096 4.096V11.5a.5.5 0 1 1 1 0v3.975a.5.5 0 0 1-.5.5H11.5a.5.5 0 0 1 0-1h2.768l-4.096-4.096a.5.5 0 0 1 0-.707zm0-4.344a.5.5 0 0 0 .707 0l4.096-4.096V4.5a.5.5 0 1 0 1 0V.525a.5.5 0 0 0-.5-.5H11.5a.5.5 0 0 0 0 1h2.768l-4.096 4.096a.5.5 0 0 0 0 .707zm-4.344 0a.5.5 0 0 1-.707 0L1.025 1.732V4.5a.5.5 0 0 1-1 0V.525a.5.5 0 0 1 .5-.5H4.5a.5.5 0 0 1 0 1H1.732l4.096 4.096a.5.5 0 0 1 0 .707z\"\/>\n    <\/svg>\n\n    <svg id=\"closeBtn\" class=\"model-icon\" width=\"34px\" height=\"34px\" viewbox=\"0 0 24 24\" xmlns=\"http:\/\/www.w3.org\/2000\/svg\">\n    <path fill=\"none\" stroke=\"#f2f2f2\" stroke-width=\"2\" d=\"M7,7 L17,17 M7,17 L17,7\"\/>\n    <\/svg>\n    <!-- .\/Button -->\n\n<\/div>\n<\/div> \n<!-- Model Viewer Style -->\n<style>\n\n.wrapper_9667 .bp_model_parent, #bp_model_id_9667 {\n    width: 100%;\n    max-width: 100%;\n        margin: auto}\n#bp_model_id_9667 {\n    height:680px;\n    background-color: rgba(0,0,0,0);\n}\n.fullscreen #bp_model_id_9667{\n  height: 100%;\n  width: 100%;\n}\n.wrapper_9667 .bp_model_parent{\n    justify-content: center}\nmodel-viewer.model {\n    --poster-color: transparent;\n}\n<\/style>\n\n<strong><br \/>\n<\/strong><\/p>","protected":false},"excerpt":{"rendered":"<p>Insektenreiniger<\/p>","protected":false},"featured_media":9762,"template":"","meta":{"iawp_total_views":381},"product_brand":[],"product_cat":[49],"product_tag":[],"class_list":{"0":"post-8311","1":"product","2":"type-product","3":"status-publish","4":"has-post-thumbnail","6":"product_cat-zunanjost","8":"first","9":"instock","10":"sale","11":"taxable","12":"shipping-taxable","13":"purchasable","14":"product-type-simple"},"yoast_head":"<!-- This site is optimized with the Yoast SEO Premium plugin v20.5 (Yoast SEO v20.5) - https:\/\/yoast.com\/wordpress\/plugins\/seo\/ -->\n<title>\u010cistilo za insekte - Bugs Cleaner - PERLA Car Cosmetics<\/title>\n<meta name=\"description\" content=\"Odkrijte Bugs Cleaner iz linije PERLA Car Cosmetics, ki u\u010dinkovito odstranjuje trdovratne made\u017ee \u017eu\u017eelk s povr\u0161ine va\u0161ega avtomobila. Enostavna uporaba in brezhiben rezultat. Izberite vrhunsko \u010distilo za \u017eu\u017eelke!\" \/>\n<meta name=\"robots\" content=\"index, follow, max-snippet:-1, max-image-preview:large, max-video-preview:-1\" \/>\n<link rel=\"canonical\" href=\"https:\/\/perlacarcosmetics.com\/de\/shop\/bugs-cleaner\/\" \/>\n<meta property=\"og:locale\" content=\"de_DE\" \/>\n<meta property=\"og:type\" content=\"article\" \/>\n<meta property=\"og:title\" content=\"Bugs Cleaner - PERLA Car Cosmetics\" \/>\n<meta property=\"og:description\" content=\"Odkrijte Bugs Cleaner iz linije PERLA Car Cosmetics, ki u\u010dinkovito odstranjuje trdovratne made\u017ee \u017eu\u017eelk s povr\u0161ine va\u0161ega avtomobila. Enostavna uporaba in brezhiben rezultat. Izberite vrhunsko \u010distilo za \u017eu\u017eelke!\" \/>\n<meta property=\"og:url\" content=\"https:\/\/perlacarcosmetics.com\/de\/shop\/bugs-cleaner\/\" \/>\n<meta property=\"og:site_name\" content=\"PERLA Car Cosmetics\" \/>\n<meta property=\"article:publisher\" content=\"https:\/\/www.facebook.com\/perla.car.cosmetics\" \/>\n<meta property=\"article:modified_time\" content=\"2026-05-11T06:54:06+00:00\" \/>\n<meta property=\"og:image\" content=\"https:\/\/perlacarcosmetics.com\/wp-content\/uploads\/2023\/07\/p.bugs_.webp\" \/>\n\t<meta property=\"og:image:width\" content=\"1080\" \/>\n\t<meta property=\"og:image:height\" content=\"1080\" \/>\n\t<meta property=\"og:image:type\" content=\"image\/webp\" \/>\n<meta name=\"twitter:card\" content=\"summary_large_image\" \/>\n<meta name=\"twitter:title\" content=\"Bugs Cleaner\" \/>\n<meta name=\"twitter:label1\" content=\"Gesch\u00e4tzte Lesezeit\" \/>\n\t<meta name=\"twitter:data1\" content=\"1\u00a0Minute\" \/>\n<script type=\"application\/ld+json\" class=\"yoast-schema-graph\">{\"@context\":\"https:\/\/schema.org\",\"@graph\":[{\"@type\":\"WebPage\",\"@id\":\"https:\/\/perlacarcosmetics.com\/shop\/bugs-cleaner\/\",\"url\":\"https:\/\/perlacarcosmetics.com\/shop\/bugs-cleaner\/\",\"name\":\"\u010cistilo za insekte - Bugs Cleaner - PERLA Car Cosmetics\",\"isPartOf\":{\"@id\":\"https:\/\/perlacarcosmetics.com\/#website\"},\"datePublished\":\"2023-05-02T13:06:03+00:00\",\"dateModified\":\"2026-05-11T06:54:06+00:00\",\"description\":\"Odkrijte Bugs Cleaner iz linije PERLA Car Cosmetics, ki u\u010dinkovito odstranjuje trdovratne made\u017ee \u017eu\u017eelk s povr\u0161ine va\u0161ega avtomobila. Enostavna uporaba in brezhiben rezultat. Izberite vrhunsko \u010distilo za \u017eu\u017eelke!\",\"breadcrumb\":{\"@id\":\"https:\/\/perlacarcosmetics.com\/shop\/bugs-cleaner\/#breadcrumb\"},\"inLanguage\":\"de\",\"potentialAction\":[{\"@type\":\"ReadAction\",\"target\":[\"https:\/\/perlacarcosmetics.com\/shop\/bugs-cleaner\/\"]}]},{\"@type\":\"BreadcrumbList\",\"@id\":\"https:\/\/perlacarcosmetics.com\/shop\/bugs-cleaner\/#breadcrumb\",\"itemListElement\":[{\"@type\":\"ListItem\",\"position\":1,\"name\":\"Home\",\"item\":\"https:\/\/perlacarcosmetics.com\/\"},{\"@type\":\"ListItem\",\"position\":2,\"name\":\"Shop\",\"item\":\"https:\/\/perlacarcosmetics.com\/shop\/\"},{\"@type\":\"ListItem\",\"position\":3,\"name\":\"Bugs Cleaner\"}]},{\"@type\":\"WebSite\",\"@id\":\"https:\/\/perlacarcosmetics.com\/#website\",\"url\":\"https:\/\/perlacarcosmetics.com\/\",\"name\":\"PERLA Car Cosmetics\",\"description\":\"Like Your Car, Like Your Life\",\"publisher\":{\"@id\":\"https:\/\/perlacarcosmetics.com\/#organization\"},\"potentialAction\":[{\"@type\":\"SearchAction\",\"target\":{\"@type\":\"EntryPoint\",\"urlTemplate\":\"https:\/\/perlacarcosmetics.com\/?s={search_term_string}\"},\"query-input\":\"required name=search_term_string\"}],\"inLanguage\":\"de\"},{\"@type\":\"Organization\",\"@id\":\"https:\/\/perlacarcosmetics.com\/#organization\",\"name\":\"PERLA Car Cosmetics\",\"url\":\"https:\/\/perlacarcosmetics.com\/\",\"logo\":{\"@type\":\"ImageObject\",\"inLanguage\":\"de\",\"@id\":\"https:\/\/perlacarcosmetics.com\/#\/schema\/logo\/image\/\",\"url\":\"https:\/\/perlacarcosmetics.com\/wp-content\/uploads\/2023\/07\/Perla-logo.jpg\",\"contentUrl\":\"https:\/\/perlacarcosmetics.com\/wp-content\/uploads\/2023\/07\/Perla-logo.jpg\",\"width\":1500,\"height\":1500,\"caption\":\"PERLA Car Cosmetics\"},\"image\":{\"@id\":\"https:\/\/perlacarcosmetics.com\/#\/schema\/logo\/image\/\"},\"sameAs\":[\"https:\/\/www.facebook.com\/perla.car.cosmetics\",\"https:\/\/www.tiktok.com\/@perla.car.cosmetics\",\"https:\/\/www.instagram.com\/perla.car.cosmetics\"]}]}<\/script>\n<!-- \/ Yoast SEO Premium plugin. -->","yoast_head_json":{"title":"\u010cistilo za insekte - Bugs Cleaner - PERLA Car Cosmetics","description":"Odkrijte Bugs Cleaner iz linije PERLA Car Cosmetics, ki u\u010dinkovito odstranjuje trdovratne made\u017ee \u017eu\u017eelk s povr\u0161ine va\u0161ega avtomobila. Enostavna uporaba in brezhiben rezultat. Izberite vrhunsko \u010distilo za \u017eu\u017eelke!","robots":{"index":"index","follow":"follow","max-snippet":"max-snippet:-1","max-image-preview":"max-image-preview:large","max-video-preview":"max-video-preview:-1"},"canonical":"https:\/\/perlacarcosmetics.com\/de\/shop\/bugs-cleaner\/","og_locale":"de_DE","og_type":"article","og_title":"Bugs Cleaner - PERLA Car Cosmetics","og_description":"Odkrijte Bugs Cleaner iz linije PERLA Car Cosmetics, ki u\u010dinkovito odstranjuje trdovratne made\u017ee \u017eu\u017eelk s povr\u0161ine va\u0161ega avtomobila. Enostavna uporaba in brezhiben rezultat. Izberite vrhunsko \u010distilo za \u017eu\u017eelke!","og_url":"https:\/\/perlacarcosmetics.com\/de\/shop\/bugs-cleaner\/","og_site_name":"PERLA Car Cosmetics","article_publisher":"https:\/\/www.facebook.com\/perla.car.cosmetics","article_modified_time":"2026-05-11T06:54:06+00:00","og_image":[{"width":1080,"height":1080,"url":"https:\/\/perlacarcosmetics.com\/wp-content\/uploads\/2023\/07\/p.bugs_.webp","type":"image\/webp"}],"twitter_card":"summary_large_image","twitter_title":"Bugs Cleaner","twitter_misc":{"Gesch\u00e4tzte Lesezeit":"1\u00a0Minute"},"schema":{"@context":"https:\/\/schema.org","@graph":[{"@type":"WebPage","@id":"https:\/\/perlacarcosmetics.com\/shop\/bugs-cleaner\/","url":"https:\/\/perlacarcosmetics.com\/shop\/bugs-cleaner\/","name":"\u010cistilo za insekte - Bugs Cleaner - PERLA Car Cosmetics","isPartOf":{"@id":"https:\/\/perlacarcosmetics.com\/#website"},"datePublished":"2023-05-02T13:06:03+00:00","dateModified":"2026-05-11T06:54:06+00:00","description":"Odkrijte Bugs Cleaner iz linije PERLA Car Cosmetics, ki u\u010dinkovito odstranjuje trdovratne made\u017ee \u017eu\u017eelk s povr\u0161ine va\u0161ega avtomobila. Enostavna uporaba in brezhiben rezultat. Izberite vrhunsko \u010distilo za \u017eu\u017eelke!","breadcrumb":{"@id":"https:\/\/perlacarcosmetics.com\/shop\/bugs-cleaner\/#breadcrumb"},"inLanguage":"de","potentialAction":[{"@type":"ReadAction","target":["https:\/\/perlacarcosmetics.com\/shop\/bugs-cleaner\/"]}]},{"@type":"BreadcrumbList","@id":"https:\/\/perlacarcosmetics.com\/shop\/bugs-cleaner\/#breadcrumb","itemListElement":[{"@type":"ListItem","position":1,"name":"Home","item":"https:\/\/perlacarcosmetics.com\/"},{"@type":"ListItem","position":2,"name":"Shop","item":"https:\/\/perlacarcosmetics.com\/shop\/"},{"@type":"ListItem","position":3,"name":"Bugs Cleaner"}]},{"@type":"WebSite","@id":"https:\/\/perlacarcosmetics.com\/#website","url":"https:\/\/perlacarcosmetics.com\/","name":"PERLA Car Cosmetics","description":"Like Your Car, Like Your Life","publisher":{"@id":"https:\/\/perlacarcosmetics.com\/#organization"},"potentialAction":[{"@type":"SearchAction","target":{"@type":"EntryPoint","urlTemplate":"https:\/\/perlacarcosmetics.com\/?s={search_term_string}"},"query-input":"required name=search_term_string"}],"inLanguage":"de"},{"@type":"Organization","@id":"https:\/\/perlacarcosmetics.com\/#organization","name":"PERLA Car Cosmetics","url":"https:\/\/perlacarcosmetics.com\/","logo":{"@type":"ImageObject","inLanguage":"de","@id":"https:\/\/perlacarcosmetics.com\/#\/schema\/logo\/image\/","url":"https:\/\/perlacarcosmetics.com\/wp-content\/uploads\/2023\/07\/Perla-logo.jpg","contentUrl":"https:\/\/perlacarcosmetics.com\/wp-content\/uploads\/2023\/07\/Perla-logo.jpg","width":1500,"height":1500,"caption":"PERLA Car Cosmetics"},"image":{"@id":"https:\/\/perlacarcosmetics.com\/#\/schema\/logo\/image\/"},"sameAs":["https:\/\/www.facebook.com\/perla.car.cosmetics","https:\/\/www.tiktok.com\/@perla.car.cosmetics","https:\/\/www.instagram.com\/perla.car.cosmetics"]}]}},"_links":{"self":[{"href":"https:\/\/perlacarcosmetics.com\/de\/wp-json\/wp\/v2\/product\/8311","targetHints":{"allow":["GET"]}}],"collection":[{"href":"https:\/\/perlacarcosmetics.com\/de\/wp-json\/wp\/v2\/product"}],"about":[{"href":"https:\/\/perlacarcosmetics.com\/de\/wp-json\/wp\/v2\/types\/product"}],"wp:featuredmedia":[{"embeddable":true,"href":"https:\/\/perlacarcosmetics.com\/de\/wp-json\/wp\/v2\/media\/9762"}],"wp:attachment":[{"href":"https:\/\/perlacarcosmetics.com\/de\/wp-json\/wp\/v2\/media?parent=8311"}],"wp:term":[{"taxonomy":"product_brand","embeddable":true,"href":"https:\/\/perlacarcosmetics.com\/de\/wp-json\/wp\/v2\/product_brand?post=8311"},{"taxonomy":"product_cat","embeddable":true,"href":"https:\/\/perlacarcosmetics.com\/de\/wp-json\/wp\/v2\/product_cat?post=8311"},{"taxonomy":"product_tag","embeddable":true,"href":"https:\/\/perlacarcosmetics.com\/de\/wp-json\/wp\/v2\/product_tag?post=8311"}],"curies":[{"name":"wp","href":"https:\/\/api.w.org\/{rel}","templated":true}]}}