{"id":7345,"date":"2023-04-08T10:20:45","date_gmt":"2023-04-08T08:20:45","guid":{"rendered":"https:\/\/perlacarcosmetics.com\/?post_type=product&#038;p=7345"},"modified":"2026-05-14T20:35:20","modified_gmt":"2026-05-14T18:35:20","slug":"wheels-cleaner","status":"publish","type":"product","link":"https:\/\/perlacarcosmetics.com\/de\/shop\/wheels-cleaner\/","title":{"rendered":"Wheels Cleaner"},"content":{"rendered":"<p>Wenn Sie es satt haben, hartn\u00e4ckigen Bremsstaub und Schmutz von Ihren Autor\u00e4dern zu entfernen, ist es an der Zeit, Wheels Cleaner auszuprobieren. Unsere wirksame Formel wurde speziell entwickelt, um Bremsstaub zu zersetzen und aufzul\u00f6sen, sodass er leicht abgewischt werden kann und Ihre R\u00e4der wie neu aussehen.<\/p>\n<p class=\" translation-block\">Wheels Cleaner ist einfach zu verwenden. Befeuchten Sie die gew\u00fcnschte Oberfl\u00e4che mit Wasser, spr\u00fchen Sie den Reiniger auf, warten Sie 30\u201360 Sekunden und sp\u00fclen Sie dann mit Wasser nach. Wiederholen Sie den Vorgang f\u00fcr eine bessere Leistung.<strong><br>\nLassen Sie das Mittel nicht an der Oberfl\u00e4che antrocknen! <\/strong><br>\n<strong>Nicht auf hei\u00dfen Oberfl\u00e4chen und direkter Sonneneinstrahlung verwenden!<\/strong><br>\nUnsere Formel ist sicher f\u00fcr alle Arten von R\u00e4dern, einschlie\u00dflich Leichtmetall-, Stahl- und Chromr\u00e4dern.<\/p>\n<p>Wheels Cleaner reinigt nicht nur Ihre R\u00e4der, sondern verhindert auch Ablagerungen und Korrosion, die Ihre R\u00e4der mit der Zeit besch\u00e4digen k\u00f6nnen. Durch die regelm\u00e4\u00dfige Verwendung von Wheels Cleaner k\u00f6nnen Sie Ihre R\u00e4der im bestm\u00f6glichen Zustand halten und ihre Lebensdauer verl\u00e4ngern.<\/p>\n<p>Geben Sie sich nicht mehr mit schmutzigen R\u00e4dern zufrieden. Probieren Sie Wheels Cleaner noch heute aus und erleben Sie die Kraft wirklich sauberer R\u00e4der.<\/p>\n<p>Klicken Sie hier, um zum Sicherheitsdatenblatt f\u00fcr dieses Produkt zu gelangen <a href=\"https:\/\/my.chemius.net\/p\/tmxTr9\/sl\/gh\/sl\">HIER<\/a>.<\/p>\n\t\n \n<!-- 3D Model html -->\n<div class=\"bp_grand wrapper_9688\">   \n<div class=\"bp_model_parent\">\n<model-viewer class=\"model\" id=\"bp_model_id_9688\" src=\"https:\/\/perlacarcosmetics.com\/wp-content\/uploads\/2023\/07\/3D-Wheels-Cleaner.glb\" alt=\"3D-Wheels-Cleaner\" camera-controls disable-zoom loading=\"eager\" auto-rotate>\n<\/model-viewer>\n\n    <!-- Button -->\n    <svg id=\"openBtn\" width=\"24px\" height=\"24px\" viewbox=\"0 0 16 16\" xmlns=\"http:\/\/www.w3.org\/2000\/svg\" fill=\"#f2f2f2\" class=\"bi bi-arrows-fullscreen model-icon\">\n        <path fill-rule=\"evenodd\" d=\"M5.828 10.172a.5.5 0 0 0-.707 0l-4.096 4.096V11.5a.5.5 0 0 0-1 0v3.975a.5.5 0 0 0 .5.5H4.5a.5.5 0 0 0 0-1H1.732l4.096-4.096a.5.5 0 0 0 0-.707zm4.344 0a.5.5 0 0 1 .707 0l4.096 4.096V11.5a.5.5 0 1 1 1 0v3.975a.5.5 0 0 1-.5.5H11.5a.5.5 0 0 1 0-1h2.768l-4.096-4.096a.5.5 0 0 1 0-.707zm0-4.344a.5.5 0 0 0 .707 0l4.096-4.096V4.5a.5.5 0 1 0 1 0V.525a.5.5 0 0 0-.5-.5H11.5a.5.5 0 0 0 0 1h2.768l-4.096 4.096a.5.5 0 0 0 0 .707zm-4.344 0a.5.5 0 0 1-.707 0L1.025 1.732V4.5a.5.5 0 0 1-1 0V.525a.5.5 0 0 1 .5-.5H4.5a.5.5 0 0 1 0 1H1.732l4.096 4.096a.5.5 0 0 1 0 .707z\"\/>\n    <\/svg>\n\n    <svg id=\"closeBtn\" class=\"model-icon\" width=\"34px\" height=\"34px\" viewbox=\"0 0 24 24\" xmlns=\"http:\/\/www.w3.org\/2000\/svg\">\n    <path fill=\"none\" stroke=\"#f2f2f2\" stroke-width=\"2\" d=\"M7,7 L17,17 M7,17 L17,7\"\/>\n    <\/svg>\n    <!-- .\/Button -->\n\n<\/div>\n<\/div> \n<!-- Model Viewer Style -->\n<style>\n\n.wrapper_9688 .bp_model_parent, #bp_model_id_9688 {\n    width: 100%;\n    max-width: 100%;\n        margin: auto}\n#bp_model_id_9688 {\n    height:680px;\n    background-color: transparent;\n}\n.fullscreen #bp_model_id_9688{\n  height: 100%;\n  width: 100%;\n}\n.wrapper_9688 .bp_model_parent{\n    justify-content: center}\nmodel-viewer.model {\n    --poster-color: transparent;\n}\n<\/style>","protected":false},"excerpt":{"rendered":"<p>Mittel zum Reinigen von Felgen und Bremsbel\u00e4gen<\/p>","protected":false},"featured_media":9774,"template":"","meta":{"iawp_total_views":1289},"product_brand":[],"product_cat":[49],"product_tag":[],"class_list":{"0":"post-7345","1":"product","2":"type-product","3":"status-publish","4":"has-post-thumbnail","6":"product_cat-zunanjost","8":"first","9":"instock","10":"sale","11":"taxable","12":"shipping-taxable","13":"purchasable","14":"product-type-simple"},"yoast_head":"<!-- This site is optimized with the Yoast SEO Premium plugin v20.5 (Yoast SEO v20.5) - https:\/\/yoast.com\/wordpress\/plugins\/seo\/ -->\n<title>\u010cistilo za plati\u0161\u010da - Wheels Cleaner - PERLA Car Cosmetics<\/title>\n<meta name=\"description\" content=\"Odkrijte Wheels Cleaner iz linije PERLA Car Cosmetics, ki u\u010dinkovito \u010disti in \u0161\u010diti va\u0161a plati\u0161\u010da. Enostavna uporaba, odstranjevanje trdovratne zavorne pra\u0161ine in podalj\u0161anje \u017eivljenjske dobe plati\u0161\u010da. Izberite vrhunsko \u010distilo za plati\u0161\u010da!\" \/>\n<meta name=\"robots\" content=\"index, follow, max-snippet:-1, max-image-preview:large, max-video-preview:-1\" \/>\n<link rel=\"canonical\" href=\"https:\/\/perlacarcosmetics.com\/de\/shop\/wheels-cleaner\/\" \/>\n<meta property=\"og:locale\" content=\"de_DE\" \/>\n<meta property=\"og:type\" content=\"article\" \/>\n<meta property=\"og:title\" content=\"Wheels Cleaner - PERLA Car Cosmetics\" \/>\n<meta property=\"og:description\" content=\"Odkrijte Wheels Cleaner iz linije PERLA Car Cosmetics, ki u\u010dinkovito \u010disti in \u0161\u010diti va\u0161a plati\u0161\u010da. Enostavna uporaba, odstranjevanje trdovratne zavorne pra\u0161ine in podalj\u0161anje \u017eivljenjske dobe plati\u0161\u010da. Izberite vrhunsko \u010distilo za plati\u0161\u010da!\" \/>\n<meta property=\"og:url\" content=\"https:\/\/perlacarcosmetics.com\/de\/shop\/wheels-cleaner\/\" \/>\n<meta property=\"og:site_name\" content=\"PERLA Car Cosmetics\" \/>\n<meta property=\"article:publisher\" content=\"https:\/\/www.facebook.com\/perla.car.cosmetics\" \/>\n<meta property=\"article:modified_time\" content=\"2026-05-14T18:35:20+00:00\" \/>\n<meta property=\"og:image\" content=\"https:\/\/perlacarcosmetics.com\/wp-content\/uploads\/2023\/07\/p.wheels.webp\" \/>\n\t<meta property=\"og:image:width\" content=\"1080\" \/>\n\t<meta property=\"og:image:height\" content=\"1080\" \/>\n\t<meta property=\"og:image:type\" content=\"image\/webp\" \/>\n<meta name=\"twitter:card\" content=\"summary_large_image\" \/>\n<meta name=\"twitter:title\" content=\"Wheels Cleaner\" \/>\n<meta name=\"twitter:label1\" content=\"Gesch\u00e4tzte Lesezeit\" \/>\n\t<meta name=\"twitter:data1\" content=\"1\u00a0Minute\" \/>\n<script type=\"application\/ld+json\" class=\"yoast-schema-graph\">{\"@context\":\"https:\/\/schema.org\",\"@graph\":[{\"@type\":\"WebPage\",\"@id\":\"https:\/\/perlacarcosmetics.com\/shop\/wheels-cleaner\/\",\"url\":\"https:\/\/perlacarcosmetics.com\/shop\/wheels-cleaner\/\",\"name\":\"\u010cistilo za plati\u0161\u010da - Wheels Cleaner - PERLA Car Cosmetics\",\"isPartOf\":{\"@id\":\"https:\/\/perlacarcosmetics.com\/#website\"},\"datePublished\":\"2023-04-08T08:20:45+00:00\",\"dateModified\":\"2026-05-14T18:35:20+00:00\",\"description\":\"Odkrijte Wheels Cleaner iz linije PERLA Car Cosmetics, ki u\u010dinkovito \u010disti in \u0161\u010diti va\u0161a plati\u0161\u010da. Enostavna uporaba, odstranjevanje trdovratne zavorne pra\u0161ine in podalj\u0161anje \u017eivljenjske dobe plati\u0161\u010da. Izberite vrhunsko \u010distilo za plati\u0161\u010da!\",\"breadcrumb\":{\"@id\":\"https:\/\/perlacarcosmetics.com\/shop\/wheels-cleaner\/#breadcrumb\"},\"inLanguage\":\"de\",\"potentialAction\":[{\"@type\":\"ReadAction\",\"target\":[\"https:\/\/perlacarcosmetics.com\/shop\/wheels-cleaner\/\"]}]},{\"@type\":\"BreadcrumbList\",\"@id\":\"https:\/\/perlacarcosmetics.com\/shop\/wheels-cleaner\/#breadcrumb\",\"itemListElement\":[{\"@type\":\"ListItem\",\"position\":1,\"name\":\"Home\",\"item\":\"https:\/\/perlacarcosmetics.com\/\"},{\"@type\":\"ListItem\",\"position\":2,\"name\":\"Shop\",\"item\":\"https:\/\/perlacarcosmetics.com\/shop\/\"},{\"@type\":\"ListItem\",\"position\":3,\"name\":\"Wheels Cleaner\"}]},{\"@type\":\"WebSite\",\"@id\":\"https:\/\/perlacarcosmetics.com\/#website\",\"url\":\"https:\/\/perlacarcosmetics.com\/\",\"name\":\"PERLA Car Cosmetics\",\"description\":\"Like Your Car, Like Your Life\",\"publisher\":{\"@id\":\"https:\/\/perlacarcosmetics.com\/#organization\"},\"potentialAction\":[{\"@type\":\"SearchAction\",\"target\":{\"@type\":\"EntryPoint\",\"urlTemplate\":\"https:\/\/perlacarcosmetics.com\/?s={search_term_string}\"},\"query-input\":\"required name=search_term_string\"}],\"inLanguage\":\"de\"},{\"@type\":\"Organization\",\"@id\":\"https:\/\/perlacarcosmetics.com\/#organization\",\"name\":\"PERLA Car Cosmetics\",\"url\":\"https:\/\/perlacarcosmetics.com\/\",\"logo\":{\"@type\":\"ImageObject\",\"inLanguage\":\"de\",\"@id\":\"https:\/\/perlacarcosmetics.com\/#\/schema\/logo\/image\/\",\"url\":\"https:\/\/perlacarcosmetics.com\/wp-content\/uploads\/2023\/07\/Perla-logo.jpg\",\"contentUrl\":\"https:\/\/perlacarcosmetics.com\/wp-content\/uploads\/2023\/07\/Perla-logo.jpg\",\"width\":1500,\"height\":1500,\"caption\":\"PERLA Car Cosmetics\"},\"image\":{\"@id\":\"https:\/\/perlacarcosmetics.com\/#\/schema\/logo\/image\/\"},\"sameAs\":[\"https:\/\/www.facebook.com\/perla.car.cosmetics\",\"https:\/\/www.tiktok.com\/@perla.car.cosmetics\",\"https:\/\/www.instagram.com\/perla.car.cosmetics\"]}]}<\/script>\n<!-- \/ Yoast SEO Premium plugin. -->","yoast_head_json":{"title":"\u010cistilo za plati\u0161\u010da - Wheels Cleaner - PERLA Car Cosmetics","description":"Odkrijte Wheels Cleaner iz linije PERLA Car Cosmetics, ki u\u010dinkovito \u010disti in \u0161\u010diti va\u0161a plati\u0161\u010da. Enostavna uporaba, odstranjevanje trdovratne zavorne pra\u0161ine in podalj\u0161anje \u017eivljenjske dobe plati\u0161\u010da. Izberite vrhunsko \u010distilo za plati\u0161\u010da!","robots":{"index":"index","follow":"follow","max-snippet":"max-snippet:-1","max-image-preview":"max-image-preview:large","max-video-preview":"max-video-preview:-1"},"canonical":"https:\/\/perlacarcosmetics.com\/de\/shop\/wheels-cleaner\/","og_locale":"de_DE","og_type":"article","og_title":"Wheels Cleaner - PERLA Car Cosmetics","og_description":"Odkrijte Wheels Cleaner iz linije PERLA Car Cosmetics, ki u\u010dinkovito \u010disti in \u0161\u010diti va\u0161a plati\u0161\u010da. Enostavna uporaba, odstranjevanje trdovratne zavorne pra\u0161ine in podalj\u0161anje \u017eivljenjske dobe plati\u0161\u010da. Izberite vrhunsko \u010distilo za plati\u0161\u010da!","og_url":"https:\/\/perlacarcosmetics.com\/de\/shop\/wheels-cleaner\/","og_site_name":"PERLA Car Cosmetics","article_publisher":"https:\/\/www.facebook.com\/perla.car.cosmetics","article_modified_time":"2026-05-14T18:35:20+00:00","og_image":[{"width":1080,"height":1080,"url":"https:\/\/perlacarcosmetics.com\/wp-content\/uploads\/2023\/07\/p.wheels.webp","type":"image\/webp"}],"twitter_card":"summary_large_image","twitter_title":"Wheels Cleaner","twitter_misc":{"Gesch\u00e4tzte Lesezeit":"1\u00a0Minute"},"schema":{"@context":"https:\/\/schema.org","@graph":[{"@type":"WebPage","@id":"https:\/\/perlacarcosmetics.com\/shop\/wheels-cleaner\/","url":"https:\/\/perlacarcosmetics.com\/shop\/wheels-cleaner\/","name":"\u010cistilo za plati\u0161\u010da - Wheels Cleaner - PERLA Car Cosmetics","isPartOf":{"@id":"https:\/\/perlacarcosmetics.com\/#website"},"datePublished":"2023-04-08T08:20:45+00:00","dateModified":"2026-05-14T18:35:20+00:00","description":"Odkrijte Wheels Cleaner iz linije PERLA Car Cosmetics, ki u\u010dinkovito \u010disti in \u0161\u010diti va\u0161a plati\u0161\u010da. Enostavna uporaba, odstranjevanje trdovratne zavorne pra\u0161ine in podalj\u0161anje \u017eivljenjske dobe plati\u0161\u010da. Izberite vrhunsko \u010distilo za plati\u0161\u010da!","breadcrumb":{"@id":"https:\/\/perlacarcosmetics.com\/shop\/wheels-cleaner\/#breadcrumb"},"inLanguage":"de","potentialAction":[{"@type":"ReadAction","target":["https:\/\/perlacarcosmetics.com\/shop\/wheels-cleaner\/"]}]},{"@type":"BreadcrumbList","@id":"https:\/\/perlacarcosmetics.com\/shop\/wheels-cleaner\/#breadcrumb","itemListElement":[{"@type":"ListItem","position":1,"name":"Home","item":"https:\/\/perlacarcosmetics.com\/"},{"@type":"ListItem","position":2,"name":"Shop","item":"https:\/\/perlacarcosmetics.com\/shop\/"},{"@type":"ListItem","position":3,"name":"Wheels Cleaner"}]},{"@type":"WebSite","@id":"https:\/\/perlacarcosmetics.com\/#website","url":"https:\/\/perlacarcosmetics.com\/","name":"PERLA Car Cosmetics","description":"Like Your Car, Like Your Life","publisher":{"@id":"https:\/\/perlacarcosmetics.com\/#organization"},"potentialAction":[{"@type":"SearchAction","target":{"@type":"EntryPoint","urlTemplate":"https:\/\/perlacarcosmetics.com\/?s={search_term_string}"},"query-input":"required name=search_term_string"}],"inLanguage":"de"},{"@type":"Organization","@id":"https:\/\/perlacarcosmetics.com\/#organization","name":"PERLA Car Cosmetics","url":"https:\/\/perlacarcosmetics.com\/","logo":{"@type":"ImageObject","inLanguage":"de","@id":"https:\/\/perlacarcosmetics.com\/#\/schema\/logo\/image\/","url":"https:\/\/perlacarcosmetics.com\/wp-content\/uploads\/2023\/07\/Perla-logo.jpg","contentUrl":"https:\/\/perlacarcosmetics.com\/wp-content\/uploads\/2023\/07\/Perla-logo.jpg","width":1500,"height":1500,"caption":"PERLA Car Cosmetics"},"image":{"@id":"https:\/\/perlacarcosmetics.com\/#\/schema\/logo\/image\/"},"sameAs":["https:\/\/www.facebook.com\/perla.car.cosmetics","https:\/\/www.tiktok.com\/@perla.car.cosmetics","https:\/\/www.instagram.com\/perla.car.cosmetics"]}]}},"_links":{"self":[{"href":"https:\/\/perlacarcosmetics.com\/de\/wp-json\/wp\/v2\/product\/7345","targetHints":{"allow":["GET"]}}],"collection":[{"href":"https:\/\/perlacarcosmetics.com\/de\/wp-json\/wp\/v2\/product"}],"about":[{"href":"https:\/\/perlacarcosmetics.com\/de\/wp-json\/wp\/v2\/types\/product"}],"wp:featuredmedia":[{"embeddable":true,"href":"https:\/\/perlacarcosmetics.com\/de\/wp-json\/wp\/v2\/media\/9774"}],"wp:attachment":[{"href":"https:\/\/perlacarcosmetics.com\/de\/wp-json\/wp\/v2\/media?parent=7345"}],"wp:term":[{"taxonomy":"product_brand","embeddable":true,"href":"https:\/\/perlacarcosmetics.com\/de\/wp-json\/wp\/v2\/product_brand?post=7345"},{"taxonomy":"product_cat","embeddable":true,"href":"https:\/\/perlacarcosmetics.com\/de\/wp-json\/wp\/v2\/product_cat?post=7345"},{"taxonomy":"product_tag","embeddable":true,"href":"https:\/\/perlacarcosmetics.com\/de\/wp-json\/wp\/v2\/product_tag?post=7345"}],"curies":[{"name":"wp","href":"https:\/\/api.w.org\/{rel}","templated":true}]}}