{"id":14201,"date":"2024-12-23T14:00:15","date_gmt":"2024-12-23T12:00:15","guid":{"rendered":"https:\/\/perlacarcosmetics.com\/shop\/perla-box\/"},"modified":"2025-08-06T12:32:02","modified_gmt":"2025-08-06T10:32:02","slug":"perla-box","status":"publish","type":"product","link":"https:\/\/perlacarcosmetics.com\/de\/shop\/perla-box\/","title":{"rendered":"Perla Box"},"content":{"rendered":"<p>Podarite va\u0161im najdra\u017ejim ali sebi nekaj posebnega za praznike!<\/p>\n<p>Predstavljamo vam <strong>darilni paket<\/strong> za nego avtomobila, popolno darilo za vse, ki obo\u017eujejo urejen in di\u0161e\u010d avto.<\/p>\n<p><img decoding=\"async\" class=\"size-medium wp-image-13928 alignnone\" src=\"https:\/\/perlacarcosmetics.com\/wp-content\/uploads\/2024\/12\/paket-closed-274x300.png\" alt=\"\" width=\"274\" height=\"300\" srcset=\"https:\/\/perlacarcosmetics.com\/wp-content\/uploads\/2024\/12\/paket-closed-274x300.png 274w, https:\/\/perlacarcosmetics.com\/wp-content\/uploads\/2024\/12\/paket-closed-11x12.png 11w, https:\/\/perlacarcosmetics.com\/wp-content\/uploads\/2024\/12\/paket-closed.png 500w\" sizes=\"(max-width: 274px) 100vw, 274px\" \/><\/p>\n<p>Paket vklju\u010duje:<br \/>\n\u2728 <strong>Miami Parfum<\/strong> \u2013 edinstven avto parfum z zapeljivim vonjem grozdja. V paketu prejmete tudi en di\u0161avni obesek, ki ga lahko napr\u0161ite z Miami Parfumom za dolgotrajno sve\u017eino.<\/p>\n<p>\u2728 <strong>Wheels Cleaner<\/strong> \u2013 u\u010dinkovito sredstvo za brezhibno \u010dista in sijo\u010da plati\u0161\u010da.<\/p>\n<p>\u2728 <strong>Tyres Shine<\/strong> \u2013 gel za nego pnevmatik, ki jim povrne globok sijaj in za\u0161\u010dito.<\/p>\n<p>\u2728 <strong>Plastic Cleaner<\/strong> \u2013 sredstvo za \u010di\u0161\u010denje notranjih plasti\u010dnih povr\u0161in avtomobila, ki jih naredi kot nove.<\/p>\n<p>\ud83c\udf81 <strong>Posebni dodatki<\/strong>\u2013 mehka krpa in aplikator za enostavno nana\u0161anje gela za pnevmatike.<\/p>\n<p>Ta ekskluzivni darilni komplet je zasnovan za popolno nego avtomobila, zato je idealno darilo za vsakega avtomobilskega navdu\u0161enca!<\/p>\n<p>\ud83c\udf1f Naro\u010dite zdaj in razveselite svoje bli\u017enje ali razvajajte sebe! \ud83c\udf1f<\/p>","protected":false},"excerpt":{"rendered":"<p>Popoln Bo\u017ei\u010dni darilni paket za avtomobilske navdu\u0161ence!<\/p>","protected":false},"featured_media":13919,"template":"","meta":{"iawp_total_views":1942},"product_brand":[],"product_cat":[72],"product_tag":[],"class_list":{"0":"post-14201","1":"product","2":"type-product","3":"status-publish","4":"has-post-thumbnail","6":"product_cat-paketi","8":"first","9":"outofstock","10":"taxable","11":"shipping-taxable","12":"purchasable","13":"product-type-simple"},"yoast_head":"<!-- This site is optimized with the Yoast SEO Premium plugin v20.5 (Yoast SEO v20.5) - https:\/\/yoast.com\/wordpress\/plugins\/seo\/ -->\n<title>Perla Box - PERLA Car Cosmetics<\/title>\n<meta name=\"robots\" content=\"index, follow, max-snippet:-1, max-image-preview:large, max-video-preview:-1\" \/>\n<link rel=\"canonical\" href=\"https:\/\/perlacarcosmetics.com\/de\/shop\/perla-box\/\" \/>\n<meta property=\"og:locale\" content=\"de_DE\" \/>\n<meta property=\"og:type\" content=\"article\" \/>\n<meta property=\"og:title\" content=\"Perla Box\" \/>\n<meta property=\"og:description\" content=\"Popoln Bo\u017ei\u010dni darilni paket za avtomobilske navdu\u0161ence!\" \/>\n<meta property=\"og:url\" content=\"https:\/\/perlacarcosmetics.com\/de\/shop\/perla-box\/\" \/>\n<meta property=\"og:site_name\" content=\"PERLA Car Cosmetics\" \/>\n<meta property=\"article:publisher\" content=\"https:\/\/www.facebook.com\/perla.car.cosmetics\" \/>\n<meta property=\"article:modified_time\" content=\"2025-08-06T10:32:02+00:00\" \/>\n<meta property=\"og:image\" content=\"https:\/\/perlacarcosmetics.com\/wp-content\/uploads\/2024\/12\/perla-bozicni-paket.jpg\" \/>\n\t<meta property=\"og:image:width\" content=\"1080\" \/>\n\t<meta property=\"og:image:height\" content=\"1080\" \/>\n\t<meta property=\"og:image:type\" content=\"image\/jpeg\" \/>\n<meta name=\"twitter:card\" content=\"summary_large_image\" \/>\n<meta name=\"twitter:label1\" content=\"Gesch\u00e4tzte Lesezeit\" \/>\n\t<meta name=\"twitter:data1\" content=\"1\u00a0Minute\" \/>\n<script type=\"application\/ld+json\" class=\"yoast-schema-graph\">{\"@context\":\"https:\/\/schema.org\",\"@graph\":[{\"@type\":\"WebPage\",\"@id\":\"https:\/\/perlacarcosmetics.com\/shop\/perla-box\/\",\"url\":\"https:\/\/perlacarcosmetics.com\/shop\/perla-box\/\",\"name\":\"Perla Box - PERLA Car Cosmetics\",\"isPartOf\":{\"@id\":\"https:\/\/perlacarcosmetics.com\/#website\"},\"datePublished\":\"2024-12-23T12:00:15+00:00\",\"dateModified\":\"2025-08-06T10:32:02+00:00\",\"breadcrumb\":{\"@id\":\"https:\/\/perlacarcosmetics.com\/shop\/perla-box\/#breadcrumb\"},\"inLanguage\":\"de\",\"potentialAction\":[{\"@type\":\"ReadAction\",\"target\":[\"https:\/\/perlacarcosmetics.com\/shop\/perla-box\/\"]}]},{\"@type\":\"BreadcrumbList\",\"@id\":\"https:\/\/perlacarcosmetics.com\/shop\/perla-box\/#breadcrumb\",\"itemListElement\":[{\"@type\":\"ListItem\",\"position\":1,\"name\":\"Home\",\"item\":\"https:\/\/perlacarcosmetics.com\/\"},{\"@type\":\"ListItem\",\"position\":2,\"name\":\"Shop\",\"item\":\"https:\/\/perlacarcosmetics.com\/shop\/\"},{\"@type\":\"ListItem\",\"position\":3,\"name\":\"Perla Box\"}]},{\"@type\":\"WebSite\",\"@id\":\"https:\/\/perlacarcosmetics.com\/#website\",\"url\":\"https:\/\/perlacarcosmetics.com\/\",\"name\":\"PERLA Car Cosmetics\",\"description\":\"Like Your Car, Like Your Life\",\"publisher\":{\"@id\":\"https:\/\/perlacarcosmetics.com\/#organization\"},\"potentialAction\":[{\"@type\":\"SearchAction\",\"target\":{\"@type\":\"EntryPoint\",\"urlTemplate\":\"https:\/\/perlacarcosmetics.com\/?s={search_term_string}\"},\"query-input\":\"required name=search_term_string\"}],\"inLanguage\":\"de\"},{\"@type\":\"Organization\",\"@id\":\"https:\/\/perlacarcosmetics.com\/#organization\",\"name\":\"PERLA Car Cosmetics\",\"url\":\"https:\/\/perlacarcosmetics.com\/\",\"logo\":{\"@type\":\"ImageObject\",\"inLanguage\":\"de\",\"@id\":\"https:\/\/perlacarcosmetics.com\/#\/schema\/logo\/image\/\",\"url\":\"https:\/\/perlacarcosmetics.com\/wp-content\/uploads\/2023\/07\/Perla-logo.jpg\",\"contentUrl\":\"https:\/\/perlacarcosmetics.com\/wp-content\/uploads\/2023\/07\/Perla-logo.jpg\",\"width\":1500,\"height\":1500,\"caption\":\"PERLA Car Cosmetics\"},\"image\":{\"@id\":\"https:\/\/perlacarcosmetics.com\/#\/schema\/logo\/image\/\"},\"sameAs\":[\"https:\/\/www.facebook.com\/perla.car.cosmetics\",\"https:\/\/www.tiktok.com\/@perla.car.cosmetics\",\"https:\/\/www.instagram.com\/perla.car.cosmetics\"]}]}<\/script>\n<!-- \/ Yoast SEO Premium plugin. -->","yoast_head_json":{"title":"Perla Box - PERLA Car Cosmetics","robots":{"index":"index","follow":"follow","max-snippet":"max-snippet:-1","max-image-preview":"max-image-preview:large","max-video-preview":"max-video-preview:-1"},"canonical":"https:\/\/perlacarcosmetics.com\/de\/shop\/perla-box\/","og_locale":"de_DE","og_type":"article","og_title":"Perla Box","og_description":"Popoln Bo\u017ei\u010dni darilni paket za avtomobilske navdu\u0161ence!","og_url":"https:\/\/perlacarcosmetics.com\/de\/shop\/perla-box\/","og_site_name":"PERLA Car Cosmetics","article_publisher":"https:\/\/www.facebook.com\/perla.car.cosmetics","article_modified_time":"2025-08-06T10:32:02+00:00","og_image":[{"width":1080,"height":1080,"url":"https:\/\/perlacarcosmetics.com\/wp-content\/uploads\/2024\/12\/perla-bozicni-paket.jpg","type":"image\/jpeg"}],"twitter_card":"summary_large_image","twitter_misc":{"Gesch\u00e4tzte Lesezeit":"1\u00a0Minute"},"schema":{"@context":"https:\/\/schema.org","@graph":[{"@type":"WebPage","@id":"https:\/\/perlacarcosmetics.com\/shop\/perla-box\/","url":"https:\/\/perlacarcosmetics.com\/shop\/perla-box\/","name":"Perla Box - PERLA Car Cosmetics","isPartOf":{"@id":"https:\/\/perlacarcosmetics.com\/#website"},"datePublished":"2024-12-23T12:00:15+00:00","dateModified":"2025-08-06T10:32:02+00:00","breadcrumb":{"@id":"https:\/\/perlacarcosmetics.com\/shop\/perla-box\/#breadcrumb"},"inLanguage":"de","potentialAction":[{"@type":"ReadAction","target":["https:\/\/perlacarcosmetics.com\/shop\/perla-box\/"]}]},{"@type":"BreadcrumbList","@id":"https:\/\/perlacarcosmetics.com\/shop\/perla-box\/#breadcrumb","itemListElement":[{"@type":"ListItem","position":1,"name":"Home","item":"https:\/\/perlacarcosmetics.com\/"},{"@type":"ListItem","position":2,"name":"Shop","item":"https:\/\/perlacarcosmetics.com\/shop\/"},{"@type":"ListItem","position":3,"name":"Perla Box"}]},{"@type":"WebSite","@id":"https:\/\/perlacarcosmetics.com\/#website","url":"https:\/\/perlacarcosmetics.com\/","name":"PERLA Car Cosmetics","description":"Like Your Car, Like Your Life","publisher":{"@id":"https:\/\/perlacarcosmetics.com\/#organization"},"potentialAction":[{"@type":"SearchAction","target":{"@type":"EntryPoint","urlTemplate":"https:\/\/perlacarcosmetics.com\/?s={search_term_string}"},"query-input":"required name=search_term_string"}],"inLanguage":"de"},{"@type":"Organization","@id":"https:\/\/perlacarcosmetics.com\/#organization","name":"PERLA Car Cosmetics","url":"https:\/\/perlacarcosmetics.com\/","logo":{"@type":"ImageObject","inLanguage":"de","@id":"https:\/\/perlacarcosmetics.com\/#\/schema\/logo\/image\/","url":"https:\/\/perlacarcosmetics.com\/wp-content\/uploads\/2023\/07\/Perla-logo.jpg","contentUrl":"https:\/\/perlacarcosmetics.com\/wp-content\/uploads\/2023\/07\/Perla-logo.jpg","width":1500,"height":1500,"caption":"PERLA Car Cosmetics"},"image":{"@id":"https:\/\/perlacarcosmetics.com\/#\/schema\/logo\/image\/"},"sameAs":["https:\/\/www.facebook.com\/perla.car.cosmetics","https:\/\/www.tiktok.com\/@perla.car.cosmetics","https:\/\/www.instagram.com\/perla.car.cosmetics"]}]}},"_links":{"self":[{"href":"https:\/\/perlacarcosmetics.com\/de\/wp-json\/wp\/v2\/product\/14201","targetHints":{"allow":["GET"]}}],"collection":[{"href":"https:\/\/perlacarcosmetics.com\/de\/wp-json\/wp\/v2\/product"}],"about":[{"href":"https:\/\/perlacarcosmetics.com\/de\/wp-json\/wp\/v2\/types\/product"}],"wp:featuredmedia":[{"embeddable":true,"href":"https:\/\/perlacarcosmetics.com\/de\/wp-json\/wp\/v2\/media\/13919"}],"wp:attachment":[{"href":"https:\/\/perlacarcosmetics.com\/de\/wp-json\/wp\/v2\/media?parent=14201"}],"wp:term":[{"taxonomy":"product_brand","embeddable":true,"href":"https:\/\/perlacarcosmetics.com\/de\/wp-json\/wp\/v2\/product_brand?post=14201"},{"taxonomy":"product_cat","embeddable":true,"href":"https:\/\/perlacarcosmetics.com\/de\/wp-json\/wp\/v2\/product_cat?post=14201"},{"taxonomy":"product_tag","embeddable":true,"href":"https:\/\/perlacarcosmetics.com\/de\/wp-json\/wp\/v2\/product_tag?post=14201"}],"curies":[{"name":"wp","href":"https:\/\/api.w.org\/{rel}","templated":true}]}}