{"id":7626,"date":"2023-04-10T14:29:06","date_gmt":"2023-04-10T14:29:06","guid":{"rendered":"https:\/\/perlacarcosmetics.com\/?page_id=7626"},"modified":"2023-07-11T09:20:26","modified_gmt":"2023-07-11T07:20:26","slug":"o-nas","status":"publish","type":"page","link":"https:\/\/perlacarcosmetics.com\/de\/o-nas\/","title":{"rendered":"\u00dcber uns"},"content":{"rendered":"<div data-elementor-type=\"wp-page\" data-elementor-id=\"7626\" class=\"elementor elementor-7626\">\n\t\t\t\t\t\t\t<div data-particles-style=\"{  &quot;particles&quot;: {    &quot;number&quot;: {      &quot;value&quot;: 80,      &quot;density&quot;: {        &quot;enable&quot;: true,        &quot;value_area&quot;: 800      }    },    &quot;color&quot;: {      &quot;value&quot;: &quot;#ffffff&quot;    },    &quot;shape&quot;: {      &quot;type&quot;: &quot;circle&quot;,      &quot;stroke&quot;: {        &quot;width&quot;: 0,        &quot;color&quot;: &quot;#000000&quot;      },      &quot;polygon&quot;: {        &quot;nb_sides&quot;: 5      },      &quot;image&quot;: {        &quot;src&quot;: &quot;img\/github.svg&quot;,        &quot;width&quot;: 100,        &quot;height&quot;: 100      }    },    &quot;opacity&quot;: {      &quot;value&quot;: 0.5,      &quot;random&quot;: false,      &quot;anim&quot;: {        &quot;enable&quot;: false,        &quot;speed&quot;: 1,        &quot;opacity_min&quot;: 0.1,        &quot;sync&quot;: false      }    },    &quot;size&quot;: {      &quot;value&quot;: 3,      &quot;random&quot;: true,      &quot;anim&quot;: {        &quot;enable&quot;: false,        &quot;speed&quot;: 40,        &quot;size_min&quot;: 0.1,        &quot;sync&quot;: false      }    },    &quot;line_linked&quot;: {      &quot;enable&quot;: true,      &quot;distance&quot;: 150,      &quot;color&quot;: &quot;#ffffff&quot;,      &quot;opacity&quot;: 0.4,      &quot;width&quot;: 1    },    &quot;move&quot;: {      &quot;enable&quot;: true,      &quot;speed&quot;: 2,      &quot;direction&quot;: &quot;none&quot;,      &quot;random&quot;: false,      &quot;straight&quot;: false,      &quot;out_mode&quot;: &quot;out&quot;,      &quot;bounce&quot;: false,      &quot;attract&quot;: {        &quot;enable&quot;: false,        &quot;rotateX&quot;: 600,        &quot;rotateY&quot;: 1200      }    }  },  &quot;interactivity&quot;: {    &quot;detect_on&quot;: &quot;canvas&quot;,    &quot;events&quot;: {      &quot;onhover&quot;: {        &quot;enable&quot;: false,        &quot;mode&quot;: &quot;repulse&quot;      },      &quot;onclick&quot;: {        &quot;enable&quot;: false,        &quot;mode&quot;: &quot;push&quot;      },      &quot;resize&quot;: true    },    &quot;modes&quot;: {      &quot;grab&quot;: {        &quot;distance&quot;: 400,        &quot;line_linked&quot;: {          &quot;opacity&quot;: 1        }      },      &quot;bubble&quot;: {        &quot;distance&quot;: 400,        &quot;size&quot;: 40,        &quot;duration&quot;: 2,        &quot;opacity&quot;: 8,        &quot;speed&quot;: 3      },      &quot;repulse&quot;: {        &quot;distance&quot;: 200,        &quot;duration&quot;: 0.4      },      &quot;push&quot;: {        &quot;particles_nb&quot;: 4      },      &quot;remove&quot;: {        &quot;particles_nb&quot;: 2      }    }  },  &quot;retina_detect&quot;: true}\" data-particles-zindex=\"0\" data-particles-devices=\"desktop tablet mobile\" class=\"elementor-element elementor-element-ab5d2ee premium-particles-yes e-con-boxed e-flex e-con\" data-id=\"ab5d2ee\" data-element_type=\"container\" data-settings=\"{&quot;background_background&quot;:&quot;classic&quot;,&quot;content_width&quot;:&quot;boxed&quot;}\">\n\t\t\t\t\t<div class=\"e-con-inner\">\n\t\t\t\t<div class=\"elementor-element elementor-element-4e8dbb5 elementor-widget elementor-widget-heading\" data-id=\"4e8dbb5\" data-element_type=\"widget\" data-widget_type=\"heading.default\">\n\t\t\t\t<div class=\"elementor-widget-container\">\n\t\t\t<style>\/*! elementor - v3.13.2 - 11-05-2023 *\/\n.elementor-heading-title{padding:0;margin:0;line-height:1}.elementor-widget-heading .elementor-heading-title[class*=elementor-size-]>a{color:inherit;font-size:inherit;line-height:inherit}.elementor-widget-heading .elementor-heading-title.elementor-size-small{font-size:15px}.elementor-widget-heading .elementor-heading-title.elementor-size-medium{font-size:19px}.elementor-widget-heading .elementor-heading-title.elementor-size-large{font-size:29px}.elementor-widget-heading .elementor-heading-title.elementor-size-xl{font-size:39px}.elementor-widget-heading .elementor-heading-title.elementor-size-xxl{font-size:59px}<\/style><h2 class=\"elementor-heading-title elementor-size-default\">\u00dcber uns<\/h2>\t\t<\/div>\n\t\t\t\t<\/div>\n\t\t\t\t\t<\/div>\n\t\t\t\t<\/div>\n\t\t\t\t<section class=\"elementor-section elementor-top-section elementor-element elementor-element-24a9cb8 elementor-section-height-min-height elementor-section-items-stretch elementor-section-content-middle elementor-section-stretched elementor-section-boxed elementor-section-height-default\" data-id=\"24a9cb8\" data-element_type=\"section\" data-settings=\"{&quot;stretch_section&quot;:&quot;section-stretched&quot;,&quot;background_background&quot;:&quot;classic&quot;}\">\n\t\t\t\t\t\t\t<div class=\"elementor-background-overlay\"><\/div>\n\t\t\t\t\t\t\t<div class=\"elementor-container elementor-column-gap-no\">\n\t\t\t\t\t<div class=\"elementor-column elementor-col-100 elementor-top-column elementor-element elementor-element-bc5a7c7\" data-id=\"bc5a7c7\" data-element_type=\"column\">\n\t\t\t<div class=\"elementor-widget-wrap elementor-element-populated\">\n\t\t\t\t\t\t\t\t<section class=\"elementor-section elementor-inner-section elementor-element elementor-element-74b5a7b elementor-section-boxed elementor-section-height-default elementor-section-height-default\" data-id=\"74b5a7b\" data-element_type=\"section\">\n\t\t\t\t\t\t<div class=\"elementor-container elementor-column-gap-default\">\n\t\t\t\t\t<div class=\"elementor-column elementor-col-50 elementor-inner-column elementor-element elementor-element-35b4669\" data-id=\"35b4669\" data-element_type=\"column\">\n\t\t\t<div class=\"elementor-widget-wrap elementor-element-populated\">\n\t\t\t\t\t\t\t\t<div class=\"elementor-element elementor-element-b3ea0cc elementor-widget elementor-widget-text-editor\" data-id=\"b3ea0cc\" data-element_type=\"widget\" data-widget_type=\"text-editor.default\">\n\t\t\t\t<div class=\"elementor-widget-container\">\n\t\t\t<style>\/*! elementor - v3.13.2 - 11-05-2023 *\/\n.elementor-widget-text-editor.elementor-drop-cap-view-stacked .elementor-drop-cap{background-color:#69727d;color:#fff}.elementor-widget-text-editor.elementor-drop-cap-view-framed .elementor-drop-cap{color:#69727d;border:3px solid;background-color:transparent}.elementor-widget-text-editor:not(.elementor-drop-cap-view-default) .elementor-drop-cap{margin-top:8px}.elementor-widget-text-editor:not(.elementor-drop-cap-view-default) .elementor-drop-cap-letter{width:1em;height:1em}.elementor-widget-text-editor .elementor-drop-cap{float:left;text-align:center;line-height:1;font-size:50px}.elementor-widget-text-editor .elementor-drop-cap-letter{display:inline-block}<\/style>\t\t\t\t<p class=\" translation-block\">Hallo!<br><br>Wir sind ein junges, positiv gesinntes Team aus Kranj, das aus engen Familienmitgliedern besteht. Unser Familienunternehmen verkauft seit vielen Jahren Gebrauchtwagen und hat auf diese Weise einen gro\u00dfen Erfahrungsschatz gesammelt, der uns dabei hilft, unseren Kunden qualitativ hochwertige Dienstleistungen anzubieten.<br><br>Weil wir erkannt haben, wie wichtig Autos sind Da es immer wie neu aussieht, haben wir uns entschieden, die besten Autokosmetikprodukte auf dem Markt zu verwenden. Unsere Leidenschaft f\u00fcr gute Autokosmetik brachte uns auf die Idee, eine eigene Linie von Autokosmetikprodukten zu entwickeln, die auch anderen Autoliebhabern zur Verf\u00fcgung stehen.<\/p>\t\t\t\t\t\t<\/div>\n\t\t\t\t<\/div>\n\t\t\t\t\t<\/div>\n\t\t<\/div>\n\t\t\t\t<div class=\"elementor-column elementor-col-50 elementor-inner-column elementor-element elementor-element-115709c\" data-id=\"115709c\" data-element_type=\"column\" data-settings=\"{&quot;background_background&quot;:&quot;classic&quot;}\">\n\t\t\t<div class=\"elementor-widget-wrap elementor-element-populated\">\n\t\t\t\t\t\t\t\t<div class=\"elementor-element elementor-element-a7256e8 elementor-widget elementor-widget-image\" data-id=\"a7256e8\" data-element_type=\"widget\" data-widget_type=\"image.default\">\n\t\t\t\t<div class=\"elementor-widget-container\">\n\t\t\t<style>\/*! elementor - v3.13.2 - 11-05-2023 *\/\n.elementor-widget-image{text-align:center}.elementor-widget-image a{display:inline-block}.elementor-widget-image a img[src$=\".svg\"]{width:48px}.elementor-widget-image img{vertical-align:middle;display:inline-block}<\/style>\t\t\t\t\t\t\t\t\t\t\t\t<img decoding=\"async\" src=\"https:\/\/scontent.flju1-1.fna.fbcdn.net\/v\/t1.6435-9\/122426534_2810878105797884_6509680949931967324_n.jpg?stp=dst-jpg_s1080x2048&amp;_nc_cat=106&amp;ccb=1-7&amp;_nc_sid=8bfeb9&amp;_nc_ohc=2-IaVe-p7yQAX9IHM55&amp;_nc_ht=scontent.flju1-1.fna&amp;oh=00_AfA6JHVsNdqJWFLe4HFiQSGamRPGKb1JhN6yDAwY_l_81w&amp;oe=645B8F15\" title=\"\" alt=\"\" loading=\"lazy\" \/>\t\t\t\t\t\t\t\t\t\t\t\t\t\t\t<\/div>\n\t\t\t\t<\/div>\n\t\t\t\t\t<\/div>\n\t\t<\/div>\n\t\t\t\t\t\t\t<\/div>\n\t\t<\/section>\n\t\t\t\t<div class=\"elementor-element elementor-element-0efdeb4 elementor-widget elementor-widget-text-editor\" data-id=\"0efdeb4\" data-element_type=\"widget\" data-widget_type=\"text-editor.default\">\n\t\t\t\t<div class=\"elementor-widget-container\">\n\t\t\t\t\t\t\t<p>Unser Sortiment an Autokosmetikprodukten wurde entwickelt, um die besten Ergebnisse f\u00fcr Ihr Fahrzeug zu erzielen. Die Produkte werden aus Zutaten h\u00f6chster Qualit\u00e4t hergestellt, um sicherzustellen, dass Ihr Auto wie neu aussieht. Unser Sortiment umfasst eine Vielzahl an Produkten wie Shampoos, Wachse, Innenreiniger, Felgenreiniger und mehr.<\/p>\n<p>Unsere Leidenschaft f\u00fcr Autos und Autokosmetik hat uns dazu bewogen, unsere Produkte mit anderen zu teilen. Wir m\u00f6chten, dass Sie Freude an Ihrem Auto haben und stolz auf sein Aussehen sind. Deshalb haben wir eine Produktlinie entwickelt, die Ihrem Fahrzeug seinen fr\u00fcheren Glanz zur\u00fcckgibt.<\/p>\n<p>F\u00fcr weitere Informationen zu unserem Sortiment an Autokosmetikprodukten kontaktieren Sie uns bitte.<\/p><p>Wir freuen uns auf Ihren Anruf oder Ihre Nachricht.<\/p>\t\t\t\t\t\t<\/div>\n\t\t\t\t<\/div>\n\t\t\t\t<div class=\"elementor-element elementor-element-3685ef4 elementor-align-center elementor-widget elementor-widget-button\" data-id=\"3685ef4\" data-element_type=\"widget\" data-widget_type=\"button.default\">\n\t\t\t\t<div class=\"elementor-widget-container\">\n\t\t\t\t\t<div class=\"elementor-button-wrapper\">\n\t\t\t<a href=\"mailto:info@perlacarcosmetics.com\" class=\"elementor-button-link elementor-button elementor-size-sm\" role=\"button\">\n\t\t\t\t\t\t<span class=\"elementor-button-content-wrapper\">\n\t\t\t\t\t\t\t<span class=\"elementor-button-icon elementor-align-icon-left\">\n\t\t\t\t<i aria-hidden=\"true\" class=\"icon icon-contact\"><\/i>\t\t\t<\/span>\n\t\t\t\t\t\t<span class=\"elementor-button-text\">Kontaktiere uns<\/span>\n\t\t<\/span>\n\t\t\t\t\t<\/a>\n\t\t<\/div>\n\t\t\t\t<\/div>\n\t\t\t\t<\/div>\n\t\t\t\t\t<\/div>\n\t\t<\/div>\n\t\t\t\t\t\t\t<\/div>\n\t\t<\/section>\n\t\t\t\t\t\t\t<\/div>","protected":false},"excerpt":{"rendered":"<p>O nas Zdravo! Smo mlada, pozitivno naravnana ekipa iz Kranja, katero sestavljajo o\u017eji dru\u017einski \u010dlani. Na\u0161e dru\u017einsko podjetje se \u017ee vrsto let ukvarja s prodajo rabljenih avtomobilov, na ta na\u010din smo si pridobili bogate izku\u0161nje, ki nam pomagajo zagotavljati visoko kakovostne storitve na\u0161im strankam. Ker smo se zavedali, kako pomembno je, da so avtomobili vedno [&hellip;]<\/p>","protected":false},"author":1,"featured_media":0,"parent":0,"menu_order":0,"comment_status":"closed","ping_status":"closed","template":"elementor_header_footer","meta":{"iawp_total_views":317,"footnotes":""},"class_list":["post-7626","page","type-page","status-publish","hentry"],"yoast_head":"<!-- This site is optimized with the Yoast SEO Premium plugin v20.5 (Yoast SEO v20.5) - https:\/\/yoast.com\/wordpress\/plugins\/seo\/ -->\n<title>O nas - PERLA Car Cosmetics<\/title>\n<meta name=\"robots\" content=\"index, follow, max-snippet:-1, max-image-preview:large, max-video-preview:-1\" \/>\n<link rel=\"canonical\" href=\"https:\/\/perlacarcosmetics.com\/de\/o-nas\/\" \/>\n<meta property=\"og:locale\" content=\"de_DE\" \/>\n<meta property=\"og:type\" content=\"article\" \/>\n<meta property=\"og:title\" content=\"O nas\" \/>\n<meta property=\"og:description\" content=\"O nas Zdravo! Smo mlada, pozitivno naravnana ekipa iz Kranja, katero sestavljajo o\u017eji dru\u017einski \u010dlani. Na\u0161e dru\u017einsko podjetje se \u017ee vrsto let ukvarja s prodajo rabljenih avtomobilov, na ta na\u010din smo si pridobili bogate izku\u0161nje, ki nam pomagajo zagotavljati visoko kakovostne storitve na\u0161im strankam. Ker smo se zavedali, kako pomembno je, da so avtomobili vedno [&hellip;]\" \/>\n<meta property=\"og:url\" content=\"https:\/\/perlacarcosmetics.com\/de\/o-nas\/\" \/>\n<meta property=\"og:site_name\" content=\"PERLA Car Cosmetics\" \/>\n<meta property=\"article:publisher\" content=\"https:\/\/www.facebook.com\/perla.car.cosmetics\" \/>\n<meta property=\"article:modified_time\" content=\"2023-07-11T07:20:26+00:00\" \/>\n<meta property=\"og:image\" content=\"https:\/\/scontent.flju1-1.fna.fbcdn.net\/v\/t1.6435-9\/122426534_2810878105797884_6509680949931967324_n.jpg?stp=dst-jpg_s1080x2048&amp;_nc_cat=106&amp;ccb=1-7&amp;_nc_sid=8bfeb9&amp;_nc_ohc=2-IaVe-p7yQAX9IHM55&amp;_nc_ht=scontent.flju1-1.fna&amp;oh=00_AfA6JHVsNdqJWFLe4HFiQSGamRPGKb1JhN6yDAwY_l_81w&amp;oe=645B8F15\" \/>\n<meta name=\"twitter:card\" content=\"summary_large_image\" \/>\n<meta name=\"twitter:label1\" content=\"Gesch\u00e4tzte Lesezeit\" \/>\n\t<meta name=\"twitter:data1\" content=\"2\u00a0Minuten\" \/>\n<script type=\"application\/ld+json\" class=\"yoast-schema-graph\">{\"@context\":\"https:\/\/schema.org\",\"@graph\":[{\"@type\":\"WebPage\",\"@id\":\"https:\/\/perlacarcosmetics.com\/o-nas\/\",\"url\":\"https:\/\/perlacarcosmetics.com\/o-nas\/\",\"name\":\"O nas - PERLA Car Cosmetics\",\"isPartOf\":{\"@id\":\"https:\/\/perlacarcosmetics.com\/#website\"},\"datePublished\":\"2023-04-10T14:29:06+00:00\",\"dateModified\":\"2023-07-11T07:20:26+00:00\",\"breadcrumb\":{\"@id\":\"https:\/\/perlacarcosmetics.com\/o-nas\/#breadcrumb\"},\"inLanguage\":\"de\",\"potentialAction\":[{\"@type\":\"ReadAction\",\"target\":[\"https:\/\/perlacarcosmetics.com\/o-nas\/\"]}]},{\"@type\":\"BreadcrumbList\",\"@id\":\"https:\/\/perlacarcosmetics.com\/o-nas\/#breadcrumb\",\"itemListElement\":[{\"@type\":\"ListItem\",\"position\":1,\"name\":\"Home\",\"item\":\"https:\/\/perlacarcosmetics.com\/\"},{\"@type\":\"ListItem\",\"position\":2,\"name\":\"O nas\"}]},{\"@type\":\"WebSite\",\"@id\":\"https:\/\/perlacarcosmetics.com\/#website\",\"url\":\"https:\/\/perlacarcosmetics.com\/\",\"name\":\"PERLA Car Cosmetics\",\"description\":\"Like Your Car, Like Your Life\",\"publisher\":{\"@id\":\"https:\/\/perlacarcosmetics.com\/#organization\"},\"potentialAction\":[{\"@type\":\"SearchAction\",\"target\":{\"@type\":\"EntryPoint\",\"urlTemplate\":\"https:\/\/perlacarcosmetics.com\/?s={search_term_string}\"},\"query-input\":\"required name=search_term_string\"}],\"inLanguage\":\"de\"},{\"@type\":\"Organization\",\"@id\":\"https:\/\/perlacarcosmetics.com\/#organization\",\"name\":\"PERLA Car Cosmetics\",\"url\":\"https:\/\/perlacarcosmetics.com\/\",\"logo\":{\"@type\":\"ImageObject\",\"inLanguage\":\"de\",\"@id\":\"https:\/\/perlacarcosmetics.com\/#\/schema\/logo\/image\/\",\"url\":\"https:\/\/perlacarcosmetics.com\/wp-content\/uploads\/2023\/07\/Perla-logo.jpg\",\"contentUrl\":\"https:\/\/perlacarcosmetics.com\/wp-content\/uploads\/2023\/07\/Perla-logo.jpg\",\"width\":1500,\"height\":1500,\"caption\":\"PERLA Car Cosmetics\"},\"image\":{\"@id\":\"https:\/\/perlacarcosmetics.com\/#\/schema\/logo\/image\/\"},\"sameAs\":[\"https:\/\/www.facebook.com\/perla.car.cosmetics\",\"https:\/\/www.tiktok.com\/@perla.car.cosmetics\",\"https:\/\/www.instagram.com\/perla.car.cosmetics\"]}]}<\/script>\n<!-- \/ Yoast SEO Premium plugin. -->","yoast_head_json":{"title":"O nas - PERLA Car Cosmetics","robots":{"index":"index","follow":"follow","max-snippet":"max-snippet:-1","max-image-preview":"max-image-preview:large","max-video-preview":"max-video-preview:-1"},"canonical":"https:\/\/perlacarcosmetics.com\/de\/o-nas\/","og_locale":"de_DE","og_type":"article","og_title":"O nas","og_description":"O nas Zdravo! Smo mlada, pozitivno naravnana ekipa iz Kranja, katero sestavljajo o\u017eji dru\u017einski \u010dlani. Na\u0161e dru\u017einsko podjetje se \u017ee vrsto let ukvarja s prodajo rabljenih avtomobilov, na ta na\u010din smo si pridobili bogate izku\u0161nje, ki nam pomagajo zagotavljati visoko kakovostne storitve na\u0161im strankam. Ker smo se zavedali, kako pomembno je, da so avtomobili vedno [&hellip;]","og_url":"https:\/\/perlacarcosmetics.com\/de\/o-nas\/","og_site_name":"PERLA Car Cosmetics","article_publisher":"https:\/\/www.facebook.com\/perla.car.cosmetics","article_modified_time":"2023-07-11T07:20:26+00:00","og_image":[{"url":"https:\/\/scontent.flju1-1.fna.fbcdn.net\/v\/t1.6435-9\/122426534_2810878105797884_6509680949931967324_n.jpg?stp=dst-jpg_s1080x2048&amp;_nc_cat=106&amp;ccb=1-7&amp;_nc_sid=8bfeb9&amp;_nc_ohc=2-IaVe-p7yQAX9IHM55&amp;_nc_ht=scontent.flju1-1.fna&amp;oh=00_AfA6JHVsNdqJWFLe4HFiQSGamRPGKb1JhN6yDAwY_l_81w&amp;oe=645B8F15"}],"twitter_card":"summary_large_image","twitter_misc":{"Gesch\u00e4tzte Lesezeit":"2\u00a0Minuten"},"schema":{"@context":"https:\/\/schema.org","@graph":[{"@type":"WebPage","@id":"https:\/\/perlacarcosmetics.com\/o-nas\/","url":"https:\/\/perlacarcosmetics.com\/o-nas\/","name":"O nas - PERLA Car Cosmetics","isPartOf":{"@id":"https:\/\/perlacarcosmetics.com\/#website"},"datePublished":"2023-04-10T14:29:06+00:00","dateModified":"2023-07-11T07:20:26+00:00","breadcrumb":{"@id":"https:\/\/perlacarcosmetics.com\/o-nas\/#breadcrumb"},"inLanguage":"de","potentialAction":[{"@type":"ReadAction","target":["https:\/\/perlacarcosmetics.com\/o-nas\/"]}]},{"@type":"BreadcrumbList","@id":"https:\/\/perlacarcosmetics.com\/o-nas\/#breadcrumb","itemListElement":[{"@type":"ListItem","position":1,"name":"Home","item":"https:\/\/perlacarcosmetics.com\/"},{"@type":"ListItem","position":2,"name":"O nas"}]},{"@type":"WebSite","@id":"https:\/\/perlacarcosmetics.com\/#website","url":"https:\/\/perlacarcosmetics.com\/","name":"PERLA Car Cosmetics","description":"Like Your Car, Like Your Life","publisher":{"@id":"https:\/\/perlacarcosmetics.com\/#organization"},"potentialAction":[{"@type":"SearchAction","target":{"@type":"EntryPoint","urlTemplate":"https:\/\/perlacarcosmetics.com\/?s={search_term_string}"},"query-input":"required name=search_term_string"}],"inLanguage":"de"},{"@type":"Organization","@id":"https:\/\/perlacarcosmetics.com\/#organization","name":"PERLA Car Cosmetics","url":"https:\/\/perlacarcosmetics.com\/","logo":{"@type":"ImageObject","inLanguage":"de","@id":"https:\/\/perlacarcosmetics.com\/#\/schema\/logo\/image\/","url":"https:\/\/perlacarcosmetics.com\/wp-content\/uploads\/2023\/07\/Perla-logo.jpg","contentUrl":"https:\/\/perlacarcosmetics.com\/wp-content\/uploads\/2023\/07\/Perla-logo.jpg","width":1500,"height":1500,"caption":"PERLA Car Cosmetics"},"image":{"@id":"https:\/\/perlacarcosmetics.com\/#\/schema\/logo\/image\/"},"sameAs":["https:\/\/www.facebook.com\/perla.car.cosmetics","https:\/\/www.tiktok.com\/@perla.car.cosmetics","https:\/\/www.instagram.com\/perla.car.cosmetics"]}]}},"_links":{"self":[{"href":"https:\/\/perlacarcosmetics.com\/de\/wp-json\/wp\/v2\/pages\/7626","targetHints":{"allow":["GET"]}}],"collection":[{"href":"https:\/\/perlacarcosmetics.com\/de\/wp-json\/wp\/v2\/pages"}],"about":[{"href":"https:\/\/perlacarcosmetics.com\/de\/wp-json\/wp\/v2\/types\/page"}],"author":[{"embeddable":true,"href":"https:\/\/perlacarcosmetics.com\/de\/wp-json\/wp\/v2\/users\/1"}],"replies":[{"embeddable":true,"href":"https:\/\/perlacarcosmetics.com\/de\/wp-json\/wp\/v2\/comments?post=7626"}],"version-history":[{"count":0,"href":"https:\/\/perlacarcosmetics.com\/de\/wp-json\/wp\/v2\/pages\/7626\/revisions"}],"wp:attachment":[{"href":"https:\/\/perlacarcosmetics.com\/de\/wp-json\/wp\/v2\/media?parent=7626"}],"curies":[{"name":"wp","href":"https:\/\/api.w.org\/{rel}","templated":true}]}}